{"id":372,"date":"2019-03-06T19:02:30","date_gmt":"2019-03-06T18:02:30","guid":{"rendered":"http:\/\/www.featherfinyarn.com\/?page_id=372"},"modified":"2025-07-23T08:58:52","modified_gmt":"2025-07-23T06:58:52","slug":"impressum","status":"publish","type":"page","link":"https:\/\/www.featherfinyarn.com\/de\/impressum\/","title":{"rendered":"Impressum"},"content":{"rendered":"<p>Webseitenbetreiber:<\/p>\n<p>Belinda Burghardt<br \/>\u00d6denburger Stra\u00dfe 50A<br \/>64295 Darmstadt<br \/>Deutschland<\/p>\n<p>Telefon: +49 6151 7865474 (Mo-Do: 8-12.30 Uhr)<br \/>E-Mail: featherfin@gmx.de<br \/>USt-ID: DE296572741<\/p>\n<p>Gem\u00e4\u00df \u00a7 19 UStG erheben wir keine deutsche Umsatzsteuer und weisen diese daher auch nicht auf unseren Rechnungen aus (Kleinunternehmerregelung).<\/p>\n\n\n\t<div id=\"popup-holiday-notice\"\n\t     class=\"lightbox-by-id lightbox-content mfp-hide lightbox-white\"\n\t     style=\"max-width: 0.64 device-width ;padding:20px\">\n\t\t\n\t<section class=\"section\" id=\"section_1998823079\">\n\t\t<div class=\"section-bg fill\" >\n\t\t\t\t\t\t\t\t\t\n\t\t\t\n\n\t\t<\/div>\n\n\t\t\n\n\t\t<div class=\"section-content relative\">\n\t\t\t\n\n\t<div id=\"gap-678074116\" class=\"gap-element clearfix\" style=\"display:block; height:auto;\">\n\t\t\n<style>\n#gap-678074116 {\n  padding-top: 40px;\n}\n<\/style>\n\t<\/div>\n\t\n\n<h2 class=\"uppercase\" style=\"text-align: center;\">\ud83c\udf38 Babypause ab Weihnachten \ud83c\udf38<\/h2>\n\n\t<div id=\"gap-1765938455\" class=\"gap-element clearfix hide-for-small\" style=\"display:block; height:auto;\">\n\t\t\n<style>\n#gap-1765938455 {\n  padding-top: 30px;\n}\n<\/style>\n\t<\/div>\n\t\n\n\t<div class=\"box has-hover   has-hover box-vertical box-text-bottom\" >\n\n\t\t<div class=\"box-image\" style=\"width:60%;\">\n\t\t\t\t\t\t<div class=\"image-cover\" style=\"padding-top:100%;\">\n\t\t\t\t<img loading=\"lazy\" decoding=\"async\" width=\"1080\" height=\"1350\" src=\"https:\/\/www.featherfinyarn.com\/wp-content\/uploads\/2022\/12\/portrait.jpg\" class=\"attachment- size-\" alt=\"\" srcset=\"https:\/\/www.featherfinyarn.com\/wp-content\/uploads\/2022\/12\/portrait.jpg 1080w, https:\/\/www.featherfinyarn.com\/wp-content\/uploads\/2022\/12\/portrait-240x300.jpg 240w, https:\/\/www.featherfinyarn.com\/wp-content\/uploads\/2022\/12\/portrait-819x1024.jpg 819w, https:\/\/www.featherfinyarn.com\/wp-content\/uploads\/2022\/12\/portrait-120x150.jpg 120w, https:\/\/www.featherfinyarn.com\/wp-content\/uploads\/2022\/12\/portrait-768x960.jpg 768w, https:\/\/www.featherfinyarn.com\/wp-content\/uploads\/2022\/12\/portrait-10x12.jpg 10w, https:\/\/www.featherfinyarn.com\/wp-content\/uploads\/2022\/12\/portrait-800x1000.jpg 800w\" sizes=\"auto, (max-width: 1080px) 100vw, 1080px\" \/>\t\t\t\t\t\t\t\t\t\t\t<\/div>\n\t\t\t\t\t<\/div>\n\n\t\t<div class=\"box-text text-center\" >\n\t\t\t<div class=\"box-text-inner\">\n\t\t\t\t\n\n<h4><span style=\"font-size: 115%;\">Featherfin Yarn geht <strong data-start=\"1229\" data-end=\"1259\">ab Weihnachten in Babypause<\/strong> \ud83d\udc9b<\/span><\/h4>\n<h4><br data-start=\"1262\" data-end=\"1265\" \/>Vorbestellungen sind <strong data-start=\"1284\" data-end=\"1304\">nur noch bis 8. Dezember<\/strong> m\u00f6glich. Danach wird es zu knapp f\u00fcr den Versand vor den Feiertagen.<\/h4>\n<h4><br data-start=\"1368\" data-end=\"1371\" \/>Versandfertige Garne bleiben bestellbar bis <strong data-start=\"1412\" data-end=\"1427\">21. Dezember<\/strong>.<\/h4>\n<h4><br data-start=\"1428\" data-end=\"1431\" \/>Der Shop \u00f6ffnet im <strong data-start=\"1455\" data-end=\"1475\">sp\u00e4ten Fr\u00fchling 2026<\/strong> wieder f\u00fcr Lagerbestellungen; F\u00e4rben-auf-Bestellung folgt wahrscheinlich erst sehr viel sp\u00e4ter, sobald sich unser neuer Alltag eingespielt hat.<\/h4>\n<h4><br data-start=\"1560\" data-end=\"1563\" \/>Wenn du also noch Wolle brauchst, <strong data-start=\"1590\" data-end=\"1617\">plane am besten jetzt deine Bestellung<\/strong> \ud83c\udf3f<\/h4>\n\t<div id=\"gap-963511914\" class=\"gap-element clearfix hide-for-small\" style=\"display:block; height:auto;\">\n\t\t\n<style>\n#gap-963511914 {\n  padding-top: 30px;\n}\n<\/style>\n\t<\/div>\n\t\n\n<a data-animate=\"fadeInUp\" href=\"\/de\/shop\/\" class=\"button primary is-bevel\" style=\"padding:8px 24px 8px 24px;\">\n\t\t<span>Jetzt shoppen<\/span>\n\t<\/a>\n\n\n\n\t\t\t<\/div>\n\t\t<\/div>\n\t<\/div>\n\t\n\n\t\t<\/div>\n\n\t\t\n<style>\n#section_1998823079 {\n  padding-top: 0px;\n  padding-bottom: 0px;\n  background-color: #ece9e4;\n}\n<\/style>\n\t<\/section>\n\t\t<\/div>\n\t\t\t<script>\n\t\t\t\/\/ Auto open lightboxes\n\t\t\tjQuery(document).ready(function ($) {\n\t\t\t\t\/* global flatsomeVars *\/\n\t\t\t\t'use strict'\n\t\t\t\tvar cookieId = 'lightbox_popup-holiday-notice'\n\t\t\t\tvar cookieValue = 'opened_1'\n\t\t\t\tvar timer = parseInt('3000', 10)\n\n\t\t\t\t\/\/ Auto open lightbox\n\t\t\t\t\t\t\t\tFlatsome.Cookies.set(cookieId, false)\n\t\t\t\t\n\t\t\t\t\/\/ Run lightbox if no cookie is set\n\t\t\t\tif (Flatsome.Cookies.get(cookieId) !== cookieValue) {\n\n\t\t\t\t\t\/\/ Ensure closing off canvas\n\t\t\t\t\tsetTimeout(function () {\n\t\t\t\t\t\tif (jQuery.fn.magnificPopup) jQuery.magnificPopup.close()\n\t\t\t\t\t}, timer - 350)\n\n\t\t\t\t\t\/\/ Open lightbox\n\t\t\t\t\tsetTimeout(function () {\n\t\t\t\t\t\t$.loadMagnificPopup().then(function() {\n\t\t\t\t\t\t\t$.magnificPopup.open({\n\t\t\t\t\t\t\t\tmidClick: true,\n\t\t\t\t\t\t\t\tremovalDelay: 300,\n\t\t\t\t\t\t\t\t\/\/ closeBtnInside: flatsomeVars.lightbox.close_btn_inside,\n\t\t\t\t\t\t\t\t\/\/ closeMarkup: flatsomeVars.lightbox.close_markup,\n\t\t\t\t\t\t\t\titems: {\n\t\t\t\t\t\t\t\t\tsrc: '#popup-holiday-notice',\n\t\t\t\t\t\t\t\t\ttype: 'inline'\n\t\t\t\t\t\t\t\t}\n\t\t\t\t\t\t\t})\n\t\t\t\t\t\t})\n\t\t\t\t\t}, timer)\n\n\t\t\t\t\tFlatsome.Cookies.set(cookieId, cookieValue, { expires: 365 })\n\t\t\t\t}\n\t\t\t})\n\t\t<\/script>","protected":false},"excerpt":{"rendered":"","protected":false},"author":1,"featured_media":0,"parent":0,"menu_order":0,"comment_status":"closed","ping_status":"closed","template":"page-blank-title-center.php","meta":{"footnotes":""},"class_list":["post-372","page","type-page","status-publish","hentry"],"jetpack_sharing_enabled":true,"_links":{"self":[{"href":"https:\/\/www.featherfinyarn.com\/de\/wp-json\/wp\/v2\/pages\/372","targetHints":{"allow":["GET"]}}],"collection":[{"href":"https:\/\/www.featherfinyarn.com\/de\/wp-json\/wp\/v2\/pages"}],"about":[{"href":"https:\/\/www.featherfinyarn.com\/de\/wp-json\/wp\/v2\/types\/page"}],"author":[{"embeddable":true,"href":"https:\/\/www.featherfinyarn.com\/de\/wp-json\/wp\/v2\/users\/1"}],"replies":[{"embeddable":true,"href":"https:\/\/www.featherfinyarn.com\/de\/wp-json\/wp\/v2\/comments?post=372"}],"version-history":[{"count":40,"href":"https:\/\/www.featherfinyarn.com\/de\/wp-json\/wp\/v2\/pages\/372\/revisions"}],"predecessor-version":[{"id":12403,"href":"https:\/\/www.featherfinyarn.com\/de\/wp-json\/wp\/v2\/pages\/372\/revisions\/12403"}],"wp:attachment":[{"href":"https:\/\/www.featherfinyarn.com\/de\/wp-json\/wp\/v2\/media?parent=372"}],"curies":[{"name":"wp","href":"https:\/\/api.w.org\/{rel}","templated":true}]}}