{"id":373,"date":"2019-03-06T19:02:30","date_gmt":"2019-03-06T18:02:30","guid":{"rendered":"http:\/\/www.featherfinyarn.com\/?page_id=373"},"modified":"2025-02-27T09:07:45","modified_gmt":"2025-02-27T08:07:45","slug":"terms-conditions","status":"publish","type":"page","link":"https:\/\/www.featherfinyarn.com\/de\/terms-conditions\/","title":{"rendered":"AGB"},"content":{"rendered":"<h3>Allgemeine Gesch\u00e4ftsbedingungen und Kundeninformationen<\/h3>\n<h4>I. Allgemeine Gesch\u00e4ftsbedingungen<\/h4>\n<h4>\u00a7 1 Grundlegende Bestimmungen<\/h4>\n<p>(1) Die nachstehenden Gesch\u00e4ftsbedingungen gelten f\u00fcr Vertr\u00e4ge, die Sie mit uns als Anbieter (Belinda Burghardt) \u00fcber die Internetseite\nwww.featherfinyarn.com schlie\u00dfen. Soweit nicht anders vereinbart, wird der Einbeziehung gegebenenfalls von Ihnen verwendeter eigener\nBedingungen widersprochen.<\/p>\n<p>(2) Verbraucher im Sinne der nachstehenden Regelungen ist jede nat\u00fcrliche Person, die ein Rechtsgesch\u00e4ft zu Zwecken abschlie\u00dft, die\n\u00fcberwiegend weder ihrer gewerblichen noch ihrer selbst\u00e4ndigen beruflichen T\u00e4tigkeit zugerechnet werden kann. Unternehmer ist jede\nnat\u00fcrliche oder juristische Person oder eine rechtsf\u00e4hige Personengesellschaft, die bei Abschluss eines Rechtsgesch\u00e4fts in Aus\u00fcbung ihrer\nselbst\u00e4ndigen beruflichen oder gewerblichen T\u00e4tigkeit handelt.<\/p>\n<h4>\u00a7 2 Zustandekommen des Vertrages<\/h4>\n<p>(1) Gegenstand des Vertrages ist der Verkauf von Waren.<\/p>\n<p>(2) Bereits mit dem Einstellen des jeweiligen Produkts auf unserer Internetseite unterbreiten wir Ihnen ein verbindliches Angebot zum\nAbschluss eines Vertrages \u00fcber das Online-Warenkorbsystem zu den in der Artikelbeschreibung angegebenen Bedingungen.<\/p>\n<p>(3) Der Vertrag kommt \u00fcber das Online-Warenkorbsystem wie folgt zustande:<br \/>Die zum Kauf beabsichtigten Waren werden im \"Warenkorb\" abgelegt. \u00dcber die entsprechende Schaltfl\u00e4che in der Navigationsleiste\nk\u00f6nnen Sie den \"Warenkorb\" aufrufen und dort jederzeit \u00c4nderungen vornehmen.<br \/>Nach Anklicken der Schaltfl\u00e4che \"Kasse\" oder \"Weiter zur Bestellung\" (oder \u00e4hnliche Bezeichnung) und der Eingabe der pers\u00f6nlichen\nDaten sowie der Zahlungs- und Versandbedingungen werden Ihnen abschlie\u00dfend die Bestelldaten als Bestell\u00fcbersicht angezeigt.<br \/>Soweit Sie als Zahlungsart ein Sofortzahl-System (z.B. PayPal (Express\/Plus\/Checkout), Amazon Pay, Sofort, giropay) nutzen, werden Sie\nentweder auf die Bestell\u00fcbersichtsseite in unserem Online-Shop gef\u00fchrt oder auf die Internetseite des Anbieters des Sofortzahl-Systems\nweitergeleitet.<br \/>Erfolgt eine Weiterleitung zu dem jeweiligen Sofortzahl-System, nehmen Sie dort die entsprechende Auswahl bzw. Eingabe Ihrer Daten vor.\nAbschlie\u00dfend werden Ihnen auf der Internetseite des Anbieters des Sofortzahl-Systems oder nachdem Sie zur\u00fcck in unseren Online-Shop\ngeleitet wurden, die Bestelldaten als Bestell\u00fcbersicht angezeigt.<br \/>Vor Absenden der Bestellung haben Sie die M\u00f6glichkeit, die Angaben in der Bestell\u00fcbersicht nochmals zu \u00fcberpr\u00fcfen, zu \u00e4ndern (auch\n\u00fcber die Funktion \"zur\u00fcck\" des Internetbrowsers) bzw. die Bestellung abzubrechen.<br \/>Mit dem Absenden der Bestellung \u00fcber die entsprechende Schaltfl\u00e4che (\"zahlungspflichtig bestellen\", \"kaufen\" \/ \"jetzt kaufen\",\n\"kostenpflichtig bestellen\", \"bezahlen\" \/ \"jetzt bezahlen\" oder \u00e4hnliche Bezeichnung) erkl\u00e4ren Sie rechtsverbindlich die Annahme des\nAngebotes, wodurch der Vertrag zustande kommt.<\/p>\n<p>(4) Ihre Anfragen zur Erstellung eines Angebotes sind f\u00fcr Sie unverbindlich. Wir unterbreiten Ihnen hierzu ein verbindliches Angebot in\nTextform (z.B. per E-Mail), welches Sie innerhalb von 5 Tagen (soweit im jeweiligen Angebot keine andere Frist ausgewiesen ist) annehmen\nk\u00f6nnen.<\/p>\n<p>(5) Die Abwicklung der Bestellung und \u00dcbermittlung aller im Zusammenhang mit dem Vertragsschluss erforderlichen Informationen erfolgt\nper E-Mail zum Teil automatisiert. Sie haben deshalb sicherzustellen, dass die von Ihnen bei uns hinterlegte E-Mail-Adresse zutreffend ist,\nder Empfang der E-Mails technisch sichergestellt und insbesondere nicht durch SPAM-Filter verhindert wird.<\/p>\n<h4>\u00a7 3 Individuell gestaltete Waren<\/h4>\n<p>(1) Sie stellen uns die f\u00fcr die individuelle Gestaltung der Waren erforderlichen geeigneten Informationen, Texte oder Dateien \u00fcber das\nOnline-Bestellsystem oder per E-Mail sp\u00e4testens unverz\u00fcglich nach Vertragsschluss zur Verf\u00fcgung. Unsere etwaigen Vorgaben zu\nDateiformaten sind zu beachten.<\/p>\n<p>(2) Sie verpflichten sich, keine Daten zu \u00fcbermitteln, deren Inhalt Rechte Dritter (insbesondere Urheberrechte, Namensrechte,\nMarkenrechte) verletzen oder gegen bestehende Gesetze versto\u00dfen. Sie stellen uns ausdr\u00fccklich von s\u00e4mtlichen in diesem\nZusammenhang geltend gemachten Anspr\u00fcchen Dritter frei. Das betrifft auch die Kosten der in diesem Zusammenhang erforderlichen\nrechtlichen Vertretung.<\/p>\n<p>(3) Wir nehmen keine Pr\u00fcfung der \u00fcbermittelten Daten auf inhaltliche Richtigkeit vor und \u00fcbernehmen insoweit keine Haftung f\u00fcr Fehler.<\/p>\n<h4><span class=\"Haendlerbund_Rechtstext_Paragraph\">\u00a7 4<\/span>\u00a0<span class=\"Haendlerbund_Rechtstext_Paragraph\">Besondere Vereinbarungen zu angebotenen Zahlungsarten<\/span><\/h4>\n<p><strong><span class=\"Haendlerbund_Rechtstext_Absatz\">(1)<\/span>\u00a0<\/strong><span class=\"Haendlerbund_Rechtstext_Absatz\"><strong>Zahlung \u00fcber \"PayPal\" \/ \"PayPal Checkout\"<\/strong><br \/>Bei Auswahl einer Zahlungsart, die \u00fcber \"PayPal\" \/ \"PayPal Checkout\" angeboten wird, erfolgt die Zahlungsabwicklung \u00fcber den\nZahlungsdienstleister PayPal (Europe) S.\u00e0.r.l. et Cie, S.C.A. (22-24 Boulevard Royal L-2449, Luxemburg; \"PayPal\"). Die einzelnen\nZahlungsarten \u00fcber \"PayPal\" werden Ihnen unter einer entsprechend bezeichneten Schaltfl\u00e4che auf unserer Internetpr\u00e4senz sowie im\nOnline-Bestellvorgang angezeigt. F\u00fcr die Zahlungsabwicklung kann sich \"PayPal\" weiterer Zahlungsdienste bedienen; soweit hierf\u00fcr\nbesondere Zahlungsbedingungen gelten, werden Sie auf diese gesondert hingewiesen. N\u00e4here Informationen zu \"PayPal\" finden Sie\nunter\u00a0<a href=\"https:\/\/www.paypal.com\/de\/webapps\/mpp\/ua\/legalhub-full\" target=\"_blank\" rel=\"noopener\">https:\/\/www.paypal.com\/de\/webapps\/mpp\/ua\/legalhub-full<\/a>.<\/span><\/p>\n<h4><span class=\"Haendlerbund_Rechtstext_Paragraph\">\u00a7 5<\/span>\u00a0<span class=\"Haendlerbund_Rechtstext_Paragraph\">Zur\u00fcckbehaltungsrecht, Eigentumsvorbehalt<\/span><\/h4>\n<p><span class=\"Haendlerbund_Rechtstext_Absatz\">(1)<\/span>\u00a0<span class=\"Haendlerbund_Rechtstext_Absatz\">Ein Zur\u00fcckbehaltungsrecht k\u00f6nnen Sie nur aus\u00fcben, soweit es sich um Forderungen aus demselben Vertragsverh\u00e4ltnis handelt.<\/span><\/p>\n<p><span class=\"Haendlerbund_Rechtstext_Absatz\">(2)<\/span>\u00a0<span class=\"Haendlerbund_Rechtstext_Absatz\">Die Ware bleibt bis zur vollst\u00e4ndigen Zahlung des Kaufpreises unser Eigentum.<\/span><\/p>\n<h4><span class=\"Haendlerbund_Rechtstext_Paragraph\">\u00a7 6<\/span>\u00a0<span class=\"Haendlerbund_Rechtstext_Paragraph\">Gew\u00e4hrleistung<\/span><\/h4>\n<p><span class=\"Haendlerbund_Rechtstext_Absatz\">(1)<\/span>\u00a0<span class=\"Haendlerbund_Rechtstext_Absatz\">Es bestehen die gesetzlichen M\u00e4ngelhaftungsrechte.<\/span><\/p>\n<p><span class=\"Haendlerbund_Rechtstext_Absatz\">(2)<\/span>\u00a0<span class=\"Haendlerbund_Rechtstext_Absatz\">Als Verbraucher werden Sie gebeten, die Ware bei Lieferung umgehend auf Vollst\u00e4ndigkeit, offensichtliche M\u00e4ngel und\nTransportsch\u00e4den zu \u00fcberpr\u00fcfen und uns sowie dem Spediteur Beanstandungen schnellstm\u00f6glich mitzuteilen. Kommen Sie dem nicht nach,\nhat dies keine Auswirkung auf Ihre gesetzlichen Gew\u00e4hrleistungsanspr\u00fcche.<\/span><\/p>\n<p><span class=\"Haendlerbund_Rechtstext_Absatz\">(3)<\/span>\u00a0<span class=\"Haendlerbund_Rechtstext_Absatz\">Soweit ein Merkmal der Ware von den objektiven Anforderungen abweicht, gilt die Abweichung nur dann als vereinbart, wenn Sie vor\nAbgabe der Vertragserkl\u00e4rung durch uns \u00fcber selbige in Kenntnis gesetzt wurden und die Abweichung ausdr\u00fccklich und gesondert\nzwischen den Vertragsparteien vereinbart wurde.<\/span><\/p>\n<h4><span class=\"Haendlerbund_Rechtstext_Paragraph\">\u00a7 7<\/span>\u00a0<span class=\"Haendlerbund_Rechtstext_Paragraph\">Rechtswahl<\/span><\/h4>\n<p><span class=\"Haendlerbund_Rechtstext_Absatz\">(1)<\/span>\u00a0<span class=\"Haendlerbund_Rechtstext_Absatz\">Es gilt deutsches Recht. Bei Verbrauchern gilt diese Rechtswahl nur, soweit hierdurch der durch zwingende Bestimmungen des Rechts\ndes Staates des gew\u00f6hnlichen Aufenthaltes des Verbrauchers gew\u00e4hrte Schutz nicht entzogen wird (G\u00fcnstigkeitsprinzip).<\/span><\/p>\n<p><span class=\"Haendlerbund_Rechtstext_Absatz\">(2)<\/span>\u00a0<span class=\"Haendlerbund_Rechtstext_Absatz\">Die Bestimmungen des UN-Kaufrechts finden ausdr\u00fccklich keine Anwendung.<\/span><\/p>\n<h4>II. Kundeninformationen<\/h4>\n<h4>1. Identit\u00e4t des Verk\u00e4ufers<\/h4>\n<p>Belinda Burghardt<br \/>\u00d6denburger Stra\u00dfe 50 A<br \/>64295 Darmstadt<br \/>Deutschland<br \/>Telefon: +49 6151 7865474 (Mo-Do: 8-12.30 Uhr)<br \/>E-Mail: featherfin@gmx.de<\/p>\n<p><strong>Alternative Streitbeilegung:<\/strong><br \/>Die Europ\u00e4ische Kommission stellt eine Plattform f\u00fcr die au\u00dfergerichtliche Beilegung von Streitigkeiten (OS-Plattform) zur Verf\u00fcgung: <a href=\"https:\/\/ec.europa.eu\/odr\" target=\"_blank\" rel=\"noopener\">https:\/\/ec.europa.eu\/odr<\/a>.<\/p>\n<h4>2. Informationen zum Zustandekommen des Vertrages<\/h4>\n<p>Die technischen Schritte zum Vertragsschluss, der Vertragsschluss selbst und die Korrekturm\u00f6glichkeiten erfolgen nach Ma\u00dfgabe der\nRegelungen \"Zustandekommen des Vertrages\" unserer Allgemeinen Gesch\u00e4ftsbedingungen (Teil I.).<\/p>\n<h4>3. Vertragssprache, Vertragstextspeicherung<\/h4>\n<p>3.1. Vertragssprache ist deutsch .<\/p>\n<p>3.2. Der vollst\u00e4ndige Vertragstext wird von uns nicht gespeichert. Vor Absenden der Bestellung \u00fcber das Online - Warenkorbsystem\nk\u00f6nnen die Vertragsdaten \u00fcber die Druckfunktion des Browsers ausgedruckt oder elektronisch gesichert werden. Nach Zugang der\nBestellung bei uns werden die Bestelldaten, die gesetzlich vorgeschriebenen Informationen bei Fernabsatzvertr\u00e4gen und die Allgemeinen\nGesch\u00e4ftsbedingungen nochmals per E-Mail an Sie \u00fcbersandt.<\/p>\n<p>3.3. Bei Angebotsanfragen au\u00dferhalb des Online-Warenkorbsystems erhalten Sie alle Vertragsdaten im Rahmen eines verbindlichen\nAngebotes in Textform \u00fcbersandt, z.B. per E-Mail, welche Sie ausdrucken oder elektronisch sichern k\u00f6nnen.<\/p>\n<h4>4. Wesentliche Merkmale der Ware oder Dienstleistung<\/h4>\n<p>Die wesentlichen Merkmale der Ware und\/oder Dienstleistung finden sich im jeweiligen Angebot.<\/p>\n<h4>5. Preise und Zahlungsmodalit\u00e4ten<\/h4>\n<p>5.1. Die in den jeweiligen Angeboten angef\u00fchrten Preise sowie die Versandkosten stellen Gesamtpreise dar. Sie beinhalten alle\nPreisbestandteile einschlie\u00dflich aller anfallenden Steuern.<\/p>\n<p>5.2. Die anfallenden Versandkosten sind nicht im Kaufpreis enthalten. Sie sind \u00fcber eine entsprechend bezeichnete Schaltfl\u00e4che auf\nunserer Internetpr\u00e4senz oder im jeweiligen Angebot aufrufbar, werden im Laufe des Bestellvorganges gesondert ausgewiesen und sind von\nIhnen zus\u00e4tzlich zu tragen, soweit nicht die versandkostenfreie Lieferung zugesagt ist.<\/p>\n<p>5.3. Erfolgt die Lieferung in L\u00e4nder au\u00dferhalb der Europ\u00e4ischen Union k\u00f6nnen von uns nicht zu vertretende weitere Kosten anfallen, wie\nz.B. Z\u00f6lle, Steuern oder Geld\u00fcbermittlungsgeb\u00fchren (\u00dcberweisungs- oder Wechselkursgeb\u00fchren der Kreditinstitute), die von Ihnen zu\ntragen sind.<\/p>\n<p>5.4. Entstandene Kosten der Geld\u00fcbermittlung (\u00dcberweisungs- oder Wechselkursgeb\u00fchren der Kreditinstitute) sind von Ihnen in den F\u00e4llen\nzu tragen, in denen die Lieferung in einen EU-Mitgliedsstaat erfolgt, die Zahlung aber au\u00dferhalb der Europ\u00e4ischen Union veranlasst wurde.<\/p>\n<p>5.5. Die Ihnen zur Verf\u00fcgung stehenden Zahlungsarten sind unter einer entsprechend bezeichneten Schaltfl\u00e4che auf unserer\nInternetpr\u00e4senz oder im jeweiligen Angebot ausgewiesen.<\/p>\n<p>5.6. Soweit bei den einzelnen Zahlungsarten nicht anders angegeben, sind die Zahlungsanspr\u00fcche aus dem geschlossenen Vertrag sofort\nzur Zahlung f\u00e4llig.<\/p>\n<h4>6. Lieferbedingungen<\/h4>\n<p>6.1. Die Lieferbedingungen, der Liefertermin sowie gegebenenfalls bestehende Lieferbeschr\u00e4nkungen finden sich unter einer<\/p>\n<p>6.2. Soweit Sie Verbraucher sind ist gesetzlich geregelt, dass die Gefahr des zuf\u00e4lligen Untergangs und der zuf\u00e4lligen Verschlechterung der\nverkauften Sache w\u00e4hrend der Versendung erst mit der \u00dcbergabe der Ware an Sie \u00fcbergeht, unabh\u00e4ngig davon, ob die Versendung\nversichert oder unversichert erfolgt. Dies gilt nicht, wenn Sie eigenst\u00e4ndig ein nicht vom Unternehmer benanntes Transportunternehmen\noder eine sonst zur Ausf\u00fchrung der Versendung bestimmte Person beauftragt haben.<\/p>\n<h4>7. Gesetzliches M\u00e4ngelhaftungsrecht<\/h4>\n<p>Die M\u00e4ngelhaftung richtet sich nach der Regelung \"Gew\u00e4hrleistung\" in unseren Allgemeinen Gesch\u00e4ftsbedingungen (Teil I).<\/p>\n<p>Diese AGB und Kundeninformationen wurden von den auf IT-Recht spezialisierten Juristen des H\u00e4ndlerbundes erstellt und werden\npermanent auf Rechtskonformit\u00e4t gepr\u00fcft. Die H\u00e4ndlerbund Management AG garantiert f\u00fcr die Rechtssicherheit der Texte und haftet im\nFalle von Abmahnungen. N\u00e4here Informationen dazu finden Sie unter: <a href=\"https:\/\/www.haendlerbund.de\/de\/leistungen\/rechtssicherheit\/agb-service\" target=\"_blank\" rel=\"noopener\">https:\/\/www.haendlerbund.de\/de\/leistungen\/rechtssicherheit\/agb-service<\/a>.<\/p>\n<p>letzte Aktualisierung: 28.06.2024<\/p>\n\n\n\t<div id=\"popup-holiday-notice\"\n\t     class=\"lightbox-by-id lightbox-content mfp-hide lightbox-white\"\n\t     style=\"max-width: 0.64 device-width ;padding:20px\">\n\t\t\n\t<section class=\"section\" id=\"section_2048795509\">\n\t\t<div class=\"section-bg fill\" >\n\t\t\t\t\t\t\t\t\t\n\t\t\t\n\n\t\t<\/div>\n\n\t\t\n\n\t\t<div class=\"section-content relative\">\n\t\t\t\n\n\t<div id=\"gap-1419760848\" class=\"gap-element clearfix\" style=\"display:block; height:auto;\">\n\t\t\n<style>\n#gap-1419760848 {\n  padding-top: 40px;\n}\n<\/style>\n\t<\/div>\n\t\n\n<h2 class=\"uppercase\" style=\"text-align: center;\">\ud83c\udf38 Babypause ab Weihnachten \ud83c\udf38<\/h2>\n\n\t<div id=\"gap-465449017\" class=\"gap-element clearfix hide-for-small\" style=\"display:block; height:auto;\">\n\t\t\n<style>\n#gap-465449017 {\n  padding-top: 30px;\n}\n<\/style>\n\t<\/div>\n\t\n\n\t<div class=\"box has-hover   has-hover box-vertical box-text-bottom\" >\n\n\t\t<div class=\"box-image\" style=\"width:60%;\">\n\t\t\t\t\t\t<div class=\"image-cover\" style=\"padding-top:100%;\">\n\t\t\t\t<img loading=\"lazy\" decoding=\"async\" width=\"1080\" height=\"1350\" src=\"https:\/\/www.featherfinyarn.com\/wp-content\/uploads\/2022\/12\/portrait.jpg\" class=\"attachment- size-\" alt=\"\" srcset=\"https:\/\/www.featherfinyarn.com\/wp-content\/uploads\/2022\/12\/portrait.jpg 1080w, https:\/\/www.featherfinyarn.com\/wp-content\/uploads\/2022\/12\/portrait-240x300.jpg 240w, https:\/\/www.featherfinyarn.com\/wp-content\/uploads\/2022\/12\/portrait-819x1024.jpg 819w, https:\/\/www.featherfinyarn.com\/wp-content\/uploads\/2022\/12\/portrait-120x150.jpg 120w, https:\/\/www.featherfinyarn.com\/wp-content\/uploads\/2022\/12\/portrait-768x960.jpg 768w, https:\/\/www.featherfinyarn.com\/wp-content\/uploads\/2022\/12\/portrait-10x12.jpg 10w, https:\/\/www.featherfinyarn.com\/wp-content\/uploads\/2022\/12\/portrait-800x1000.jpg 800w\" sizes=\"auto, (max-width: 1080px) 100vw, 1080px\" \/>\t\t\t\t\t\t\t\t\t\t\t<\/div>\n\t\t\t\t\t<\/div>\n\n\t\t<div class=\"box-text text-center\" >\n\t\t\t<div class=\"box-text-inner\">\n\t\t\t\t\n\n<h4><span style=\"font-size: 115%;\">Featherfin Yarn geht <strong data-start=\"1229\" data-end=\"1259\">ab Weihnachten in Babypause<\/strong> \ud83d\udc9b<\/span><\/h4>\n<h4><br data-start=\"1262\" data-end=\"1265\" \/>Vorbestellungen sind <strong data-start=\"1284\" data-end=\"1304\">nur noch bis 8. Dezember<\/strong> m\u00f6glich. Danach wird es zu knapp f\u00fcr den Versand vor den Feiertagen.<\/h4>\n<h4><br data-start=\"1368\" data-end=\"1371\" \/>Versandfertige Garne bleiben bestellbar bis <strong data-start=\"1412\" data-end=\"1427\">21. Dezember<\/strong>.<\/h4>\n<h4><br data-start=\"1428\" data-end=\"1431\" \/>Der Shop \u00f6ffnet im <strong data-start=\"1455\" data-end=\"1475\">sp\u00e4ten Fr\u00fchling 2026<\/strong> wieder f\u00fcr Lagerbestellungen; F\u00e4rben-auf-Bestellung folgt wahrscheinlich erst sehr viel sp\u00e4ter, sobald sich unser neuer Alltag eingespielt hat.<\/h4>\n<h4><br data-start=\"1560\" data-end=\"1563\" \/>Wenn du also noch Wolle brauchst, <strong data-start=\"1590\" data-end=\"1617\">plane am besten jetzt deine Bestellung<\/strong> \ud83c\udf3f<\/h4>\n\t<div id=\"gap-1020581817\" class=\"gap-element clearfix hide-for-small\" style=\"display:block; height:auto;\">\n\t\t\n<style>\n#gap-1020581817 {\n  padding-top: 30px;\n}\n<\/style>\n\t<\/div>\n\t\n\n<a data-animate=\"fadeInUp\" href=\"\/de\/shop\/\" class=\"button primary is-bevel\" style=\"padding:8px 24px 8px 24px;\">\n\t\t<span>Jetzt shoppen<\/span>\n\t<\/a>\n\n\n\n\t\t\t<\/div>\n\t\t<\/div>\n\t<\/div>\n\t\n\n\t\t<\/div>\n\n\t\t\n<style>\n#section_2048795509 {\n  padding-top: 0px;\n  padding-bottom: 0px;\n  background-color: #ece9e4;\n}\n<\/style>\n\t<\/section>\n\t\t<\/div>\n\t\t\t<script>\n\t\t\t\/\/ Auto open lightboxes\n\t\t\tjQuery(document).ready(function ($) {\n\t\t\t\t\/* global flatsomeVars *\/\n\t\t\t\t'use strict'\n\t\t\t\tvar cookieId = 'lightbox_popup-holiday-notice'\n\t\t\t\tvar cookieValue = 'opened_1'\n\t\t\t\tvar timer = parseInt('3000', 10)\n\n\t\t\t\t\/\/ Auto open lightbox\n\t\t\t\t\t\t\t\tFlatsome.Cookies.set(cookieId, false)\n\t\t\t\t\n\t\t\t\t\/\/ Run lightbox if no cookie is set\n\t\t\t\tif (Flatsome.Cookies.get(cookieId) !== cookieValue) {\n\n\t\t\t\t\t\/\/ Ensure closing off canvas\n\t\t\t\t\tsetTimeout(function () {\n\t\t\t\t\t\tif (jQuery.fn.magnificPopup) jQuery.magnificPopup.close()\n\t\t\t\t\t}, timer - 350)\n\n\t\t\t\t\t\/\/ Open lightbox\n\t\t\t\t\tsetTimeout(function () {\n\t\t\t\t\t\t$.loadMagnificPopup().then(function() {\n\t\t\t\t\t\t\t$.magnificPopup.open({\n\t\t\t\t\t\t\t\tmidClick: true,\n\t\t\t\t\t\t\t\tremovalDelay: 300,\n\t\t\t\t\t\t\t\t\/\/ closeBtnInside: flatsomeVars.lightbox.close_btn_inside,\n\t\t\t\t\t\t\t\t\/\/ closeMarkup: flatsomeVars.lightbox.close_markup,\n\t\t\t\t\t\t\t\titems: {\n\t\t\t\t\t\t\t\t\tsrc: '#popup-holiday-notice',\n\t\t\t\t\t\t\t\t\ttype: 'inline'\n\t\t\t\t\t\t\t\t}\n\t\t\t\t\t\t\t})\n\t\t\t\t\t\t})\n\t\t\t\t\t}, timer)\n\n\t\t\t\t\tFlatsome.Cookies.set(cookieId, cookieValue, { expires: 365 })\n\t\t\t\t}\n\t\t\t})\n\t\t<\/script>","protected":false},"excerpt":{"rendered":"","protected":false},"author":1,"featured_media":0,"parent":0,"menu_order":0,"comment_status":"closed","ping_status":"closed","template":"page-blank-title-center.php","meta":{"footnotes":""},"class_list":["post-373","page","type-page","status-publish","hentry"],"jetpack_sharing_enabled":true,"_links":{"self":[{"href":"https:\/\/www.featherfinyarn.com\/de\/wp-json\/wp\/v2\/pages\/373","targetHints":{"allow":["GET"]}}],"collection":[{"href":"https:\/\/www.featherfinyarn.com\/de\/wp-json\/wp\/v2\/pages"}],"about":[{"href":"https:\/\/www.featherfinyarn.com\/de\/wp-json\/wp\/v2\/types\/page"}],"author":[{"embeddable":true,"href":"https:\/\/www.featherfinyarn.com\/de\/wp-json\/wp\/v2\/users\/1"}],"replies":[{"embeddable":true,"href":"https:\/\/www.featherfinyarn.com\/de\/wp-json\/wp\/v2\/comments?post=373"}],"version-history":[{"count":57,"href":"https:\/\/www.featherfinyarn.com\/de\/wp-json\/wp\/v2\/pages\/373\/revisions"}],"predecessor-version":[{"id":11933,"href":"https:\/\/www.featherfinyarn.com\/de\/wp-json\/wp\/v2\/pages\/373\/revisions\/11933"}],"wp:attachment":[{"href":"https:\/\/www.featherfinyarn.com\/de\/wp-json\/wp\/v2\/media?parent=373"}],"curies":[{"name":"wp","href":"https:\/\/api.w.org\/{rel}","templated":true}]}}