{"id":8467,"date":"2022-04-19T16:13:45","date_gmt":"2022-04-19T14:13:45","guid":{"rendered":"https:\/\/www.featherfinyarn.com\/?page_id=8467"},"modified":"2025-01-02T10:31:41","modified_gmt":"2025-01-02T09:31:41","slug":"payment-and-shipping","status":"publish","type":"page","link":"https:\/\/www.featherfinyarn.com\/de\/payment-and-shipping\/","title":{"rendered":"Zahlung und Versand"},"content":{"rendered":"<h3>Zahlung und Versand<\/h3>\n<p>Es gelten die folgenden Bestimmungen und Bedingungen:<\/p>\n<p>Die Produkte werden in die ganze Welt geliefert.<\/p>\n<h4><strong>Versandkosten<\/strong> (einschlie\u00dflich der gesetzlich geltenden Mehrwertsteuer)<\/h4>\n<p><strong>Lieferungen im Inland (Deutschland):<\/strong><\/p>\n<p>Wir berechnen eine Versandkostenpauschale von 6,19 \u20ac pro Bestellung.<\/p>\n<p>Ab einem Bestellwert von 70,00 \u20ac liefern wir versandkostenfrei.<\/p>\n<p><strong>Lieferungen ins Ausland:<\/strong><\/p>\n<p>F\u00fcr internationale Lieferungen berechnen wir eine Versandkostenpauschale:<\/p>\n<p><em><strong>Standard<\/strong><\/em>: DHL P\u00e4ckchen International<br \/>EU-Mitgliedstaaten: 10,49\u20ac<br \/>Schweiz, Gro\u00dfbritannien: 15,49\u20ac<br \/>Rest der Welt: 18,49\u20ac<\/p>\n<p><em><strong>Mit Sendeverfolgung<\/strong><\/em>: DHL P\u00e4ckchen International + Sendeverfolgung<br \/>EU-Mitgliedstaaten: 11,50\u20ac<br \/>Schweiz, Gro\u00dfbritannien: 17,99\u20ac<br \/>Rest der Welt: 22,49\u20ac<\/p>\n<p><em><strong>Premium<\/strong><\/em>: DHL Paket International<br \/>EU-Mitgliedstaaten: 13,99\u20ac<br \/>Schweiz, Gro\u00dfbritannien: 26,90\u20ac<br \/>Nicht-EU Europa: 29,99\u20ac<br \/>USA, Kanada: 47,99\u20ac<br \/>Rest der Welt: 67,99\u20ac<\/p>\n<p>Ab einem Bestellwert von 140,00 \u20ac liefern wir Sendungen ins Ausland kostenlos mit der Option Standardversand (keine Sendungsverfolgung).<\/p>\n<h4>Lieferzeiten<\/h4>\n<p>Sofern im Angebot nicht anders angegeben, erfolgt der Versand der Ware innerhalb von 1-3 Tagen (Mo-Fr) ab Vertragsabschluss (bei vereinbarter Vorauszahlung ab dem Datum der Zahlungsanweisung). Vorbestellte Produkte ben\u00f6tigen ca. 5-10 Tage (Mo-Fr) bis zum Versand.<\/p>\n<p>Die Zustellung der Ware erfolgt im Inland (Deutschland) innerhalb von 1-3 Tagen nach Versand (DHL Paket).<\/p>\n<p>Die Lieferfristen f\u00fcr Lieferungen ins Ausland <strong>nach dem Versand der Waren<\/strong> sind wie folgt:<\/p>\n<p><em><strong>Zeitrahmen f\u00fcr Standard Versand<\/strong><\/em><br \/>EU-Mitgliedstaaten: 2-14 Tage<br \/>Schweiz, Grossbritannien: 3-6 Tage<br \/>Rest von Europa: 4-15 Tage<br \/>USA, Kanada: 10-15 Tage<br \/>Australien, Neuseeland: 12-25 Tage<br \/>Rest der Welt: 15-20 Tage<\/p>\n<p><em><strong>Zeitrahmen f\u00fcr Tracked Versand<br \/><\/strong><\/em>EU-Mitgliedstaaten: 2-12 Tage<br \/>Schweiz, Grossbritannien: 2-4 Tage<br \/>Rest von Europa: 3-14 Tage<br \/>USA, Kanada: 6-10 Tage<br \/>Australien, Neuseeland: 9-20 Tage<br \/>Rest der Welt: 7-12 Tage<\/p>\n<p><em><strong>Zeitrahmen f\u00fcr Premium Versand<br \/><\/strong><\/em>EU-Mitgliedstaaten: 2-6 Tage<br \/>Schweiz, Grossbritannien: 2-3 Tage<br \/>Rest von Europa: 4-6 Tage<br \/>USA, Kanada: 6-11 Tage<br \/>Australien, Neuseeland: 7-9 Tage<br \/>Rest der Welt: 3-9 Tage<\/p>\n<p>Bitte beachten Sie, dass an Sonntagen, zu den Betriebsferien und anderen Feiertagen keine Lieferungen erfolgen.<br \/>Wenn Sie Artikel mit unterschiedlichen Lieferterminen bestellt haben, versenden wir die Artikel zusammen in einer Lieferung, sofern keine andere Vereinbarung getroffen wurde. Der Liefertermin f\u00fcr die gesamte Bestellung entspricht dem des Artikels mit der l\u00e4ngsten Lieferzeit.<\/p>\n<h4>Zahlungsm\u00f6glichkeiten<\/h4>\n<p>- Bezahlung via PayPal<\/p>\n<p>Bei Fragen wenden Sie sich bitte an die in den Imprint genannten Kontaktangaben.<\/p>\n\n\n\t<div id=\"popup-holiday-notice\"\n\t     class=\"lightbox-by-id lightbox-content mfp-hide lightbox-white\"\n\t     style=\"max-width: 0.64 device-width ;padding:20px\">\n\t\t\n\t<section class=\"section\" id=\"section_1491831688\">\n\t\t<div class=\"section-bg fill\" >\n\t\t\t\t\t\t\t\t\t\n\t\t\t\n\n\t\t<\/div>\n\n\t\t\n\n\t\t<div class=\"section-content relative\">\n\t\t\t\n\n\t<div id=\"gap-1035690259\" class=\"gap-element clearfix\" style=\"display:block; height:auto;\">\n\t\t\n<style>\n#gap-1035690259 {\n  padding-top: 40px;\n}\n<\/style>\n\t<\/div>\n\t\n\n<h2 class=\"uppercase\" style=\"text-align: center;\">\ud83c\udf38 Babypause ab Weihnachten \ud83c\udf38<\/h2>\n\n\t<div id=\"gap-1192468990\" class=\"gap-element clearfix hide-for-small\" style=\"display:block; height:auto;\">\n\t\t\n<style>\n#gap-1192468990 {\n  padding-top: 30px;\n}\n<\/style>\n\t<\/div>\n\t\n\n\t<div class=\"box has-hover   has-hover box-vertical box-text-bottom\" >\n\n\t\t<div class=\"box-image\" style=\"width:60%;\">\n\t\t\t\t\t\t<div class=\"image-cover\" style=\"padding-top:100%;\">\n\t\t\t\t<img loading=\"lazy\" decoding=\"async\" width=\"1080\" height=\"1350\" src=\"https:\/\/www.featherfinyarn.com\/wp-content\/uploads\/2022\/12\/portrait.jpg\" class=\"attachment- size-\" alt=\"\" srcset=\"https:\/\/www.featherfinyarn.com\/wp-content\/uploads\/2022\/12\/portrait.jpg 1080w, https:\/\/www.featherfinyarn.com\/wp-content\/uploads\/2022\/12\/portrait-240x300.jpg 240w, https:\/\/www.featherfinyarn.com\/wp-content\/uploads\/2022\/12\/portrait-819x1024.jpg 819w, https:\/\/www.featherfinyarn.com\/wp-content\/uploads\/2022\/12\/portrait-120x150.jpg 120w, https:\/\/www.featherfinyarn.com\/wp-content\/uploads\/2022\/12\/portrait-768x960.jpg 768w, https:\/\/www.featherfinyarn.com\/wp-content\/uploads\/2022\/12\/portrait-10x12.jpg 10w, https:\/\/www.featherfinyarn.com\/wp-content\/uploads\/2022\/12\/portrait-800x1000.jpg 800w\" sizes=\"auto, (max-width: 1080px) 100vw, 1080px\" \/>\t\t\t\t\t\t\t\t\t\t\t<\/div>\n\t\t\t\t\t<\/div>\n\n\t\t<div class=\"box-text text-center\" >\n\t\t\t<div class=\"box-text-inner\">\n\t\t\t\t\n\n<h4><span style=\"font-size: 115%;\">Featherfin Yarn geht <strong data-start=\"1229\" data-end=\"1259\">ab Weihnachten in Babypause<\/strong> \ud83d\udc9b<\/span><\/h4>\n<h4><br data-start=\"1262\" data-end=\"1265\" \/>Vorbestellungen sind <strong data-start=\"1284\" data-end=\"1304\">nur noch bis 8. Dezember<\/strong> m\u00f6glich. Danach wird es zu knapp f\u00fcr den Versand vor den Feiertagen.<\/h4>\n<h4><br data-start=\"1368\" data-end=\"1371\" \/>Versandfertige Garne bleiben bestellbar bis <strong data-start=\"1412\" data-end=\"1427\">21. Dezember<\/strong>.<\/h4>\n<h4><br data-start=\"1428\" data-end=\"1431\" \/>Der Shop \u00f6ffnet im <strong data-start=\"1455\" data-end=\"1475\">sp\u00e4ten Fr\u00fchling 2026<\/strong> wieder f\u00fcr Lagerbestellungen; F\u00e4rben-auf-Bestellung folgt wahrscheinlich erst sehr viel sp\u00e4ter, sobald sich unser neuer Alltag eingespielt hat.<\/h4>\n<h4><br data-start=\"1560\" data-end=\"1563\" \/>Wenn du also noch Wolle brauchst, <strong data-start=\"1590\" data-end=\"1617\">plane am besten jetzt deine Bestellung<\/strong> \ud83c\udf3f<\/h4>\n\t<div id=\"gap-1038987415\" class=\"gap-element clearfix hide-for-small\" style=\"display:block; height:auto;\">\n\t\t\n<style>\n#gap-1038987415 {\n  padding-top: 30px;\n}\n<\/style>\n\t<\/div>\n\t\n\n<a data-animate=\"fadeInUp\" href=\"\/de\/shop\/\" class=\"button primary is-bevel\" style=\"padding:8px 24px 8px 24px;\">\n\t\t<span>Jetzt shoppen<\/span>\n\t<\/a>\n\n\n\n\t\t\t<\/div>\n\t\t<\/div>\n\t<\/div>\n\t\n\n\t\t<\/div>\n\n\t\t\n<style>\n#section_1491831688 {\n  padding-top: 0px;\n  padding-bottom: 0px;\n  background-color: #ece9e4;\n}\n<\/style>\n\t<\/section>\n\t\t<\/div>\n\t\t\t<script>\n\t\t\t\/\/ Auto open lightboxes\n\t\t\tjQuery(document).ready(function ($) {\n\t\t\t\t\/* global flatsomeVars *\/\n\t\t\t\t'use strict'\n\t\t\t\tvar cookieId = 'lightbox_popup-holiday-notice'\n\t\t\t\tvar cookieValue = 'opened_1'\n\t\t\t\tvar timer = parseInt('3000', 10)\n\n\t\t\t\t\/\/ Auto open lightbox\n\t\t\t\t\t\t\t\tFlatsome.Cookies.set(cookieId, false)\n\t\t\t\t\n\t\t\t\t\/\/ Run lightbox if no cookie is set\n\t\t\t\tif (Flatsome.Cookies.get(cookieId) !== cookieValue) {\n\n\t\t\t\t\t\/\/ Ensure closing off canvas\n\t\t\t\t\tsetTimeout(function () {\n\t\t\t\t\t\tif (jQuery.fn.magnificPopup) jQuery.magnificPopup.close()\n\t\t\t\t\t}, timer - 350)\n\n\t\t\t\t\t\/\/ Open lightbox\n\t\t\t\t\tsetTimeout(function () {\n\t\t\t\t\t\t$.loadMagnificPopup().then(function() {\n\t\t\t\t\t\t\t$.magnificPopup.open({\n\t\t\t\t\t\t\t\tmidClick: true,\n\t\t\t\t\t\t\t\tremovalDelay: 300,\n\t\t\t\t\t\t\t\t\/\/ closeBtnInside: flatsomeVars.lightbox.close_btn_inside,\n\t\t\t\t\t\t\t\t\/\/ closeMarkup: flatsomeVars.lightbox.close_markup,\n\t\t\t\t\t\t\t\titems: {\n\t\t\t\t\t\t\t\t\tsrc: '#popup-holiday-notice',\n\t\t\t\t\t\t\t\t\ttype: 'inline'\n\t\t\t\t\t\t\t\t}\n\t\t\t\t\t\t\t})\n\t\t\t\t\t\t})\n\t\t\t\t\t}, timer)\n\n\t\t\t\t\tFlatsome.Cookies.set(cookieId, cookieValue, { expires: 365 })\n\t\t\t\t}\n\t\t\t})\n\t\t<\/script>","protected":false},"excerpt":{"rendered":"","protected":false},"author":1,"featured_media":0,"parent":0,"menu_order":0,"comment_status":"closed","ping_status":"closed","template":"page-blank-title-center.php","meta":{"footnotes":""},"class_list":["post-8467","page","type-page","status-publish","hentry"],"jetpack_sharing_enabled":true,"_links":{"self":[{"href":"https:\/\/www.featherfinyarn.com\/de\/wp-json\/wp\/v2\/pages\/8467","targetHints":{"allow":["GET"]}}],"collection":[{"href":"https:\/\/www.featherfinyarn.com\/de\/wp-json\/wp\/v2\/pages"}],"about":[{"href":"https:\/\/www.featherfinyarn.com\/de\/wp-json\/wp\/v2\/types\/page"}],"author":[{"embeddable":true,"href":"https:\/\/www.featherfinyarn.com\/de\/wp-json\/wp\/v2\/users\/1"}],"replies":[{"embeddable":true,"href":"https:\/\/www.featherfinyarn.com\/de\/wp-json\/wp\/v2\/comments?post=8467"}],"version-history":[{"count":20,"href":"https:\/\/www.featherfinyarn.com\/de\/wp-json\/wp\/v2\/pages\/8467\/revisions"}],"predecessor-version":[{"id":11642,"href":"https:\/\/www.featherfinyarn.com\/de\/wp-json\/wp\/v2\/pages\/8467\/revisions\/11642"}],"wp:attachment":[{"href":"https:\/\/www.featherfinyarn.com\/de\/wp-json\/wp\/v2\/media?parent=8467"}],"curies":[{"name":"wp","href":"https:\/\/api.w.org\/{rel}","templated":true}]}}