{"id":85,"date":"2013-08-11T19:22:53","date_gmt":"2013-08-11T17:22:53","guid":{"rendered":"http:\/\/localhost:8888\/test\/?page_id=532"},"modified":"2025-02-27T09:13:19","modified_gmt":"2025-02-27T08:13:19","slug":"contact","status":"publish","type":"page","link":"https:\/\/www.featherfinyarn.com\/de\/about\/contact\/","title":{"rendered":"Kontakt"},"content":{"rendered":"<div id=\"gap-2146034176\" class=\"gap-element clearfix\" style=\"display:block; height:auto;\">\n\t\t\n<style>\n#gap-2146034176 {\n  padding-top: 60px;\n}\n<\/style>\n\t<\/div>\n\t\n\n<div class=\"row\"  id=\"row-809476158\">\n\n\n\t<div id=\"col-1998870241\" class=\"col medium-6 large-6\"  >\n\t\t\t\t<div class=\"col-inner\"  >\n\t\t\t\n\t\t\t\n\n<div class=\"container section-title-container\" ><h3 class=\"section-title section-title-normal\"><b aria-hidden=\"true\"><\/b><span class=\"section-title-main\" >H\u00e4ufig gestellte Fragen<\/span><b aria-hidden=\"true\"><\/b><\/h3><\/div>\n\n<p class=\"lead\">Schau Dir einige h\u00e4ufig gestellte Fragen an. Vielleicht wird Dein Problem dort bereits beantwortet.<\/p>\n<div class=\"accordion\">\n\n\t<div id=\"accordion-3026514913\" class=\"accordion-item\">\n\t\t<a id=\"accordion-3026514913-label\" class=\"accordion-title plain\" href=\"#accordion-item-when-will-i-get-my-order?\" aria-expanded=\"false\" aria-controls=\"accordion-3026514913-content\">\n\t\t\t<button class=\"toggle\" aria-label=\"Umschalten\"><i class=\"icon-angle-down\" aria-hidden=\"true\"><\/i><\/button>\n\t\t\t<span>Wann erhalte ich meine Bestellung?<\/span>\n\t\t<\/a>\n\t\t<div id=\"accordion-3026514913-content\" class=\"accordion-inner\" aria-labelledby=\"accordion-3026514913-label\">\n\t\t\t\n\n<p>F\u00fcr Vorbestellungen ben\u00f6tige ich etwa 1-2 Wochen, da der Prozess Vorbereitungszeit, das F\u00e4rben selbst und, der l\u00e4ngste Teil des Prozesses, die Trockenzeit beinhaltet. Ich lasse alle Garne auf nat\u00fcrliche Weise trocknen und je nach Wetterbedingungen kann dies l\u00e4nger oder k\u00fcrzer dauern.<\/p>\n<p>Die Versandzeiten entnehmen Sie bitte der Liste der <a href=\"https:\/\/www.featherfinyarn.com\/de\/shipping-methods\/\">Versandmethoden<\/a>.<\/p>\n\n\t\t<\/div>\n\t<\/div>\n\t\n\t<div id=\"accordion-1831671457\" class=\"accordion-item\">\n\t\t<a id=\"accordion-1831671457-label\" class=\"accordion-title plain\" href=\"#accordion-item-why-is-only-up-front-payment-possible?\" aria-expanded=\"false\" aria-controls=\"accordion-1831671457-content\">\n\t\t\t<button class=\"toggle\" aria-label=\"Umschalten\"><i class=\"icon-angle-down\" aria-hidden=\"true\"><\/i><\/button>\n\t\t\t<span>Warum ist nur eine Vorauszahlung m\u00f6glich?<\/span>\n\t\t<\/a>\n\t\t<div id=\"accordion-1831671457-content\" class=\"accordion-inner\" aria-labelledby=\"accordion-1831671457-label\">\n\t\t\t\n\n<p>Ich entschuldige mich f\u00fcr etwaige Unannehmlichkeiten, die dadurch entstehen, aber als wirklich kleines Ein-Frau-Unternehmen kann ich mir das F\u00e4rben auf Bestellung nicht anders leisten.<\/p>\n<p>Ich muss meinen Bestand an Rohgarnen und die F\u00e4rberei das ganze Jahr \u00fcber aufrechterhalten, und ich kann kein Risiko eingehen, was die Bezahlung von Lieferungen und dergleichen angeht.<\/p>\n<p>Ihr k\u00f6nnt mich aber jederzeit kontaktieren, wenn ihr Probleme mit eurer Bestellung habt! Mein R\u00fcckgaberecht ist sehr kundenorientiert, denn ich m\u00f6chte, dass jeder etwas findet, das er wirklich liebt. Wenn etwas nicht wie erwartet ist, werden wir eine L\u00f6sung finden.<\/p>\n\n\t\t<\/div>\n\t<\/div>\n\t\n\t<div id=\"accordion-1991315471\" class=\"accordion-item\">\n\t\t<a id=\"accordion-1991315471-label\" class=\"accordion-title plain\" href=\"#accordion-item-do-you-do-custom-colorways?\" aria-expanded=\"false\" aria-controls=\"accordion-1991315471-content\">\n\t\t\t<button class=\"toggle\" aria-label=\"Umschalten\"><i class=\"icon-angle-down\" aria-hidden=\"true\"><\/i><\/button>\n\t\t\t<span>Gibt es bei dir auch Sonderanfertigungen?<\/span>\n\t\t<\/a>\n\t\t<div id=\"accordion-1991315471-content\" class=\"accordion-inner\" aria-labelledby=\"accordion-1991315471-label\">\n\t\t\t\n\n<p>Nein, das tue ich nicht. Aber ich lasse mich gerne inspirieren, wenn Du eine Idee hast.<\/p>\n\n\t\t<\/div>\n\t<\/div>\n\t\n\t<div id=\"accordion-2908450013\" class=\"accordion-item\">\n\t\t<a id=\"accordion-2908450013-label\" class=\"accordion-title plain\" href=\"#accordion-item-i-need-help-with-the-amount-of-yarn-i-need.-can-you-help?\" aria-expanded=\"false\" aria-controls=\"accordion-2908450013-content\">\n\t\t\t<button class=\"toggle\" aria-label=\"Umschalten\"><i class=\"icon-angle-down\" aria-hidden=\"true\"><\/i><\/button>\n\t\t\t<span>Ich brauche Hilfe bei der Menge des ben\u00f6tigten Garns. Kannst du mir helfen?<\/span>\n\t\t<\/a>\n\t\t<div id=\"accordion-2908450013-content\" class=\"accordion-inner\" aria-labelledby=\"accordion-2908450013-label\">\n\t\t\t\n\n<p>Ja, ich werde so gut ich kann helfen!<\/p>\n<p>Sprich mich auch an, wenn du meine Meinung zu den Farben h\u00f6ren willst, die gut zusammenpassen. Ich liebe es, \u00fcber Design zu sprechen!<\/p>\n\n\t\t<\/div>\n\t<\/div>\n\t\n\t<div id=\"accordion-1155411048\" class=\"accordion-item\">\n\t\t<a id=\"accordion-1155411048-label\" class=\"accordion-title plain\" href=\"#accordion-item-what-exactly-happens-after-ordering?\" aria-expanded=\"false\" aria-controls=\"accordion-1155411048-content\">\n\t\t\t<button class=\"toggle\" aria-label=\"Umschalten\"><i class=\"icon-angle-down\" aria-hidden=\"true\"><\/i><\/button>\n\t\t\t<span>Was genau passiert nach der Bestellung?<\/span>\n\t\t<\/a>\n\t\t<div id=\"accordion-1155411048-content\" class=\"accordion-inner\" aria-labelledby=\"accordion-1155411048-label\">\n\t\t\t\n\n<p>Zun\u00e4chst pr\u00fcfe ich, ob alles, was Du bestellt hast, noch auf Lager ist und p\u00fcnktlich geliefert werden kann. Sollte die Garnbasis, aus welchen Gr\u00fcnden auch immer, nicht mehr vorr\u00e4tig sein, werde ich mich umgehend melden.<\/p>\n<p>Zweitens, ich f\u00e4rbe Deine Vorbestellung.<\/p>\n<p>Drittens werde ich die Bestellung versenden und Dir eine Best\u00e4tigungsmail schicken.<\/p>\n<p>Zu guter Letzt erh\u00e4ltst Du Dein speziell gef\u00e4rbtes Garn und kannst mit der Arbeit beginnen!<\/p>\n\n\t\t<\/div>\n\t<\/div>\n\t\n\n<\/div>\n\n\n\t\t<\/div>\n\t\t\t\t\t<\/div>\n\n\t\n\n\t<div id=\"col-1207455513\" class=\"col medium-6 large-6\"  >\n\t\t\t\t<div class=\"col-inner\"  >\n\t\t\t\n\t\t\t\n\n<div class=\"container section-title-container\" ><h3 class=\"section-title section-title-normal\"><b aria-hidden=\"true\"><\/b><span class=\"section-title-main\" >Kontakt<\/span><b aria-hidden=\"true\"><\/b><\/h3><\/div>\n\n<div class=\"row\"  id=\"row-583076856\">\n\n\n\t<div id=\"col-1672943200\" class=\"col medium-6 small-12 large-6\"  >\n\t\t\t\t<div class=\"col-inner\"  >\n\t\t\t\n\t\t\t\n\n\n\t\t<div class=\"icon-box featured-box icon-box-top text-left\"  >\n\t\t\t\t<div class=\"icon-box-text last-reset\">\n\t\t\t\t\t\t\t\t\t\n\n<h3>Email<\/h3>\n<p><a href=\"mailto:Info@featherfinyarn.com\">Info@featherfinyarn.com<\/a><\/p>\n<h3>Telefon<\/h3>\n<p>+49 6151 7865474<\/p>\n<h3>Gesch\u00e4ftsstelle (kein Ladengesch\u00e4ft!)<\/h3>\n<p>Darmstadt, S\u00fcd-Hessen, Deutschland<\/p>\n\n\t\t<\/div>\n\t<\/div>\n\t\n\t\n\n\t\t<\/div>\n\t\t\t\t\t<\/div>\n\n\t\n\n\t<div id=\"col-1601661713\" class=\"col medium-6 small-12 large-6\"  >\n\t\t\t\t<div class=\"col-inner\"  >\n\t\t\t\n\t\t\t\n\n\n\t\t<div class=\"icon-box featured-box icon-box-top text-left\"  >\n\t\t\t\t<div class=\"icon-box-text last-reset\">\n\t\t\t\t\t\t\t\t\t\n\n<h3>Gesch\u00e4ftszeiten<\/h3>\n<p>Montag - Donnerstag: 8.00 - 12.30 Uhr<\/p>\n\n\t\t<\/div>\n\t<\/div>\n\t\n\t\n\n\t\t<\/div>\n\t\t\t\t\t<\/div>\n\n\t\n\n<\/div>\n\n\t\t<\/div>\n\t\t\t\t\t<\/div>\n\n\t\n\n<\/div>","protected":false},"excerpt":{"rendered":"","protected":false},"author":1,"featured_media":0,"parent":1567,"menu_order":0,"comment_status":"closed","ping_status":"closed","template":"page-blank.php","meta":{"footnotes":""},"class_list":["post-85","page","type-page","status-publish","hentry"],"jetpack_sharing_enabled":true,"_links":{"self":[{"href":"https:\/\/www.featherfinyarn.com\/de\/wp-json\/wp\/v2\/pages\/85","targetHints":{"allow":["GET"]}}],"collection":[{"href":"https:\/\/www.featherfinyarn.com\/de\/wp-json\/wp\/v2\/pages"}],"about":[{"href":"https:\/\/www.featherfinyarn.com\/de\/wp-json\/wp\/v2\/types\/page"}],"author":[{"embeddable":true,"href":"https:\/\/www.featherfinyarn.com\/de\/wp-json\/wp\/v2\/users\/1"}],"replies":[{"embeddable":true,"href":"https:\/\/www.featherfinyarn.com\/de\/wp-json\/wp\/v2\/comments?post=85"}],"version-history":[{"count":9,"href":"https:\/\/www.featherfinyarn.com\/de\/wp-json\/wp\/v2\/pages\/85\/revisions"}],"predecessor-version":[{"id":11934,"href":"https:\/\/www.featherfinyarn.com\/de\/wp-json\/wp\/v2\/pages\/85\/revisions\/11934"}],"up":[{"embeddable":true,"href":"https:\/\/www.featherfinyarn.com\/de\/wp-json\/wp\/v2\/pages\/1567"}],"wp:attachment":[{"href":"https:\/\/www.featherfinyarn.com\/de\/wp-json\/wp\/v2\/media?parent=85"}],"curies":[{"name":"wp","href":"https:\/\/api.w.org\/{rel}","templated":true}]}}