{"id":10261,"date":"2023-08-23T20:23:05","date_gmt":"2023-08-23T18:23:05","guid":{"rendered":"https:\/\/www.featherfinyarn.com\/?post_type=product&#038;p=10261"},"modified":"2025-12-22T14:22:23","modified_gmt":"2025-12-22T13:22:23","slug":"seeknit-interchangeable-knitting-needles-tips","status":"publish","type":"product","link":"https:\/\/www.featherfinyarn.com\/de\/shop\/seeknit-interchangeable-knitting-needles-tips\/","title":{"rendered":"Seeknit Austauschbare Stricknadelspitzen"},"content":{"rendered":"<div class=\"tabbed-content\">\n\t\t\t\n\t\t\t<ul class=\"nav nav-simple nav-uppercase nav-size-large nav-left\" role=\"tablist\"><li id=\"tab-description\" class=\"tab active has-icon\" role=\"presentation\"><a href=\"#tab_description\" role=\"tab\" aria-selected=\"true\" aria-controls=\"tab_description\"><span>Beschreibung<\/span><\/a><\/li>\n<li id=\"tab-details\" class=\"tab has-icon\" role=\"presentation\"><a href=\"#tab_details\" tabindex=\"-1\" role=\"tab\" aria-selected=\"false\" aria-controls=\"tab_details\"><span>Details<\/span><\/a><\/li>\n<li id=\"tab-product-safety\" class=\"tab has-icon\" role=\"presentation\"><a href=\"#tab_product-safety\" tabindex=\"-1\" role=\"tab\" aria-selected=\"false\" aria-controls=\"tab_product-safety\"><span>Produktsicherheit<\/span><\/a><\/li>\n<li id=\"tab-shipping-&amp;-returns\" class=\"tab has-icon\" role=\"presentation\"><a href=\"#tab_shipping-&amp;-returns\" tabindex=\"-1\" role=\"tab\" aria-selected=\"false\" aria-controls=\"tab_shipping-&amp;-returns\"><span>Versand &amp; R\u00fcckgabe<\/span><\/a><\/li>\n<li id=\"tab-reviews\" class=\"tab has-icon\" role=\"presentation\"><a href=\"#tab_reviews\" tabindex=\"-1\" role=\"tab\" aria-selected=\"false\" aria-controls=\"tab_reviews\"><span>Bewertungen<\/span><\/a><\/li><\/ul><div class=\"tab-panels\"><div id=\"tab_description\" class=\"panel active entry-content\" role=\"tabpanel\" aria-labelledby=\"tab-description\">\n<p>Im Gegensatz zu normalen Rundstricknadeln, bei denen Nadelpaar und Kordel fest miteinander verbunden sind, lassen sich auswechselbare Nadeln trennen vom <span style=\"color: #cea975;\" data-text-color=\"alert\"><a style=\"color: #cea975;\" href=\"https:\/\/www.featherfinyarn.com\/de\/shop\/interchangeable-circular-knitting-needles-cables\/\">Seil<\/a><\/span> und mit anderen Nadelst\u00e4rken ausgetauscht werden. Das ist unglaublich praktisch, da man nicht jedes Mal ein neues Paar Rundstricknadeln kaufen muss, wenn ein Muster eine neue Kordell\u00e4nge erfordert. Es ist auch viel einfacher, die Nadelst\u00e4rke zu wechseln, wenn eine kleinere Nadelst\u00e4rke f\u00fcr einen gerippten Saum ben\u00f6tigt wird.<\/p>\n<p>Bitte stellen Sie sicher, dass die Anschlussgr\u00f6\u00dfen der <span style=\"color: #cea975;\" data-text-color=\"alert\"><a style=\"color: #cea975;\" href=\"https:\/\/www.featherfinyarn.com\/de\/shop\/interchangable-knitting-needles-seeknit-koshitsu\/\">Nadeln<\/a><\/span> und <span style=\"color: #cea975;\" data-text-color=\"alert\"><a style=\"color: #cea975;\" href=\"https:\/\/www.featherfinyarn.com\/de\/shop\/interchangeable-circular-knitting-needles-cables\/\">Seile<\/a><\/span> zueinander passen, da Seeknit seine d\u00fcnneren Nadeln f\u00fcr einen entsprechend kleineren Stecker konzipiert hat: M1.8<\/p>\n<ul>\n<li><strong>Vielseitig:<\/strong> Die Nadelspitzen lassen sich f\u00fcr verschiedene Projekte leicht austauschen, damit sie zu der entsprechenden Garnst\u00e4rke und Muster passen.<\/li>\n<li><strong>Umweltfreundliche Handwerkskunst: <\/strong>Diese Nadeln werden aus nachhaltig angebautem Bambus hergestellt und schonen sowohl die Umwelt als auch die H\u00e4nde.<\/li>\n<li><strong>Stricken ohne Verheddern <\/strong>Die Swivel Schnur macht das Stricken noch angenehmer, ohne l\u00e4stiges Kabelwirrwarr.<em style=\"color: #555555; font-size: 14.4px;\">.<\/em><\/li>\n<\/ul>\n<\/div>\n<div id=\"tab_details\" class=\"panel entry-content\" role=\"tabpanel\" aria-labelledby=\"tab-details\">\n<ul>\n<li>Material: Bambus<\/li>\n<li>Farbe: Braun - Koshitsu<\/li>\n<li>L\u00e4nge: 12,5cm (5 Zoll)<\/li>\n<li>Anschlussgr\u00f6\u00dfen: M1.8, M2<\/li>\n<li>Nadelgr\u00f6\u00dfen: 2,5mm (US1.5), 2,75mm (US2), 3mm (US2.5), 3,25mm (US3), 3,5mm (US4), 3,75mm (US5), 4mm (US6), 4,5mm (US7), 5mm (US8)<\/li>\n<\/ul>\n<\/div>\n<div id=\"tab_product-safety\" class=\"panel entry-content\" role=\"tabpanel\" aria-labelledby=\"tab-product-safety\">\n\n\t\n\t\n\t\t\t<h3 class=\"wc-gzd-product-manufacturer-heading\">Herstellerinformationen<\/h3>\n\t\n\t<div class=\"manufacturer wc-gzd-additional-info\">\n\t\t<p class=\"wc-gzd-manufacturer-address\">Kinki Amibari Co. Ltd.\r<br \/>4368 Takayama-cho, Ikoma, Nara 630-0101, Japan\r<br \/><a href=\"mailto:office@seeknit.com\">office@seeknit.com<\/a>, +81-743-78-1108<\/p><h4 class=\"wc-gzd-manufacturer-eu-title\">Verantwortliche Person in der EU<\/h4><p class=\"wc-gzd-manufacturer-eu-address\">plus H GmbH &amp; Co. KG\r<br \/>Ahornstra\u00dfe 59, 08525 Plauen, Germany\r<br \/>Email:\u00a0info@plus-h.de<\/p>\t<\/div>\n\n\t\t\t<h3 class=\"wc-gzd-product-safety-attachments-heading wc-gzd-additional-info-placeholder\" aria-hidden=\"true\"><\/h3>\n\t\n\t<div class=\"wc-gzd-additional-info product-safety-attachments wc-gzd-additional-info-placeholder\" aria-hidden=\"true\"><\/div>\n\n\t\t\t<h3 class=\"wc-gzd-product-safety-instructions-heading\">Sicherheitshinweise<\/h3>\n\t\n\t<div class=\"safety-instructions wc-gzd-additional-info\">\n\t\t<h4>SeeKnit Koshitsu Stricknadeln (12,5 cm, \u201eAustauschbare Rundstricknadeln\u201c)<\/h4>\n<ol>\n<li><strong>Produkt-Identifikation<\/strong>: Jede Gr\u00f6\u00dfe ist durch eine eindeutige Modellnummer gekennzeichnet:\n<ul>\n<li><strong>2.5 mm<\/strong>\u00a0(US1.5): 58780<\/li>\n<li><strong>2.75 mm<\/strong>\u00a0(US2): 58781<\/li>\n<li><strong>3.0 mm<\/strong>\u00a0(US2.5): 58782<\/li>\n<li><strong>3.25 mm<\/strong>\u00a0(US3): 58783<\/li>\n<li><strong>3.5 mm<\/strong>\u00a0(US4): 58784<\/li>\n<li><strong>3.75 mm<\/strong>\u00a0(US5): 58785<\/li>\n<li><strong>4.0 mm<\/strong>\u00a0(US6): 58786<\/li>\n<li><strong>4.5 mm<\/strong>\u00a0(US7): 58787<\/li>\n<li><strong>5.0 mm<\/strong>\u00a0(US8): 58788<\/li>\n<\/ul>\n<\/li>\n<li><strong>Hersteller-Informationen<\/strong>:<br \/>\n<strong>Kinki Amibari Co. Ltd.<\/strong><br \/>\n4368 Takayama-cho, Ikoma, Nara 630-0101, Japan<br \/>\n<a href=\"https:\/\/www.amibari.jp\/english\/contact\" target=\"_new\" rel=\"noopener\">Kontakt-Formular<\/a><\/li>\n<li><strong>Importeur in die EU<\/strong>:<br \/>\n<strong>plus H GmbH &amp; Co. KG<\/strong><br \/>\nAhornstra\u00dfe 59, 08525 Plauen, Germany<br \/>\nEmail:\u00a0<strong><a rel=\"noopener\">info@plus-h.de<\/a><\/strong><\/li>\n<li><strong>Sicherheitshinweise<\/strong>:\n<ul>\n<li>Nur zum Stricken geeignet.<\/li>\n<li>Au\u00dferhalb der Reichweite von Kindern aufbewahren.<\/li>\n<li>Bambusstricknadeln sind aus nat\u00fcrlichem Material und k\u00f6nnen bei \u00fcberm\u00e4\u00dfiger Krafteinwirkung brechen. Vermeide zu enge Maschen und halte die Nadel nicht zu fest. Behandel sie vorsichtig, um Kratzer oder Dellen zu vermeiden.<\/li>\n<\/ul>\n<\/li>\n<li><strong>Pflegehinweise<\/strong>:\n<ul>\n<li><strong>Vorsichtsma\u00dfnahmen f\u00fcr den Gebrauch<\/strong>:<br \/>\nBambusnadeln sollten nicht mit Wasser oder Wasserdampf in Ber\u00fchrung kommen, da dies dazu f\u00fchren kann, dass die Oberfl\u00e4chenfasern aufplustern und die Nadel dadurch weniger gleitf\u00e4hig wird. Wenn sie nass werden, wische sie sofort mit einem trockenen Tuch ab, um Schimmelbildung zu vermeiden.<\/li>\n<li><strong>Lagerung<\/strong>:<br \/>\nLager die Nadeln an einem trockenen Ort ohne Feuchtigkeit, um Schimmel zu vermeiden und die Rutschfestigkeit zu gew\u00e4hrleisten.<\/li>\n<li><strong>Verbessert Fadenf\u00fchrung<\/strong>:<br \/>\nL\u00e4ngerer Gebrauch kann die Bambusoberfl\u00e4che verschlechtern und das Gleiten des Fadens beeintr\u00e4chtigen. Zur Wiederherstellung Carnaubawachs auftragen:<\/p>\n<ol>\n<li>Lege die Nadel auf eine ebene Fl\u00e4che.<\/li>\n<li>Reibe das feste Carnaubawachs auf die Oberfl\u00e4che der Nadel.<\/li>\n<li>Poliere mit einem trockenen Tuch, um den Glanz und die Gleitf\u00e4higkeit zu erh\u00f6hen.<\/li>\n<\/ol>\n<\/li>\n<li><strong>Instandhaltung der Metallgebinde<\/strong>:<br \/>\nMetallteile (z. B. Messinganschl\u00fcsse) k\u00f6nnen sich mit der Zeit verf\u00e4rben. Reinige sie mit einem handels\u00fcblichen, durchdringenden Schmiermittel wie WD-40:<\/p>\n<ol>\n<li>Tr\u00e4nke ein Tuch mit dem Schmiermittel.<\/li>\n<li>Wische die Metallteile vorsichtig ab, ohne den Bambus zu ber\u00fchren.<\/li>\n<li>Wenn das Schmiermittel mit dem Bambus in Ber\u00fchrung kommt, wischen Sie es sofort mit einem trockenen Tuch ab.<\/li>\n<\/ol>\n<\/li>\n<\/ul>\n<\/li>\n<li><strong>R\u00fccksendungen und Reklamationen<\/strong>:<br \/>\nWenn Sicherheits- oder Leistungsprobleme auftreten, bieten wir Ersatz oder R\u00fcckerstattung an. Bitte kontaktiere uns \u00fcber unser <a href=\"https:\/\/chatgpt.com\/c\/6749897d-7b5c-8011-b49d-8fb29b765b5f#\" rel=\"noopener\" target=\"_blank\">Kontakt-Formular<\/a>\u00a0oder Email.<\/li>\n<\/ol>\n\t<\/div>\n\n<\/div>\n<div id=\"tab_shipping-&amp;-returns\" class=\"panel entry-content\" role=\"tabpanel\" aria-labelledby=\"tab-shipping-&amp;-returns\">\n<h4><strong>Kleinteile Versand:<\/strong><\/h4>\n<p><strong>Versand<\/strong><\/p>\n<p>Sofern im Angebot nicht anders angegeben, wird die Ware innerhalb von 1-3 Tagen (Mo-Fr) ab Vertragsabschluss (Datum der Zahlungsanweisung) versendet. Vorbestellte Produkte ben\u00f6tigen ca. 5-10 Tage bis zum Versand (Mo-Fr).<\/p>\n<p><em><strong>Die Gesamtlieferzeit setzt sich also aus der Bearbeitungszeit und den unten aufgef\u00fchrten Versandzeiten zusammen.<\/strong><\/em><\/p>\n<p><strong>Inl\u00e4ndischer Versand*<\/strong><\/p>\n<p>Deutschland: Warenversand mit der Deutschen Post 1,95\u20ac (3-4 Werktage)<\/p>\n<p>Kostenfrei ab 70\u20ac Bestellwert.<\/p>\n<p><strong>Internationaler Versand*<\/strong><\/p>\n<p>EU: DHL Paket XS 6,49\u20ac (3-10 Arbeitstage)<br \/>Schweiz, Gro\u00dfbritannien: DHL Parcel XS 8,99\u20ac (3-6 Werktage)<br \/>\u00dcbriges Europa: DHL Parcel XS 11,99\u20ac (4-15 Werktage)<br \/>USA, Kanada: DHL Parcel XS 11,99\u20ac (10-15 Arbeitstage)<br \/>Australien, Neuseeland: DHL Parcel XS 11,99\u20ac (12-25 Arbeitstage)<br \/>Rest der Welt: DHL Parcel XS 11,99\u20ac (15-20 Arbeitstage)<\/p>\n<p>Kostenfrei ab 140\u20ac Bestellwert.<\/p>\n<p>* ohne Sendungsverfolgung<\/p>\n<p>Wenn Sie Artikel mit unterschiedlichen Lieferterminen bestellt haben, versenden wir die Artikel zusammen in einer Lieferung, sofern keine andere Vereinbarung getroffen wurde. Der Liefertermin f\u00fcr die gesamte Bestellung entspricht dem des Artikels mit der l\u00e4ngsten Lieferzeit.<\/p>\n<h4><strong>R\u00fcckgaben:<\/strong><\/h4>\n<p>Extra lange R\u00fcckgabefrist: R\u00fcckgabe von Waren im Originalzustand bis zu 6 Monate sp\u00e4ter. Die R\u00fccksendekosten werden nicht \u00fcbernommen.<\/p>\n<h4><strong>Zahlungsm\u00f6glichkeiten:<\/strong><\/h4>\n<p>Paypal<br \/>Kredit-\/Debitkarte (SEPA) und Giro via Paypal<\/p>\n<\/div>\n<div id=\"tab_reviews\" class=\"panel entry-content\" role=\"tabpanel\" aria-labelledby=\"tab-reviews\">\n\n\n\n<\/div><\/div><\/div>","protected":false},"excerpt":{"rendered":"<p>SeeKnit austauschbare Stricknadeln<\/p>","protected":false},"featured_media":10271,"comment_status":"open","ping_status":"closed","template":"","meta":[],"product_brand":[],"product_cat":[508],"product_tag":[],"class_list":{"0":"post-10261","1":"product","2":"type-product","3":"status-publish","4":"has-post-thumbnail","6":"product_cat-notions","8":"first","9":"instock","10":"shipping-taxable","11":"purchasable","12":"product-type-variable"},"jetpack_sharing_enabled":true,"_links":{"self":[{"href":"https:\/\/www.featherfinyarn.com\/de\/wp-json\/wp\/v2\/product\/10261","targetHints":{"allow":["GET"]}}],"collection":[{"href":"https:\/\/www.featherfinyarn.com\/de\/wp-json\/wp\/v2\/product"}],"about":[{"href":"https:\/\/www.featherfinyarn.com\/de\/wp-json\/wp\/v2\/types\/product"}],"replies":[{"embeddable":true,"href":"https:\/\/www.featherfinyarn.com\/de\/wp-json\/wp\/v2\/comments?post=10261"}],"wp:featuredmedia":[{"embeddable":true,"href":"https:\/\/www.featherfinyarn.com\/de\/wp-json\/wp\/v2\/media\/10271"}],"wp:attachment":[{"href":"https:\/\/www.featherfinyarn.com\/de\/wp-json\/wp\/v2\/media?parent=10261"}],"wp:term":[{"taxonomy":"product_brand","embeddable":true,"href":"https:\/\/www.featherfinyarn.com\/de\/wp-json\/wp\/v2\/product_brand?post=10261"},{"taxonomy":"product_cat","embeddable":true,"href":"https:\/\/www.featherfinyarn.com\/de\/wp-json\/wp\/v2\/product_cat?post=10261"},{"taxonomy":"product_tag","embeddable":true,"href":"https:\/\/www.featherfinyarn.com\/de\/wp-json\/wp\/v2\/product_tag?post=10261"}],"curies":[{"name":"wp","href":"https:\/\/api.w.org\/{rel}","templated":true}]}}