{"id":10290,"date":"2023-08-23T23:06:09","date_gmt":"2023-08-23T21:06:09","guid":{"rendered":"https:\/\/www.featherfinyarn.com\/?post_type=product&#038;p=10290"},"modified":"2025-12-01T11:19:44","modified_gmt":"2025-12-01T10:19:44","slug":"seeknit-interchangeable-cords","status":"publish","type":"product","link":"https:\/\/www.featherfinyarn.com\/de\/shop\/seeknit-interchangeable-cords\/","title":{"rendered":"Seeknit Austauschbare Seile"},"content":{"rendered":"<div class=\"tabbed-content\">\n\t\t\t\n\t\t\t<ul class=\"nav nav-simple nav-uppercase nav-size-large nav-left\" role=\"tablist\"><li id=\"tab-description\" class=\"tab active has-icon\" role=\"presentation\"><a href=\"#tab_description\" role=\"tab\" aria-selected=\"true\" aria-controls=\"tab_description\"><span>Beschreibung<\/span><\/a><\/li>\n<li id=\"tab-details\" class=\"tab has-icon\" role=\"presentation\"><a href=\"#tab_details\" tabindex=\"-1\" role=\"tab\" aria-selected=\"false\" aria-controls=\"tab_details\"><span>Details<\/span><\/a><\/li>\n<li id=\"tab-product-safety\" class=\"tab has-icon\" role=\"presentation\"><a href=\"#tab_product-safety\" tabindex=\"-1\" role=\"tab\" aria-selected=\"false\" aria-controls=\"tab_product-safety\"><span>Produktsicherheit<\/span><\/a><\/li>\n<li id=\"tab-shipping-&amp;-returns\" class=\"tab has-icon\" role=\"presentation\"><a href=\"#tab_shipping-&amp;-returns\" tabindex=\"-1\" role=\"tab\" aria-selected=\"false\" aria-controls=\"tab_shipping-&amp;-returns\"><span>Versand &amp; R\u00fcckgabe<\/span><\/a><\/li>\n<li id=\"tab-reviews\" class=\"tab has-icon\" role=\"presentation\"><a href=\"#tab_reviews\" tabindex=\"-1\" role=\"tab\" aria-selected=\"false\" aria-controls=\"tab_reviews\"><span>Bewertungen<\/span><\/a><\/li><\/ul><div class=\"tab-panels\"><div id=\"tab_description\" class=\"panel active entry-content\" role=\"tabpanel\" aria-labelledby=\"tab-description\">\n<p>Im Gegensatz zu normalen Rundstricknadeln, bei denen Nadelpaar und Seil fest miteinander verbunden sind, k\u00f6nnen die austauschbaren Nadeln vom Seil getrennt und gegen andere ausgewechselt werden. <span style=\"color: #cea975;\" data-text-color=\"alert\">Nadelst\u00e4rken<\/span>. Seeknit hat einen wunderbar glatten Messingverbinder entwickelt, der in Kombination mit den Anti-Twist-Kordeln das Stricken einfacher und angenehmer macht und es Dir erm\u00f6glicht, Deine Nadelauswahl im Laufe des Strickens anzupassen.<\/p>\n<p>Bitte stellen Sie sicher, dass die Anschlussgr\u00f6\u00dfen Ihrer <span style=\"color: #cea975;\" data-text-color=\"alert\"><a style=\"color: #cea975;\" href=\"https:\/\/www.featherfinyarn.com\/de\/shop\/interchangable-knitting-needles-seeknit-koshitsu\/\">Nadeln<\/a><\/span> und <span style=\"color: #cea975;\" data-text-color=\"alert\"><a style=\"color: #cea975;\" href=\"https:\/\/www.featherfinyarn.com\/de\/shop\/interchangeable-circular-knitting-needles-cables\/\">Seile<\/a><\/span> zueinander passen, da Seeknit seine d\u00fcnneren Nadeln f\u00fcr einen entsprechend kleineren Stecker konzipiert hat: M1.8<\/p>\n<ul>\n<li>Geschmeidig und flexible f\u00fcr entspanntes Stricken<\/li>\n<li>Cleveres Design f\u00fcr komfortable Handhabung<\/li>\n<li>Verschiedene Gr\u00f6\u00dfen verf\u00fcgbar<\/li>\n<\/ul>\n<\/div>\n<div id=\"tab_details\" class=\"panel entry-content\" role=\"tabpanel\" aria-labelledby=\"tab-details\">\n<ul>\n<li>Material: Nylon<\/li>\n<li>Farbe: Transparent<\/li>\n<li>L\u00e4ngen: 13 cm (5 Zoll), 40 cm (16 Zoll), 75 cm (29,5 Zoll), 95 cm (37,5 Zoll)<\/li>\n<li>Anschlussgr\u00f6\u00dfen: M1.8, M2<\/li>\n<\/ul>\n<\/div>\n<div id=\"tab_product-safety\" class=\"panel entry-content\" role=\"tabpanel\" aria-labelledby=\"tab-product-safety\">\n\n\t\n\t\n\t\t\t<h3 class=\"wc-gzd-product-manufacturer-heading\">Herstellerinformationen<\/h3>\n\t\n\t<div class=\"manufacturer wc-gzd-additional-info\">\n\t\t<p class=\"wc-gzd-manufacturer-address\">Kinki Amibari Co. Ltd.\r<br \/>4368 Takayama-cho, Ikoma, Nara 630-0101, Japan\r<br \/><a href=\"mailto:office@seeknit.com\">office@seeknit.com<\/a>, +81-743-78-1108<\/p><h4 class=\"wc-gzd-manufacturer-eu-title\">Verantwortliche Person in der EU<\/h4><p class=\"wc-gzd-manufacturer-eu-address\">plus H GmbH &amp; Co. KG\r<br \/>Ahornstra\u00dfe 59, 08525 Plauen, Germany\r<br \/>Email:\u00a0info@plus-h.de<\/p>\t<\/div>\n\n\t\t\t<h3 class=\"wc-gzd-product-safety-attachments-heading wc-gzd-additional-info-placeholder\" aria-hidden=\"true\"><\/h3>\n\t\n\t<div class=\"wc-gzd-additional-info product-safety-attachments wc-gzd-additional-info-placeholder\" aria-hidden=\"true\"><\/div>\n\n\t\t\t<h3 class=\"wc-gzd-product-safety-instructions-heading\">Sicherheitshinweise<\/h3>\n\t\n\t<div class=\"safety-instructions wc-gzd-additional-info\">\n\t\t<h4>Informationen zur Produktsicherheit und Pflege: SeeKnit Koshitsu Kabel und Verbinder<\/h4>\n<ol>\n<li><strong>Produkt-Identifikation<\/strong>: Jede Gr\u00f6\u00dfe ist durch eine eindeutige Modellnummer gekennzeichnet:\n<ul>\n<li><strong>13 cm (5 inches)<\/strong>:\n<ul>\n<li>M1.8: 06946<\/li>\n<li>M2: 06500<\/li>\n<\/ul>\n<\/li>\n<li><strong>40 cm (16 inches)<\/strong>:\n<ul>\n<li>M1.8: 06951<\/li>\n<li>M2: 05855<\/li>\n<\/ul>\n<\/li>\n<li><strong>75 cm (29.5 inches)<\/strong>:\n<ul>\n<li>M1.8: 57176<\/li>\n<li>M2: 06504<\/li>\n<\/ul>\n<\/li>\n<li><strong>95 cm (37.5 inches)<\/strong>:\n<ul>\n<li>M1.8: 57177<\/li>\n<li>M2: 06350<\/li>\n<\/ul>\n<\/li>\n<li><strong>Cord Joints<\/strong>:\n<ul>\n<li>M1.8: 07021<\/li>\n<li>M2: 06511<\/li>\n<\/ul>\n<\/li>\n<\/ul>\n<p><strong style=\"font-size: 14.4px\">Informationen zum Material<\/strong><span style=\"font-size: 14.4px\">:<\/span><\/p>\n<ul>\n<li><strong>Seile<\/strong>: Nylon<\/li>\n<li><strong>Verbinder<\/strong>: Messing<\/li>\n<\/ul>\n<\/li>\n<li><strong>Hersteller-Informationen<\/strong>:<br \/>\n<strong>Kinki Amibari Co. Ltd.<\/strong><br \/>\n4368 Takayama-cho, Ikoma, Nara 630-0101, Japan<br \/>\n<a href=\"https:\/\/www.amibari.jp\/english\/contact\" target=\"_new\" rel=\"noopener\">Kontakt-Formular<\/a><\/li>\n<li><strong>Importeur in die EU<\/strong>:<br \/>\n<strong>plus H GmbH &amp; Co. KG<\/strong><br \/>\nAhornstra\u00dfe 59, 08525 Plauen, Germany<br \/>\nEmail:\u00a0<strong><a rel=\"noopener\">info@plus-h.de<\/a><\/strong><\/li>\n<li><strong>Sicherheitshinweise<\/strong>:\n<ul>\n<li>Nur zum Stricken geeignet.<\/li>\n<li>Au\u00dferhalb der Reichweite von Kindern aufbewahren.<\/li>\n<li>Wende bei der Handhabung von Kabeln und Steckern keine \u00fcberm\u00e4\u00dfige Kraft an. Die Materialien sind zwar haltbar, aber eine \u00dcberdehnung oder Besch\u00e4digung des Anschlusses kann zu Br\u00fcchen f\u00fchren.<\/li>\n<li>Die Messingverbindungen sind verschlei\u00df- und korrosionsanf\u00e4llig, insbesondere wenn sie Feuchtigkeit ausgesetzt sind. Halte die Verbindungsst\u00fccke trocken, um eine langfristige Verwendbarkeit zu gew\u00e4hrleisten.<\/li>\n<\/ul>\n<\/li>\n<li><strong>Pflegehinweise<\/strong>:\n<ul>\n<li><strong>Seile<\/strong>:<br \/>\nLager die Kabel an einem trockenen Ort und setze sie keinen extremen Temperaturen aus.<br \/>\nReinige die Kabel bei Bedarf vorsichtig mit einem weichen Tuch, und vermeide die Verwendung von Chemikalien, die das Nylon besch\u00e4digen k\u00f6nnten.<\/li>\n<li><strong>Verbinder<\/strong>:<br \/>\nHalte die Messinganschl\u00fcsse trocken und sorge daf\u00fcr, dass sie nicht mit Wasser oder Feuchtigkeit in Ber\u00fchrung kommen, um Korrosion zu vermeiden. Bei Bedarf mit einem weichen Tuch reinigen, um Schmutz zu entfernen.<br \/>\nWenn sich die Messingstecker zu verf\u00e4rben beginnen oder Anzeichen von Abnutzung zeigen, verwende ein Tuch, das mit einer kleinen Menge Schmiermittel (wie WD-40) getr\u00e4nkt ist, um die Stecker zu reinigen. Achte darauf, dass das Schmiermittel nicht auf das Kabel gelangt.<\/li>\n<\/ul>\n<\/li>\n<li><strong>R\u00fccksendungen und Reklamationen<\/strong>:<br \/>\nWenn Sicherheits- oder Leistungsprobleme auftreten, bieten wir Ersatz oder R\u00fcckerstattung an. Bitte kontaktiere uns \u00fcber unser <a href=\"https:\/\/www.featherfinyarn.com\/de\/contact\/\">Kontakt-Formular<\/a>\u00a0oder Email.<\/li>\n<\/ol>\n\t<\/div>\n\n<\/div>\n<div id=\"tab_shipping-&amp;-returns\" class=\"panel entry-content\" role=\"tabpanel\" aria-labelledby=\"tab-shipping-&amp;-returns\">\n<h4><strong>Kleinteile Versand:<\/strong><\/h4>\n<p><strong>Versand<\/strong><\/p>\n<p>Sofern im Angebot nicht anders angegeben, wird die Ware innerhalb von 1-3 Tagen (Mo-Fr) ab Vertragsabschluss (Datum der Zahlungsanweisung) versendet. Vorbestellte Produkte ben\u00f6tigen ca. 5-10 Tage bis zum Versand (Mo-Fr).<\/p>\n<p><em><strong>Die Gesamtlieferzeit setzt sich also aus der Bearbeitungszeit und den unten aufgef\u00fchrten Versandzeiten zusammen.<\/strong><\/em><\/p>\n<p><strong>Inl\u00e4ndischer Versand*<\/strong><\/p>\n<p>Deutschland: Warenversand mit der Deutschen Post 1,95\u20ac (3-4 Werktage)<\/p>\n<p>Kostenfrei ab 70\u20ac Bestellwert.<\/p>\n<p><strong>Internationaler Versand*<\/strong><\/p>\n<p>EU: DHL Paket XS 6,49\u20ac (3-10 Arbeitstage)<br \/>Schweiz, Gro\u00dfbritannien: DHL Parcel XS 8,99\u20ac (3-6 Werktage)<br \/>\u00dcbriges Europa: DHL Parcel XS 11,99\u20ac (4-15 Werktage)<br \/>USA, Kanada: DHL Parcel XS 11,99\u20ac (10-15 Arbeitstage)<br \/>Australien, Neuseeland: DHL Parcel XS 11,99\u20ac (12-25 Arbeitstage)<br \/>Rest der Welt: DHL Parcel XS 11,99\u20ac (15-20 Arbeitstage)<\/p>\n<p>Kostenfrei ab 140\u20ac Bestellwert.<\/p>\n<p>* ohne Sendungsverfolgung<\/p>\n<p>Wenn Sie Artikel mit unterschiedlichen Lieferterminen bestellt haben, versenden wir die Artikel zusammen in einer Lieferung, sofern keine andere Vereinbarung getroffen wurde. Der Liefertermin f\u00fcr die gesamte Bestellung entspricht dem des Artikels mit der l\u00e4ngsten Lieferzeit.<\/p>\n<h4><strong>R\u00fcckgaben:<\/strong><\/h4>\n<p>Extra lange R\u00fcckgabefrist: R\u00fcckgabe von Waren im Originalzustand bis zu 6 Monate sp\u00e4ter. Die R\u00fccksendekosten werden nicht \u00fcbernommen.<\/p>\n<h4><strong>Zahlungsm\u00f6glichkeiten:<\/strong><\/h4>\n<p>Paypal<br \/>Kredit-\/Debitkarte (SEPA) und Giro via Paypal<\/p>\n<\/div>\n<div id=\"tab_reviews\" class=\"panel entry-content\" role=\"tabpanel\" aria-labelledby=\"tab-reviews\">\n\n\n\n<\/div><\/div><\/div>","protected":false},"excerpt":{"rendered":"<p>Seeknit Austauschbare Seile<\/p>","protected":false},"featured_media":10379,"comment_status":"open","ping_status":"closed","template":"","meta":[],"product_brand":[],"product_cat":[508],"product_tag":[],"class_list":{"0":"post-10290","1":"product","2":"type-product","3":"status-publish","4":"has-post-thumbnail","6":"product_cat-notions","8":"first","9":"instock","10":"shipping-taxable","11":"purchasable","12":"product-type-variable"},"jetpack_sharing_enabled":true,"_links":{"self":[{"href":"https:\/\/www.featherfinyarn.com\/de\/wp-json\/wp\/v2\/product\/10290","targetHints":{"allow":["GET"]}}],"collection":[{"href":"https:\/\/www.featherfinyarn.com\/de\/wp-json\/wp\/v2\/product"}],"about":[{"href":"https:\/\/www.featherfinyarn.com\/de\/wp-json\/wp\/v2\/types\/product"}],"replies":[{"embeddable":true,"href":"https:\/\/www.featherfinyarn.com\/de\/wp-json\/wp\/v2\/comments?post=10290"}],"wp:featuredmedia":[{"embeddable":true,"href":"https:\/\/www.featherfinyarn.com\/de\/wp-json\/wp\/v2\/media\/10379"}],"wp:attachment":[{"href":"https:\/\/www.featherfinyarn.com\/de\/wp-json\/wp\/v2\/media?parent=10290"}],"wp:term":[{"taxonomy":"product_brand","embeddable":true,"href":"https:\/\/www.featherfinyarn.com\/de\/wp-json\/wp\/v2\/product_brand?post=10290"},{"taxonomy":"product_cat","embeddable":true,"href":"https:\/\/www.featherfinyarn.com\/de\/wp-json\/wp\/v2\/product_cat?post=10290"},{"taxonomy":"product_tag","embeddable":true,"href":"https:\/\/www.featherfinyarn.com\/de\/wp-json\/wp\/v2\/product_tag?post=10290"}],"curies":[{"name":"wp","href":"https:\/\/api.w.org\/{rel}","templated":true}]}}