{"id":10553,"date":"2025-02-14T00:04:05","date_gmt":"2025-02-13T23:04:05","guid":{"rendered":"https:\/\/www.featherfinyarn.com\/?post_type=product&#038;p=10553"},"modified":"2025-12-01T11:19:44","modified_gmt":"2025-12-01T10:19:44","slug":"soft-silky-lilac","status":"publish","type":"product","link":"https:\/\/www.featherfinyarn.com\/de\/shop\/soft-silky-lilac\/","title":{"rendered":"Soft &#038; Silky &#8211; Lilac"},"content":{"rendered":"<div class=\"tabbed-content\">\n\t\t\t\n\t\t\t<ul class=\"nav nav-simple nav-uppercase nav-size-large nav-left\" role=\"tablist\"><li id=\"tab-description\" class=\"tab active has-icon\" role=\"presentation\"><a href=\"#tab_description\" role=\"tab\" aria-selected=\"true\" aria-controls=\"tab_description\"><span>Beschreibung<\/span><\/a><\/li>\n<li id=\"tab-details\" class=\"tab has-icon\" role=\"presentation\"><a href=\"#tab_details\" tabindex=\"-1\" role=\"tab\" aria-selected=\"false\" aria-controls=\"tab_details\"><span>Details<\/span><\/a><\/li>\n<li id=\"tab-shipping-&amp;-returns\" class=\"tab has-icon\" role=\"presentation\"><a href=\"#tab_shipping-&amp;-returns\" tabindex=\"-1\" role=\"tab\" aria-selected=\"false\" aria-controls=\"tab_shipping-&amp;-returns\"><span>Versand &amp; R\u00fcckgabe<\/span><\/a><\/li>\n<li id=\"tab-reviews\" class=\"tab has-icon\" role=\"presentation\"><a href=\"#tab_reviews\" tabindex=\"-1\" role=\"tab\" aria-selected=\"false\" aria-controls=\"tab_reviews\"><span>Bewertungen<\/span><\/a><\/li><\/ul><div class=\"tab-panels\"><div id=\"tab_description\" class=\"panel active entry-content\" role=\"tabpanel\" aria-labelledby=\"tab-description\">\n<p><strong>Soft &amp; Silky<\/strong> ist ein mittelstarkes Garn, das sich ideal f\u00fcr Projekte eignet, die W\u00e4rme und einen sch\u00f6nen Fall erfordern, wie Pullover, Strickjacken und Schals. Es wird aus feiner Merino-Schafwolle und Maulbeerseide hergestellt, wodurch es sich sehr weich anf\u00fchlt und einen seidigen Glanz erh\u00e4lt. Das Garn ist au\u00dferdem superwash-behandelt und daher leicht zu pflegen.<\/p>\n<p><strong>Lilac<\/strong> ist inspiriert von der fl\u00fcchtigen Sch\u00f6nheit der ersten Fr\u00fchlingsbl\u00fcten - zart, leise und voll ruhigem Charme. Ein blasses Pastellviolett mit einem dunstigen Schleier, wie Morgennebel in einem bl\u00fchenden Hain.<\/p>\n<ul>\n<li><strong>Faseranteil:<\/strong> 80% Schurwolle (Merino), 20% Seide<\/li>\n<li><strong>Garnst\u00e4rke:<\/strong> DK<\/li>\n<li><strong>Strang:<\/strong> 100g \/ 230m<\/li>\n<li><strong>Maschenprobe:<\/strong> 21-24 Maschen pro 10 cm<\/li>\n<li><strong>Empfohlene Nadeln:<\/strong> 3.75-4.5mm<\/li>\n<\/ul>\n<\/div>\n<div id=\"tab_details\" class=\"panel entry-content\" role=\"tabpanel\" aria-labelledby=\"tab-details\">\n<h4><strong>Pflegehinweise<\/strong><\/h4>\n<ul>\n<li>Handw\u00e4sche empfohlen, aber Schon-\/Wollwaschgang (max. 40\u00b0C) ist m\u00f6glich<\/li>\n<li>Dunklere Farben k\u00f6nnen bei der ersten W\u00e4sche etwas ausbluten.<\/li>\n<li>Liegend trocknen lassen<\/li>\n<\/ul>\n<h4><strong>Herkunftsland<\/strong><\/h4>\n<ul>\n<li>Handgef\u00e4rbt in Deutschland<\/li>\n<li>Gesponnen in der Tschechischen Republik<\/li>\n<li>Australische Merinofasern: mulesingfrei und superwash behandelt<\/li>\n<\/ul>\n<h4><strong>Mehr Informationen<\/strong><\/h4>\n<ul>\n<li>Gef\u00e4rbt in Strangform ohne Knoten (gro\u00dfe Garnschlingen). Zu einem Kn\u00e4uel aufwickeln, um zu stricken\/h\u00e4keln\/weben.<\/li>\n<li>Die Merinowolle wird als \u201eSchurwolle\u201c gekennzeichnet, wie es die EU-Verordnung \u00fcber die Kennzeichnung von nicht recycelter Schafschurwolle vorschreibt.<\/li>\n<li>Each hand dyed skein is different. Skeins of a batch are the most similar, so try to get enough for your project or pre-order the amount you need.<\/li>\n<li>Je nach Monitoreinstellung k\u00f6nnen die Farben unterschiedlich dargestellt werden.<\/li>\n<li style=\"list-style-type: none;\"><\/li>\n<\/ul>\n<\/div>\n<div id=\"tab_shipping-&amp;-returns\" class=\"panel entry-content\" role=\"tabpanel\" aria-labelledby=\"tab-shipping-&amp;-returns\">\n<h3><strong>Garnversand<\/strong><\/h3>\n<h4><strong>Versand<\/strong><\/h4>\n<p>Sofern im Angebot nicht anders angegeben, wird die Ware innerhalb von 1-3 Tagen (Mo-Fr) ab Vertragsabschluss (Datum der Zahlungsanweisung) versendet. Vorbestellte Produkte ben\u00f6tigen ca. 5-10 Tage bis zum Versand (Mo-Fr).<\/p>\n<p><em><strong>Die Gesamtlieferzeit setzt sich also aus der Bearbeitungszeit und den unten aufgef\u00fchrten Versandzeiten zusammen.<\/strong><\/em><\/p>\n<p>Wenn Sie Artikel mit unterschiedlichen Lieferterminen bestellt haben, versenden wir die Artikel zusammen in einer Lieferung, sofern keine andere Vereinbarung getroffen wurde. Der Liefertermin f\u00fcr die gesamte Bestellung entspricht dem des Artikels mit der l\u00e4ngsten Lieferzeit.<\/p>\n<h4><strong>Inl\u00e4ndischer Versand<\/strong><\/h4>\n<ul>\n<li>Deutschland: DHL Paket M 5,49\u20ac (1-2 Arbeitstage)<\/li>\n<\/ul>\n<p>Kostenfrei ab 70\u20ac Bestellwert.<\/p>\n<h4><strong>Internationaler Versand<\/strong><\/h4>\n<div class=\"accordion\">\n\n\t<div id=\"accordion-2675439336\" class=\"accordion-item\">\n\t\t<a id=\"accordion-2675439336-label\" class=\"accordion-title plain active\" href=\"#accordion-item-standard-shipping*\" aria-expanded=\"true\" aria-controls=\"accordion-2675439336-content\">\n\t\t\t<button class=\"toggle\" aria-label=\"Umschalten\"><i class=\"icon-angle-down\" aria-hidden=\"true\"><\/i><\/button>\n\t\t\t<span>Standard Versand<\/span>\n\t\t<\/a>\n\t\t<div id=\"accordion-2675439336-content\" class=\"accordion-inner\" style=\"display: block;\" aria-labelledby=\"accordion-2675439336-label\">\n\t\t\t\n\n<h4><strong>Standard Versand<\/strong><\/h4>\n<ul>\n<li>EU-Mitgliedstaaten: DHL P\u00e4ckchen M 10,49\u20ac (2-14 Tage)<\/li>\n<li>Schweiz, Gro\u00dfbritannien: DHL P\u00e4ckchen M 15,49\u20ac (3-6 Tage)<\/li>\n<li>Rest von Europa: DHL P\u00e4ckchen M 18,49\u20ac (4-15 Tage)<\/li>\n<li>USA, Kanada: DHL P\u00e4ckchen M 18,49\u20ac (10-15 Tage)<\/li>\n<li>Australien, Neuseeland: DHL P\u00e4ckchen M 18,49\u20ac (12-25 Tage)<\/li>\n<li>Rest der Welt: DHL P\u00e4ckchen M 18,49\u20ac (15-20 Tage)<\/li>\n<\/ul>\n<p><em><strong>* ohne Sendungsverfolgung. Kostenfrei ab 140\u20ac Bestellwert.<\/strong><\/em><\/p>\n\n\n\t\t<\/div>\n\t<\/div>\n\t\n\t<div id=\"accordion-1001640406\" class=\"accordion-item\">\n\t\t<a id=\"accordion-1001640406-label\" class=\"accordion-title plain\" href=\"#accordion-item-tracked-shipping\" aria-expanded=\"false\" aria-controls=\"accordion-1001640406-content\">\n\t\t\t<button class=\"toggle\" aria-label=\"Umschalten\"><i class=\"icon-angle-down\" aria-hidden=\"true\"><\/i><\/button>\n\t\t\t<span>Versand mit Sendeverfolgung<\/span>\n\t\t<\/a>\n\t\t<div id=\"accordion-1001640406-content\" class=\"accordion-inner\" aria-labelledby=\"accordion-1001640406-label\">\n\t\t\t\n\n<h4><strong>Versand mit Sendeverfolgung<\/strong><\/h4>\n<ul>\n<li>EU-Mitgliedstaaten: DHL P\u00e4ckchen M + Sendeverfolgung 11,50\u20ac (2-12 Tage)<\/li>\n<li>Schweiz, Grossbritannien: DHL P\u00e4ckchen M + Sendeverfolgung 17,99 (2-4 Tage)<\/li>\n<li>Rest von Europa: DHL P\u00e4ckchen M + Sendungsverfolgung 22,49\u20ac (3-14 Tage)<\/li>\n<li>USA, Kanada: DHL P\u00e4ckchen M + Sendeverfolgung 22,49\u20ac (6-10 Tage)<\/li>\n<li>Australien, Neuseeland: DHL P\u00e4ckchen M + Sendeverfolgung 22,49\u20ac (9-20 Tage)<\/li>\n<li>Rest der Welt: DHL P\u00e4ckchen M + Sendeverfolgung 22,49\u20ac (7-12 Tage)<\/li>\n<\/ul>\n\n\n\t\t<\/div>\n\t<\/div>\n\t\n\t<div id=\"accordion-3924821492\" class=\"accordion-item\">\n\t\t<a id=\"accordion-3924821492-label\" class=\"accordion-title plain\" href=\"#accordion-item-premium-shipping\" aria-expanded=\"false\" aria-controls=\"accordion-3924821492-content\">\n\t\t\t<button class=\"toggle\" aria-label=\"Umschalten\"><i class=\"icon-angle-down\" aria-hidden=\"true\"><\/i><\/button>\n\t\t\t<span>Premium-Versand<\/span>\n\t\t<\/a>\n\t\t<div id=\"accordion-3924821492-content\" class=\"accordion-inner\" aria-labelledby=\"accordion-3924821492-label\">\n\t\t\t\n\n<h4><strong>Premium-Versand<\/strong><\/h4>\n<ul>\n<li>EU-Mitgliedstaaten: DHL Paket 13,99\u20ac (2-6 Tage)<\/li>\n<li>Schweiz, Grossbritannien: DHL Paket 26,90\u20ac (2-3 Tage)<\/li>\n<li>Rest von Europa: DHL Paket 29,99\u20ac (4-6 Tage)<\/li>\n<li>USA, Kanada: DHL Paket 47,99\u20ac (6-11 Tage)<\/li>\n<li>Australien, Neuseeland: DHL Paket 67,99\u20ac (7-9 Tage)<\/li>\n<li>Rest der Welt: DHL Paket 67,99\u20ac (3-9 Tage)<\/li>\n<\/ul>\n\n\n\t\t<\/div>\n\t<\/div>\n\t\n\n<\/div>\n<p>\u00a0<\/p>\n<h4><strong>R\u00fcckgaben:<\/strong><\/h4>\n<p>Extra lange R\u00fcckgabefrist: R\u00fcckgabe von Waren im Originalzustand bis zu 6 Monate sp\u00e4ter. Die R\u00fccksendekosten werden nicht \u00fcbernommen.<\/p>\n<h4><strong>Zahlungsm\u00f6glichkeiten:<\/strong><\/h4>\n<p>Paypal<br \/>Kredit-\/Debitkarte (SEPA) und Giro via Paypal<\/p>\n<\/div>\n<div id=\"tab_reviews\" class=\"panel entry-content\" role=\"tabpanel\" aria-labelledby=\"tab-reviews\">\n\n\n\n<\/div><\/div><\/div>","protected":false},"excerpt":{"rendered":"<p>DK-Strickgarn in hellviolett aus Merinowolle und Maulbeerseide.<\/p>","protected":false},"featured_media":11871,"comment_status":"open","ping_status":"closed","template":"","meta":[],"product_brand":[636],"product_cat":[506],"product_tag":[639],"class_list":{"0":"post-10553","1":"product","2":"type-product","3":"status-publish","4":"has-post-thumbnail","6":"product_brand-featherfin-yarn","7":"product_cat-soft-silky","8":"product_tag-tea-time","9":"product_shipping_class-yarn","11":"first","12":"instock","13":"shipping-taxable","14":"purchasable","15":"product-type-variable","16":"has-default-attributes"},"jetpack_sharing_enabled":true,"_links":{"self":[{"href":"https:\/\/www.featherfinyarn.com\/de\/wp-json\/wp\/v2\/product\/10553","targetHints":{"allow":["GET"]}}],"collection":[{"href":"https:\/\/www.featherfinyarn.com\/de\/wp-json\/wp\/v2\/product"}],"about":[{"href":"https:\/\/www.featherfinyarn.com\/de\/wp-json\/wp\/v2\/types\/product"}],"replies":[{"embeddable":true,"href":"https:\/\/www.featherfinyarn.com\/de\/wp-json\/wp\/v2\/comments?post=10553"}],"wp:featuredmedia":[{"embeddable":true,"href":"https:\/\/www.featherfinyarn.com\/de\/wp-json\/wp\/v2\/media\/11871"}],"wp:attachment":[{"href":"https:\/\/www.featherfinyarn.com\/de\/wp-json\/wp\/v2\/media?parent=10553"}],"wp:term":[{"taxonomy":"product_brand","embeddable":true,"href":"https:\/\/www.featherfinyarn.com\/de\/wp-json\/wp\/v2\/product_brand?post=10553"},{"taxonomy":"product_cat","embeddable":true,"href":"https:\/\/www.featherfinyarn.com\/de\/wp-json\/wp\/v2\/product_cat?post=10553"},{"taxonomy":"product_tag","embeddable":true,"href":"https:\/\/www.featherfinyarn.com\/de\/wp-json\/wp\/v2\/product_tag?post=10553"}],"curies":[{"name":"wp","href":"https:\/\/api.w.org\/{rel}","templated":true}]}}