{"id":11302,"date":"2025-09-26T00:00:30","date_gmt":"2025-09-25T22:00:30","guid":{"rendered":"https:\/\/www.featherfinyarn.com\/?post_type=product&#038;p=11302"},"modified":"2025-09-26T08:08:28","modified_gmt":"2025-09-26T06:08:28","slug":"calligraphy-brass","status":"publish","type":"product","link":"https:\/\/www.featherfinyarn.com\/de\/shop\/calligraphy-brass\/","title":{"rendered":"Calligraphy &#8211; Brass"},"content":{"rendered":"<div class=\"tabbed-content\">\n\t\t\t\n\t\t\t<ul class=\"nav nav-simple nav-uppercase nav-size-large nav-left\" role=\"tablist\"><li id=\"tab-description\" class=\"tab active has-icon\" role=\"presentation\"><a href=\"#tab_description\" role=\"tab\" aria-selected=\"true\" aria-controls=\"tab_description\"><span>Beschreibung<\/span><\/a><\/li>\n<li id=\"tab-details\" class=\"tab has-icon\" role=\"presentation\"><a href=\"#tab_details\" tabindex=\"-1\" role=\"tab\" aria-selected=\"false\" aria-controls=\"tab_details\"><span>Details<\/span><\/a><\/li>\n<li id=\"tab-product-safety\" class=\"tab has-icon\" role=\"presentation\"><a href=\"#tab_product-safety\" tabindex=\"-1\" role=\"tab\" aria-selected=\"false\" aria-controls=\"tab_product-safety\"><span>Produktsicherheit<\/span><\/a><\/li>\n<li id=\"tab-shipping-&amp;-returns\" class=\"tab has-icon\" role=\"presentation\"><a href=\"#tab_shipping-&amp;-returns\" tabindex=\"-1\" role=\"tab\" aria-selected=\"false\" aria-controls=\"tab_shipping-&amp;-returns\"><span>Versand &amp; R\u00fcckgabe<\/span><\/a><\/li>\n<li id=\"tab-reviews\" class=\"tab has-icon\" role=\"presentation\"><a href=\"#tab_reviews\" tabindex=\"-1\" role=\"tab\" aria-selected=\"false\" aria-controls=\"tab_reviews\"><span>Bewertungen<\/span><\/a><\/li><\/ul><div class=\"tab-panels\"><div id=\"tab_description\" class=\"panel active entry-content\" role=\"tabpanel\" aria-labelledby=\"tab-description\">\n<p><strong>Calligraphy<\/strong> ist ein ungew\u00f6hnliches, 2-f\u00e4diges Fingeringgarn aus extrafeiner superwash Merinowolle. Eine der F\u00e4den geht in verschiedenen Abst\u00e4nden in Schwarz \u00fcber, so dass ein Streifenmuster entsteht, das sich ideal f\u00fcr ansonsten einfache Strukturen wie glatt rechts oder Krausripp eignet. Benutze ein oder zwei F\u00e4den auf einmal f\u00fcr kuschelige Stirnb\u00e4nder, Schals und Balaklavas.<\/p>\n<p><strong data-start=\"1074\" data-end=\"1083\">Brass<\/strong> ist inspiriert vom warmen Glanz von Messing. \u2014Intensiv, herbstlich und dezent leuchtend. Ein ged\u00e4mpftes Goldbraun mit ausgepr\u00e4gten gelben Untert\u00f6nen.<\/p>\n<ul>\n<li><strong>Faseranteil:<\/strong> 100% Schurwolle (Merino)<\/li>\n<li><strong>Garnst\u00e4rke:<\/strong> Fingering\/Sock<\/li>\n<li><strong>Strang:<\/strong> 100g \/ 400m<\/li>\n<li><strong>Maschenprobe:<\/strong> 28-34 sts per 10cm<\/li>\n<li><strong>Empfohlene Nadeln:<\/strong> 2.5-3mm<\/li>\n<\/ul>\n<\/div>\n<div id=\"tab_details\" class=\"panel entry-content\" role=\"tabpanel\" aria-labelledby=\"tab-details\">\n<h4><strong>Pflegehinweise<\/strong><\/h4>\n<ul>\n<li>Handw\u00e4sche empfohlen, aber Schon-\/Wollwaschgang (max. 40\u00b0C) ist m\u00f6glich<\/li>\n<li>Dunklere Farben k\u00f6nnen bei der ersten W\u00e4sche etwas ausbluten.<\/li>\n<li>Liegend trocknen lassen<\/li>\n<\/ul>\n<h4><strong>Herkunftsland<\/strong><\/h4>\n<ul>\n<li>Handgef\u00e4rbt in Deutschland<\/li>\n<li>Gesponnen in der Tschechischen Republik<\/li>\n<li>Australische Merinofasern: mulesingfrei und superwash behandelt<\/li>\n<\/ul>\n<h4><strong>Mehr Informationen<\/strong><\/h4>\n<ul>\n<li>Gef\u00e4rbt in Strangform ohne Knoten (gro\u00dfe Garnschlingen). Zu einem Kn\u00e4uel aufwickeln, um zu stricken\/h\u00e4keln\/weben.<\/li>\n<li>Die Merinowolle wird als \u201eSchurwolle\u201c gekennzeichnet, wie es die EU-Verordnung \u00fcber die Kennzeichnung von nicht recycelter Schafschurwolle vorschreibt.<\/li>\n<li>Jeder handgef\u00e4rbte Strang ist einzigartig. Die Kn\u00e4ule einer Charge sind sich am \u00e4hnlichsten. Versuche also, genug f\u00fcr Dein Projekt zu kaufen oder bestelle die Menge vor, die Du brauchst.<\/li>\n<li>Je nach Monitoreinstellung k\u00f6nnen die Farben unterschiedlich dargestellt werden.<\/li>\n<\/ul>\n<\/div>\n<div id=\"tab_product-safety\" class=\"panel entry-content\" role=\"tabpanel\" aria-labelledby=\"tab-product-safety\">\n\n\t\n\t\n\t\t\t<h3 class=\"wc-gzd-product-manufacturer-heading\">Herstellerinformationen<\/h3>\n\t\n\t<div class=\"manufacturer wc-gzd-additional-info\">\n\t\t<p class=\"wc-gzd-manufacturer-address\">Belinda Burghardt\r<br \/>\u00d6denburger Stra\u00dfe 50A\r<br \/>64295 Darmstadt, Germany\r<br \/>Telefon: +49 6151 7865474 (Mo-Do: 8-12.30 Uhr)\r<br \/>E-Mail: <a href=\"mailto:info@featherfinyarn.com\">info@featherfinyarn.com<\/a><\/p>\t<\/div>\n\n\n\t\t\t<h3 class=\"wc-gzd-product-safety-instructions-heading\">Sicherheitshinweise<\/h3>\n\t\n\t<div class=\"safety-instructions wc-gzd-additional-info\">\n\t\t<h4><strong>Featherfin Yarn Calligraphy<\/strong><\/h4>\n<ol>\n<li><strong>Hersteller und Kontaktinformationen<\/strong>:\n<ul>\n<li><strong>Name des Unternehmens<\/strong>: Belinda Burghardt - Featherfin Yarn<\/li>\n<li><strong>Adresse<\/strong>: \u00d6denburger Stra\u00dfe 50A, 64295 Darmstadt, Germany<\/li>\n<li><strong>Email:<\/strong>: info@featherfinyarn.com<\/li>\n<li><strong>Herstellungsland<\/strong>: Deutschland<\/li>\n<\/ul>\n<\/li>\n<li><strong>Produkt-Identifikation<\/strong>:\n<ul>\n<li><strong>Name<\/strong>: Featherfin Yarn Calligraphy Brass<\/li>\n<li><strong>Zusammensetzung<\/strong>: 75% Schurwolle (Merino), 25% Nylon<\/li>\n<li><strong>Chargen ID<\/strong>: 2324<\/li>\n<\/ul>\n<\/li>\n<li><strong>Sicherheitshinweise<\/strong>:\n<ul>\n<li>Nicht f\u00fcr den Gebrauch durch Kinder bestimmt.<\/li>\n<li>Au\u00dferhalb der Reichweite von Haustieren aufbewahren, um versehentliches Verschlucken zu vermeiden.<\/li>\n<li>Bei dunkleren Farben k\u00f6nnen sich beim Stricken aufgrund von Farbstoffresten Flecken auf H\u00e4nden oder Nadeln bilden. Es wird empfohlen, das fertige Projekt vor dem Tragen gr\u00fcndlich zu waschen.<\/li>\n<\/ul>\n<\/li>\n<li><strong>Farbechtheit<\/strong>:\n<ul>\n<li>Handgef\u00e4rbt mit S\u00e4ure- und Lanaset-Farbstoffen (S\u00e4ure-, Reaktiv- und Metallkomplexfarbstoffe).<\/li>\n<li>Bei dunkleren Farben k\u00f6nnen w\u00e4hrend der Verarbeitung oder beim ersten Waschen Farbstoffreste freigesetzt werden. Wasche es separat, bis das Wasser klar ist, um eine \u00dcbertragung auf andere Kleidungsst\u00fccke oder Oberfl\u00e4chen zu vermeiden.<\/li>\n<\/ul>\n<\/li>\n<li><strong>Pflegehinweise<\/strong>:\n<ul>\n<li>Maschinenwaschbar (kaltes Wasser) im Schonwaschgang mit wolltauglichem Waschmittel.<\/li>\n<li>Zum Trocknen flach hinlegen und vor direkter Sonneneinstrahlung sch\u00fctzen.<\/li>\n<li>Vermeiden Sie \u00fcberm\u00e4\u00dfige Agitation, um Verformungen zu vermeiden.<\/li>\n<\/ul>\n<\/li>\n<li><strong>R\u00fccksendungen und Reklamationen<\/strong>:\n<ul>\n<li>Bei Sicherheits- oder Qualit\u00e4tsproblemen kontaktiere uns bitte unter info@featherfinyarn.com. Wir bieten Ersatz oder R\u00fcckerstattung f\u00fcr defekte Produkte.<\/li>\n<\/ul>\n<\/li>\n<\/ol>\n\t<\/div>\n\n<\/div>\n<div id=\"tab_shipping-&amp;-returns\" class=\"panel entry-content\" role=\"tabpanel\" aria-labelledby=\"tab-shipping-&amp;-returns\">\n<h3><strong>Garnversand<\/strong><\/h3>\n<h4><strong>Versand<\/strong><\/h4>\n<p>Sofern im Angebot nicht anders angegeben, wird die Ware innerhalb von 1-3 Tagen (Mo-Fr) ab Vertragsabschluss (Datum der Zahlungsanweisung) versendet. Vorbestellte Produkte ben\u00f6tigen ca. 5-10 Tage bis zum Versand (Mo-Fr).<\/p>\n<p><em><strong>Die Gesamtlieferzeit setzt sich also aus der Bearbeitungszeit und den unten aufgef\u00fchrten Versandzeiten zusammen.<\/strong><\/em><\/p>\n<p>Wenn Sie Artikel mit unterschiedlichen Lieferterminen bestellt haben, versenden wir die Artikel zusammen in einer Lieferung, sofern keine andere Vereinbarung getroffen wurde. Der Liefertermin f\u00fcr die gesamte Bestellung entspricht dem des Artikels mit der l\u00e4ngsten Lieferzeit.<\/p>\n<h4><strong>Inl\u00e4ndischer Versand<\/strong><\/h4>\n<ul>\n<li>Deutschland: DHL Paket M 5,49\u20ac (1-2 Arbeitstage)<\/li>\n<\/ul>\n<p>Kostenfrei ab 70\u20ac Bestellwert.<\/p>\n<h4><strong>Internationaler Versand<\/strong><\/h4>\n<div class=\"accordion\">\n\n\t<div id=\"accordion-1763279695\" class=\"accordion-item\">\n\t\t<a id=\"accordion-1763279695-label\" class=\"accordion-title plain active\" href=\"#accordion-item-standard-shipping*\" aria-expanded=\"true\" aria-controls=\"accordion-1763279695-content\">\n\t\t\t<button class=\"toggle\" aria-label=\"Umschalten\"><i class=\"icon-angle-down\" aria-hidden=\"true\"><\/i><\/button>\n\t\t\t<span>Standard Versand<\/span>\n\t\t<\/a>\n\t\t<div id=\"accordion-1763279695-content\" class=\"accordion-inner\" style=\"display: block;\" aria-labelledby=\"accordion-1763279695-label\">\n\t\t\t\n\n<h4><strong>Standard Versand<\/strong><\/h4>\n<ul>\n<li>EU-Mitgliedstaaten: DHL P\u00e4ckchen M 10,49\u20ac (2-14 Tage)<\/li>\n<li>Schweiz, Gro\u00dfbritannien: DHL P\u00e4ckchen M 15,49\u20ac (3-6 Tage)<\/li>\n<li>Rest von Europa: DHL P\u00e4ckchen M 18,49\u20ac (4-15 Tage)<\/li>\n<li>USA, Kanada: DHL P\u00e4ckchen M 18,49\u20ac (10-15 Tage)<\/li>\n<li>Australien, Neuseeland: DHL P\u00e4ckchen M 18,49\u20ac (12-25 Tage)<\/li>\n<li>Rest der Welt: DHL P\u00e4ckchen M 18,49\u20ac (15-20 Tage)<\/li>\n<\/ul>\n<p><em><strong>* ohne Sendungsverfolgung. Kostenfrei ab 140\u20ac Bestellwert.<\/strong><\/em><\/p>\n\n\n\t\t<\/div>\n\t<\/div>\n\t\n\t<div id=\"accordion-1727237650\" class=\"accordion-item\">\n\t\t<a id=\"accordion-1727237650-label\" class=\"accordion-title plain\" href=\"#accordion-item-tracked-shipping\" aria-expanded=\"false\" aria-controls=\"accordion-1727237650-content\">\n\t\t\t<button class=\"toggle\" aria-label=\"Umschalten\"><i class=\"icon-angle-down\" aria-hidden=\"true\"><\/i><\/button>\n\t\t\t<span>Versand mit Sendeverfolgung<\/span>\n\t\t<\/a>\n\t\t<div id=\"accordion-1727237650-content\" class=\"accordion-inner\" aria-labelledby=\"accordion-1727237650-label\">\n\t\t\t\n\n<h4><strong>Versand mit Sendeverfolgung<\/strong><\/h4>\n<ul>\n<li>EU-Mitgliedstaaten: DHL P\u00e4ckchen M + Sendeverfolgung 11,50\u20ac (2-12 Tage)<\/li>\n<li>Schweiz, Grossbritannien: DHL P\u00e4ckchen M + Sendeverfolgung 17,99 (2-4 Tage)<\/li>\n<li>Rest von Europa: DHL P\u00e4ckchen M + Sendungsverfolgung 22,49\u20ac (3-14 Tage)<\/li>\n<li>USA, Kanada: DHL P\u00e4ckchen M + Sendeverfolgung 22,49\u20ac (6-10 Tage)<\/li>\n<li>Australien, Neuseeland: DHL P\u00e4ckchen M + Sendeverfolgung 22,49\u20ac (9-20 Tage)<\/li>\n<li>Rest der Welt: DHL P\u00e4ckchen M + Sendeverfolgung 22,49\u20ac (7-12 Tage)<\/li>\n<\/ul>\n\n\n\t\t<\/div>\n\t<\/div>\n\t\n\t<div id=\"accordion-3713195677\" class=\"accordion-item\">\n\t\t<a id=\"accordion-3713195677-label\" class=\"accordion-title plain\" href=\"#accordion-item-premium-shipping\" aria-expanded=\"false\" aria-controls=\"accordion-3713195677-content\">\n\t\t\t<button class=\"toggle\" aria-label=\"Umschalten\"><i class=\"icon-angle-down\" aria-hidden=\"true\"><\/i><\/button>\n\t\t\t<span>Premium-Versand<\/span>\n\t\t<\/a>\n\t\t<div id=\"accordion-3713195677-content\" class=\"accordion-inner\" aria-labelledby=\"accordion-3713195677-label\">\n\t\t\t\n\n<h4><strong>Premium-Versand<\/strong><\/h4>\n<ul>\n<li>EU-Mitgliedstaaten: DHL Paket 13,99\u20ac (2-6 Tage)<\/li>\n<li>Schweiz, Grossbritannien: DHL Paket 26,90\u20ac (2-3 Tage)<\/li>\n<li>Rest von Europa: DHL Paket 29,99\u20ac (4-6 Tage)<\/li>\n<li>USA, Kanada: DHL Paket 47,99\u20ac (6-11 Tage)<\/li>\n<li>Australien, Neuseeland: DHL Paket 67,99\u20ac (7-9 Tage)<\/li>\n<li>Rest der Welt: DHL Paket 67,99\u20ac (3-9 Tage)<\/li>\n<\/ul>\n\n\n\t\t<\/div>\n\t<\/div>\n\t\n\n<\/div>\n<p>\u00a0<\/p>\n<h4><strong>R\u00fcckgaben:<\/strong><\/h4>\n<p>Extra lange R\u00fcckgabefrist: R\u00fcckgabe von Waren im Originalzustand bis zu 6 Monate sp\u00e4ter. Die R\u00fccksendekosten werden nicht \u00fcbernommen.<\/p>\n<h4><strong>Zahlungsm\u00f6glichkeiten:<\/strong><\/h4>\n<p>Paypal<br \/>Kredit-\/Debitkarte (SEPA) und Giro via Paypal<\/p>\n<\/div>\n<div id=\"tab_reviews\" class=\"panel entry-content\" role=\"tabpanel\" aria-labelledby=\"tab-reviews\">\n\n\n\n<\/div><\/div><\/div>","protected":false},"excerpt":{"rendered":"<p>Fingering Weight Self-striping Knitting Yarn\ud83e\uddf6Handgef\u00e4rbt in Senfgelb\ud83e\uddf6 100% Superwash Merino Wool\ud83e\uddf6 Ready to Ship Now!<\/p>","protected":false},"featured_media":11238,"comment_status":"open","ping_status":"closed","template":"","meta":[],"product_brand":[636],"product_cat":[540,514],"product_tag":[792,618],"class_list":{"0":"post-11302","1":"product","2":"type-product","3":"status-publish","4":"has-post-thumbnail","6":"product_brand-featherfin-yarn","7":"product_cat-calligraphy","8":"product_cat-new-arrivals-2","9":"product_tag-botanicals","10":"product_tag-halloween","11":"product_shipping_class-yarn","13":"first","14":"instock","15":"shipping-taxable","16":"purchasable","17":"product-type-simple"},"jetpack_sharing_enabled":true,"_links":{"self":[{"href":"https:\/\/www.featherfinyarn.com\/de\/wp-json\/wp\/v2\/product\/11302","targetHints":{"allow":["GET"]}}],"collection":[{"href":"https:\/\/www.featherfinyarn.com\/de\/wp-json\/wp\/v2\/product"}],"about":[{"href":"https:\/\/www.featherfinyarn.com\/de\/wp-json\/wp\/v2\/types\/product"}],"replies":[{"embeddable":true,"href":"https:\/\/www.featherfinyarn.com\/de\/wp-json\/wp\/v2\/comments?post=11302"}],"wp:featuredmedia":[{"embeddable":true,"href":"https:\/\/www.featherfinyarn.com\/de\/wp-json\/wp\/v2\/media\/11238"}],"wp:attachment":[{"href":"https:\/\/www.featherfinyarn.com\/de\/wp-json\/wp\/v2\/media?parent=11302"}],"wp:term":[{"taxonomy":"product_brand","embeddable":true,"href":"https:\/\/www.featherfinyarn.com\/de\/wp-json\/wp\/v2\/product_brand?post=11302"},{"taxonomy":"product_cat","embeddable":true,"href":"https:\/\/www.featherfinyarn.com\/de\/wp-json\/wp\/v2\/product_cat?post=11302"},{"taxonomy":"product_tag","embeddable":true,"href":"https:\/\/www.featherfinyarn.com\/de\/wp-json\/wp\/v2\/product_tag?post=11302"}],"curies":[{"name":"wp","href":"https:\/\/api.w.org\/{rel}","templated":true}]}}