{"id":11965,"date":"2025-03-28T08:00:10","date_gmt":"2025-03-28T07:00:10","guid":{"rendered":"https:\/\/www.featherfinyarn.com\/?post_type=product&#038;p=11965"},"modified":"2026-01-30T22:04:52","modified_gmt":"2026-01-30T21:04:52","slug":"super-sock-mini-gradient","status":"publish","type":"product","link":"https:\/\/www.featherfinyarn.com\/de\/shop\/super-sock-mini-gradient\/","title":{"rendered":"Super Sock Minis Farbverlauf-Trio"},"content":{"rendered":"<div class=\"tabbed-content\">\n\t\t\t\n\t\t\t<ul class=\"nav nav-simple nav-uppercase nav-size-large nav-left\" role=\"tablist\"><li id=\"tab-description\" class=\"tab active has-icon\" role=\"presentation\"><a href=\"#tab_description\" role=\"tab\" aria-selected=\"true\" aria-controls=\"tab_description\"><span>Beschreibung<\/span><\/a><\/li>\n<li id=\"tab-details\" class=\"tab has-icon\" role=\"presentation\"><a href=\"#tab_details\" tabindex=\"-1\" role=\"tab\" aria-selected=\"false\" aria-controls=\"tab_details\"><span>Details<\/span><\/a><\/li>\n<li id=\"tab-product-safety\" class=\"tab has-icon\" role=\"presentation\"><a href=\"#tab_product-safety\" tabindex=\"-1\" role=\"tab\" aria-selected=\"false\" aria-controls=\"tab_product-safety\"><span>Produktsicherheit<\/span><\/a><\/li>\n<li id=\"tab-shipping-&amp;-returns\" class=\"tab has-icon\" role=\"presentation\"><a href=\"#tab_shipping-&amp;-returns\" tabindex=\"-1\" role=\"tab\" aria-selected=\"false\" aria-controls=\"tab_shipping-&amp;-returns\"><span>Versand &amp; R\u00fcckgabe<\/span><\/a><\/li>\n<li id=\"tab-reviews\" class=\"tab has-icon\" role=\"presentation\"><a href=\"#tab_reviews\" tabindex=\"-1\" role=\"tab\" aria-selected=\"false\" aria-controls=\"tab_reviews\"><span>Bewertungen<\/span><\/a><\/li><\/ul><div class=\"tab-panels\"><div id=\"tab_description\" class=\"panel active entry-content\" role=\"tabpanel\" aria-labelledby=\"tab-description\">\n<h2 data-start=\"83\" data-end=\"141\"><strong>Gradient Sock Yarn Minis \u2013 Handgef\u00e4rbte Mini-Sets<\/strong><\/h2>\n<p class=\"\" data-start=\"143\" data-end=\"412\">Perfekt f\u00fcr sanfte Farbverl\u00e4ufe, dezente Farbspiele oder kontrastreiche Akzente: Die <strong data-start=\"251\" data-end=\"279\">Gradient Sock Yarn Minis<\/strong> bieten unendlich viele M\u00f6glichkeiten. Diese handgef\u00e4rbten Mini-Trios erzeugen einen harmonischen Farbverlauf und eignen sich ideal f\u00fcr Socken, T\u00fccher und Fair-Isle-Strickereien.<\/p>\n<h4 class=\"\" data-start=\"414\" data-end=\"455\"><strong>Warum diese Mini-Str\u00e4nge \u00fcberzeugen:<\/strong><\/h4>\n<ul>\n<li data-start=\"456\" data-end=\"982\"><strong data-start=\"458\" data-end=\"477\">Weich &amp; strapazierf\u00e4hig:<\/strong> Gefertigt aus der beliebten Super Sock Basis \u2013 extra feine Merinowolle sorgt f\u00fcr ein angenehmes Tragegef\u00fchl, w\u00e4hrend Nylon f\u00fcr Haltbarkeit sorgt.<\/li>\n<li data-start=\"456\" data-end=\"982\"><strong data-start=\"600\" data-end=\"619\">Farbverlauf in Perfektion:<\/strong> Jedes Trio ist sorgf\u00e4ltig gef\u00e4rbt, um einen flie\u00dfenden Gradienten-Effekt zu erzeugen. Ideal f\u00fcr abgestimmte Fersen, Spitzen und B\u00fcndchen oder f\u00fcr weiche Farb\u00fcberg\u00e4nge.<\/li>\n<li data-start=\"456\" data-end=\"982\"><strong data-start=\"762\" data-end=\"788\">Unz\u00e4hlige M\u00f6glichkeiten:<\/strong> Perfekt f\u00fcr Socken, T\u00fccher, Babykleidung oder dezente Akzente in Pullovern. Auch f\u00fcr Resteverwertungsprojekte eine wunderbare Erg\u00e4nzung!<\/li>\n<li data-start=\"456\" data-end=\"982\"><strong data-start=\"897\" data-end=\"918\">Pflegeleicht:<\/strong> Dank Superwash-Behandlung l\u00e4sst sich das Garn problemlos waschen und pflegen.<\/li>\n<\/ul>\n<h4 class=\"\" data-start=\"984\" data-end=\"1007\">Ein Hinweis zu Socken:<\/h4>\n<p class=\"\" data-start=\"1008\" data-end=\"1210\">Das Garn eignet sich grunds\u00e4tzlich f\u00fcr Socken, doch die ultraweiche Merinowolle macht es besonders angenehm f\u00fcr <strong data-start=\"1101\" data-end=\"1155\">Lounge-Socken statt stark beanspruchte Wandersocken.<\/strong> Perfekt f\u00fcr gem\u00fctliche, feine Strickst\u00fccke.<\/p>\n<h4 class=\"\" data-start=\"1212\" data-end=\"1238\"><strong>Enthalten in jedem Set:<\/strong><\/h4>\n<ul>\n<li data-start=\"1239\" data-end=\"1527\"><strong data-start=\"1242\" data-end=\"1261\">Drei 20g Mini-Str\u00e4nge<\/strong> (jeweils 80m) \u2013 ideal f\u00fcr Kontrastdetails in Socken oder einen kleinen Farbverlauf in einem Projekt.<\/li>\n<li data-start=\"1239\" data-end=\"1527\"><strong data-start=\"1355\" data-end=\"1375\">Fingering Weight<\/strong> \u2013 kompatibel mit g\u00e4ngigen Sockenstrickmustern und Accessoires.<\/li>\n<li data-start=\"1239\" data-end=\"1527\"><strong data-start=\"1451\" data-end=\"1481\">Handgef\u00e4rbt in kleinen Chargen<\/strong> \u2013 jedes Set ist ein Unikat und mit viel Sorgfalt hergestellt.<\/li>\n<\/ul>\n<p class=\"\" data-start=\"1529\" data-end=\"1718\">Ideal f\u00fcr spannende Farbkombinationen, Verl\u00e4ufe und einzigartige Strickst\u00fccke. <strong data-start=\"1662\" data-end=\"1716\">Nur solange der Vorrat reicht!<\/strong><\/p>\n<hr \/>\n<ul>\n<li><strong>Material:<\/strong> 75% Schurwolle (Merino), 25% Nylon<\/li>\n<li><strong>Gewicht:<\/strong> 3 x 20g<\/li>\n<li><strong>L\u00e4nge:<\/strong> 3 x 80m<\/li>\n<li><strong>Maschenprobe:<\/strong> 28-34 M. pro 10 cm, Fingering<\/li>\n<li><strong>Empfohlene Stricknadeln:<\/strong> 2,5-3mm<\/li>\n<\/ul>\n<\/div>\n<div id=\"tab_details\" class=\"panel entry-content\" role=\"tabpanel\" aria-labelledby=\"tab-details\">\n<h4><strong>Pflegehinweise<\/strong><\/h4>\n<ul>\n<li>Handw\u00e4sche empfohlen, aber Schon-\/Wollwaschgang (max. 40\u00b0C) ist m\u00f6glich<\/li>\n<li>Dunklere Farben k\u00f6nnen bei der ersten W\u00e4sche etwas ausbluten.<\/li>\n<li>Liegend trocknen lassen<\/li>\n<\/ul>\n<h4><strong>Herkunftsland<\/strong><\/h4>\n<ul>\n<li>Handgef\u00e4rbt in Deutschland<\/li>\n<li>Gesponnen in der Tschechischen Republik<\/li>\n<li>Australische Merinofasern: mulesingfrei und superwash behandelt<\/li>\n<\/ul>\n<h4><strong>Mehr Informationen<\/strong><\/h4>\n<ul>\n<li>Gef\u00e4rbt in Strangform ohne Knoten (gro\u00dfe Garnschlingen). Zu einem Kn\u00e4uel aufwickeln, um zu stricken\/h\u00e4keln\/weben.<\/li>\n<li>Die Merinowolle wird als \u201eSchurwolle\u201c gekennzeichnet, wie es die EU-Verordnung \u00fcber die Kennzeichnung von nicht recycelter Schafschurwolle vorschreibt.<\/li>\n<li>Jeder handgef\u00e4rbte Strang ist einzigartig. Die Kn\u00e4ule einer Charge sind sich am \u00e4hnlichsten. Versuche also, genug f\u00fcr Dein Projekt zu kaufen oder bestelle die Menge vor, die Du brauchst.<\/li>\n<li>Je nach Monitoreinstellung k\u00f6nnen die Farben unterschiedlich dargestellt werden.<\/li>\n<\/ul>\n<\/div>\n<div id=\"tab_product-safety\" class=\"panel entry-content\" role=\"tabpanel\" aria-labelledby=\"tab-product-safety\">\n\n\t\n\t\n\t\t\t<h3 class=\"wc-gzd-product-manufacturer-heading\">Herstellerinformationen<\/h3>\n\t\n\t<div class=\"manufacturer wc-gzd-additional-info\">\n\t\t<p class=\"wc-gzd-manufacturer-address\">Belinda Burghardt\r<br \/>\u00d6denburger Stra\u00dfe 50A\r<br \/>64295 Darmstadt, Germany\r<br \/>Telefon: +49 6151 7865474 (Mo-Do: 8-12.30 Uhr)\r<br \/>E-Mail: <a href=\"mailto:info@featherfinyarn.com\">info@featherfinyarn.com<\/a><\/p>\t<\/div>\n\n\t\t\t<h3 class=\"wc-gzd-product-safety-attachments-heading wc-gzd-additional-info-placeholder\" aria-hidden=\"true\"><\/h3>\n\t\n\t<div class=\"wc-gzd-additional-info product-safety-attachments wc-gzd-additional-info-placeholder\" aria-hidden=\"true\"><\/div>\n\n\t\t\t<h3 class=\"wc-gzd-product-safety-instructions-heading\">Sicherheitshinweise<\/h3>\n\t\n\t<div class=\"safety-instructions wc-gzd-additional-info\">\n\t\t<h4><strong>Featherfin Yarn Super Sock<\/strong><\/h4>\n<ol>\n<li><strong>Produkt-Identifikation<\/strong>:\n<ul>\n<li><strong>Name<\/strong>: Featherfin Yarn Super Sock Mini Gradients<\/li>\n<li><strong>Zusammensetzung<\/strong>: 75% Schurwolle (Merino), 25% Nylon<\/li>\n<li><strong>Chargen ID<\/strong>: Jeder Garnpartie wird eine eindeutige ID zugewiesen, die sich aus der Produktionswoche und dem Jahr ergibt (z. B. \u201e2448\u201c f\u00fcr die 48. Woche des Jahres 2024). Diese Nummer wird zur R\u00fcckverfolgbarkeit auf das Produktetikett geschrieben.<\/li>\n<\/ul>\n<\/li>\n<li><strong>Sicherheitshinweise<\/strong>:\n<ul>\n<li>Nicht f\u00fcr den Gebrauch durch Kinder bestimmt.<\/li>\n<li>Au\u00dferhalb der Reichweite von Haustieren aufbewahren, um versehentliches Verschlucken zu vermeiden.<\/li>\n<li>Bei dunkleren Farben k\u00f6nnen sich beim Stricken aufgrund von Farbstoffresten Flecken auf H\u00e4nden oder Nadeln bilden. Es wird empfohlen, das fertige Projekt vor dem Tragen gr\u00fcndlich zu waschen.<\/li>\n<\/ul>\n<\/li>\n<li><strong>Farbechtheit<\/strong>:\n<ul>\n<li>Handgef\u00e4rbt mit S\u00e4ure- und Lanaset-Farbstoffen (S\u00e4ure-, Reaktiv- und Metallkomplexfarbstoffe).<\/li>\n<li>Bei dunkleren Farben k\u00f6nnen w\u00e4hrend der Verarbeitung oder beim ersten Waschen Farbstoffreste freigesetzt werden. Wasche es separat, bis das Wasser klar ist, um eine \u00dcbertragung auf andere Kleidungsst\u00fccke oder Oberfl\u00e4chen zu vermeiden.<\/li>\n<\/ul>\n<\/li>\n<li><strong>Pflegehinweise<\/strong>:\n<ul>\n<li>Maschinenwaschbar (kaltes Wasser) im Schonwaschgang mit wolltauglichem Waschmittel.<\/li>\n<li>Zum Trocknen flach hinlegen und vor direkter Sonneneinstrahlung sch\u00fctzen.<\/li>\n<li>Vermeiden Sie \u00fcberm\u00e4\u00dfige Agitation, um Verformungen zu vermeiden.<\/li>\n<\/ul>\n<\/li>\n<li><strong>R\u00fccksendungen und Reklamationen<\/strong>:\n<ul>\n<li>Bei Sicherheits- oder Qualit\u00e4tsproblemen kontaktiere uns bitte unter info@featherfinyarn.com. Wir bieten Ersatz oder R\u00fcckerstattung f\u00fcr defekte Produkte.<\/li>\n<\/ul>\n<\/li>\n<\/ol>\n\t<\/div>\n\n<\/div>\n<div id=\"tab_shipping-&amp;-returns\" class=\"panel entry-content\" role=\"tabpanel\" aria-labelledby=\"tab-shipping-&amp;-returns\">\n<h3><strong>Garnversand<\/strong><\/h3>\n<h4><strong>Versand<\/strong><\/h4>\n<p>Sofern im Angebot nicht anders angegeben, wird die Ware innerhalb von 1-3 Tagen (Mo-Fr) ab Vertragsabschluss (Datum der Zahlungsanweisung) versendet. Vorbestellte Produkte ben\u00f6tigen ca. 5-10 Tage bis zum Versand (Mo-Fr).<\/p>\n<p><em><strong>Die Gesamtlieferzeit setzt sich also aus der Bearbeitungszeit und den unten aufgef\u00fchrten Versandzeiten zusammen.<\/strong><\/em><\/p>\n<p>Wenn Sie Artikel mit unterschiedlichen Lieferterminen bestellt haben, versenden wir die Artikel zusammen in einer Lieferung, sofern keine andere Vereinbarung getroffen wurde. Der Liefertermin f\u00fcr die gesamte Bestellung entspricht dem des Artikels mit der l\u00e4ngsten Lieferzeit.<\/p>\n<h4><strong>Inl\u00e4ndischer Versand<\/strong><\/h4>\n<ul>\n<li>Deutschland: DHL Paket M 5,49\u20ac (1-2 Arbeitstage)<\/li>\n<\/ul>\n<p>Kostenfrei ab 70\u20ac Bestellwert.<\/p>\n<h4><strong>Internationaler Versand<\/strong><\/h4>\n<div class=\"accordion\">\n\n\t<div id=\"accordion-861511113\" class=\"accordion-item\">\n\t\t<a id=\"accordion-861511113-label\" class=\"accordion-title plain active\" href=\"#accordion-item-standard-shipping*\" aria-expanded=\"true\" aria-controls=\"accordion-861511113-content\">\n\t\t\t<button class=\"toggle\" aria-label=\"Umschalten\"><i class=\"icon-angle-down\" aria-hidden=\"true\"><\/i><\/button>\n\t\t\t<span>Standard Versand<\/span>\n\t\t<\/a>\n\t\t<div id=\"accordion-861511113-content\" class=\"accordion-inner\" style=\"display: block;\" aria-labelledby=\"accordion-861511113-label\">\n\t\t\t\n\n<h4><strong>Standard Versand<\/strong><\/h4>\n<ul>\n<li>EU-Mitgliedstaaten: DHL P\u00e4ckchen M 10,49\u20ac (2-14 Tage)<\/li>\n<li>Schweiz, Gro\u00dfbritannien: DHL P\u00e4ckchen M 15,49\u20ac (3-6 Tage)<\/li>\n<li>Rest von Europa: DHL P\u00e4ckchen M 18,49\u20ac (4-15 Tage)<\/li>\n<li>USA, Kanada: DHL P\u00e4ckchen M 18,49\u20ac (10-15 Tage)<\/li>\n<li>Australien, Neuseeland: DHL P\u00e4ckchen M 18,49\u20ac (12-25 Tage)<\/li>\n<li>Rest der Welt: DHL P\u00e4ckchen M 18,49\u20ac (15-20 Tage)<\/li>\n<\/ul>\n<p><em><strong>* ohne Sendungsverfolgung. Kostenfrei ab 140\u20ac Bestellwert.<\/strong><\/em><\/p>\n\n\n\t\t<\/div>\n\t<\/div>\n\t\n\t<div id=\"accordion-427856429\" class=\"accordion-item\">\n\t\t<a id=\"accordion-427856429-label\" class=\"accordion-title plain\" href=\"#accordion-item-tracked-shipping\" aria-expanded=\"false\" aria-controls=\"accordion-427856429-content\">\n\t\t\t<button class=\"toggle\" aria-label=\"Umschalten\"><i class=\"icon-angle-down\" aria-hidden=\"true\"><\/i><\/button>\n\t\t\t<span>Versand mit Sendeverfolgung<\/span>\n\t\t<\/a>\n\t\t<div id=\"accordion-427856429-content\" class=\"accordion-inner\" aria-labelledby=\"accordion-427856429-label\">\n\t\t\t\n\n<h4><strong>Versand mit Sendeverfolgung<\/strong><\/h4>\n<ul>\n<li>EU-Mitgliedstaaten: DHL P\u00e4ckchen M + Sendeverfolgung 11,50\u20ac (2-12 Tage)<\/li>\n<li>Schweiz, Grossbritannien: DHL P\u00e4ckchen M + Sendeverfolgung 17,99 (2-4 Tage)<\/li>\n<li>Rest von Europa: DHL P\u00e4ckchen M + Sendungsverfolgung 22,49\u20ac (3-14 Tage)<\/li>\n<li>USA, Kanada: DHL P\u00e4ckchen M + Sendeverfolgung 22,49\u20ac (6-10 Tage)<\/li>\n<li>Australien, Neuseeland: DHL P\u00e4ckchen M + Sendeverfolgung 22,49\u20ac (9-20 Tage)<\/li>\n<li>Rest der Welt: DHL P\u00e4ckchen M + Sendeverfolgung 22,49\u20ac (7-12 Tage)<\/li>\n<\/ul>\n\n\n\t\t<\/div>\n\t<\/div>\n\t\n\t<div id=\"accordion-1964708092\" class=\"accordion-item\">\n\t\t<a id=\"accordion-1964708092-label\" class=\"accordion-title plain\" href=\"#accordion-item-premium-shipping\" aria-expanded=\"false\" aria-controls=\"accordion-1964708092-content\">\n\t\t\t<button class=\"toggle\" aria-label=\"Umschalten\"><i class=\"icon-angle-down\" aria-hidden=\"true\"><\/i><\/button>\n\t\t\t<span>Premium-Versand<\/span>\n\t\t<\/a>\n\t\t<div id=\"accordion-1964708092-content\" class=\"accordion-inner\" aria-labelledby=\"accordion-1964708092-label\">\n\t\t\t\n\n<h4><strong>Premium-Versand<\/strong><\/h4>\n<ul>\n<li>EU-Mitgliedstaaten: DHL Paket 13,99\u20ac (2-6 Tage)<\/li>\n<li>Schweiz, Grossbritannien: DHL Paket 26,90\u20ac (2-3 Tage)<\/li>\n<li>Rest von Europa: DHL Paket 29,99\u20ac (4-6 Tage)<\/li>\n<li>USA, Kanada: DHL Paket 47,99\u20ac (6-11 Tage)<\/li>\n<li>Australien, Neuseeland: DHL Paket 67,99\u20ac (7-9 Tage)<\/li>\n<li>Rest der Welt: DHL Paket 67,99\u20ac (3-9 Tage)<\/li>\n<\/ul>\n\n\n\t\t<\/div>\n\t<\/div>\n\t\n\n<\/div>\n<p>\u00a0<\/p>\n<h4><strong>R\u00fcckgaben:<\/strong><\/h4>\n<p>Extra lange R\u00fcckgabefrist: R\u00fcckgabe von Waren im Originalzustand bis zu 6 Monate sp\u00e4ter. Die R\u00fccksendekosten werden nicht \u00fcbernommen.<\/p>\n<h4><strong>Zahlungsm\u00f6glichkeiten:<\/strong><\/h4>\n<p>Paypal<br \/>Kredit-\/Debitkarte (SEPA) und Giro via Paypal<\/p>\n<\/div>\n<div id=\"tab_reviews\" class=\"panel entry-content\" role=\"tabpanel\" aria-labelledby=\"tab-reviews\">\n\n\n\n<\/div><\/div><\/div>","protected":false},"excerpt":{"rendered":"<p>Sockengarn Minis\ud83e\uddf6Handgef\u00e4rbt in Deutschland, Hessen\ud83e\uddf6 75% superwash Merinowolle und 25% Nylon \ud83e\uddf6 Jetzt versandfertig!<\/p>","protected":false},"featured_media":11993,"comment_status":"open","ping_status":"closed","template":"","meta":[],"product_brand":[636],"product_cat":[502,510],"product_tag":[],"class_list":{"0":"post-11965","1":"product","2":"type-product","3":"status-publish","4":"has-post-thumbnail","6":"product_brand-featherfin-yarn","7":"product_cat-super-sock","8":"product_cat-yarn-sets","9":"product_shipping_class-yarn","11":"first","12":"instock","13":"featured","14":"shipping-taxable","15":"purchasable","16":"product-type-variable"},"jetpack_sharing_enabled":true,"_links":{"self":[{"href":"https:\/\/www.featherfinyarn.com\/de\/wp-json\/wp\/v2\/product\/11965","targetHints":{"allow":["GET"]}}],"collection":[{"href":"https:\/\/www.featherfinyarn.com\/de\/wp-json\/wp\/v2\/product"}],"about":[{"href":"https:\/\/www.featherfinyarn.com\/de\/wp-json\/wp\/v2\/types\/product"}],"replies":[{"embeddable":true,"href":"https:\/\/www.featherfinyarn.com\/de\/wp-json\/wp\/v2\/comments?post=11965"}],"wp:featuredmedia":[{"embeddable":true,"href":"https:\/\/www.featherfinyarn.com\/de\/wp-json\/wp\/v2\/media\/11993"}],"wp:attachment":[{"href":"https:\/\/www.featherfinyarn.com\/de\/wp-json\/wp\/v2\/media?parent=11965"}],"wp:term":[{"taxonomy":"product_brand","embeddable":true,"href":"https:\/\/www.featherfinyarn.com\/de\/wp-json\/wp\/v2\/product_brand?post=11965"},{"taxonomy":"product_cat","embeddable":true,"href":"https:\/\/www.featherfinyarn.com\/de\/wp-json\/wp\/v2\/product_cat?post=11965"},{"taxonomy":"product_tag","embeddable":true,"href":"https:\/\/www.featherfinyarn.com\/de\/wp-json\/wp\/v2\/product_tag?post=11965"}],"curies":[{"name":"wp","href":"https:\/\/api.w.org\/{rel}","templated":true}]}}