{"id":12002,"date":"2025-04-14T08:35:10","date_gmt":"2025-04-14T06:35:10","guid":{"rendered":"https:\/\/www.featherfinyarn.com\/?post_type=product&#038;p=12002"},"modified":"2025-12-01T11:19:44","modified_gmt":"2025-12-01T10:19:44","slug":"denim","status":"publish","type":"product","link":"https:\/\/www.featherfinyarn.com\/de\/shop\/denim\/","title":{"rendered":"Denim"},"content":{"rendered":"<div class=\"tabbed-content\">\n\t\t\t\n\t\t\t<ul class=\"nav nav-simple nav-uppercase nav-size-large nav-left\" role=\"tablist\"><li id=\"tab-description\" class=\"tab active has-icon\" role=\"presentation\"><a href=\"#tab_description\" role=\"tab\" aria-selected=\"true\" aria-controls=\"tab_description\"><span>Beschreibung<\/span><\/a><\/li>\n<li id=\"tab-details\" class=\"tab has-icon\" role=\"presentation\"><a href=\"#tab_details\" tabindex=\"-1\" role=\"tab\" aria-selected=\"false\" aria-controls=\"tab_details\"><span>Details<\/span><\/a><\/li>\n<li id=\"tab-product-safety\" class=\"tab has-icon\" role=\"presentation\"><a href=\"#tab_product-safety\" tabindex=\"-1\" role=\"tab\" aria-selected=\"false\" aria-controls=\"tab_product-safety\"><span>Produktsicherheit<\/span><\/a><\/li>\n<li id=\"tab-shipping-&amp;-returns\" class=\"tab has-icon\" role=\"presentation\"><a href=\"#tab_shipping-&amp;-returns\" tabindex=\"-1\" role=\"tab\" aria-selected=\"false\" aria-controls=\"tab_shipping-&amp;-returns\"><span>Versand &amp; R\u00fcckgabe<\/span><\/a><\/li>\n<li id=\"tab-reviews\" class=\"tab has-icon\" role=\"presentation\"><a href=\"#tab_reviews\" tabindex=\"-1\" role=\"tab\" aria-selected=\"false\" aria-controls=\"tab_reviews\"><span>Bewertungen<\/span><\/a><\/li><\/ul><div class=\"tab-panels\"><div id=\"tab_description\" class=\"panel active entry-content\" role=\"tabpanel\" aria-labelledby=\"tab-description\">\n<h3 class=\"\" data-start=\"270\" data-end=\"323\"><strong data-start=\"274\" data-end=\"323\">Denim - Handgef\u00e4rbtes Baumwollgarn in limitierter Auflage<\/strong><\/h3>\n<p class=\"\" data-start=\"325\" data-end=\"568\">Hier kommt <strong data-start=\"330\" data-end=\"339\">Denim<\/strong>, unser allererstes <strong data-start=\"356\" data-end=\"376\">pflanzliches Garn<\/strong> und eine wahre Liebeserkl\u00e4rung zum Warm-Wetter-Stricken. Gesponnen aus 100 % weicher Pima-Baumwolle und handgef\u00e4rbt in kleinen Chargen, bringt dieses <strong data-start=\"475\" data-end=\"499\">Denim-Garn in DK-St\u00e4rke<\/strong> den zeitlosen Charme von klassischen Jeans auf Deine Stricknadeln.<\/p>\n<p class=\"\" data-start=\"570\" data-end=\"817\">Dieses besondere Garn ist <strong>in nur zwei Farbt\u00f6nen erh\u00e4ltlich - Dark Denim und Bleached Denim -<\/strong>bei diesem speziellen Garn dreht sich alles um Zeitlosigkeit, Textur und das unverwechselbare Denim-Gef\u00fchl. Die Farbinspiration? Unsere Lieblingsjeans: zeitlos, geliebt und immer einsatzbereit.<\/p>\n<p class=\"\" data-start=\"819\" data-end=\"1034\">Im Gegensatz zu Wolle nimmt Baumwolle Farbstoffe nicht auf die gleiche Weise auf, so dass die Herstellung satter, dauerhafter Farben Zeit, Erfahrung und viele zus\u00e4tzliche Schritte erfordert. Aus diesem Grund ist <strong data-start=\"971\" data-end=\"1001\">ist Denim eine limitierte Auflage -<\/strong>wenn sie einmal weg ist, kommt sie nicht wieder.<\/p>\n<hr class=\"\" data-start=\"1036\" data-end=\"1039\" \/>\n<h4 class=\"\" data-start=\"1041\" data-end=\"1065\">Warum Du Denim lieben wirst:<\/h4>\n<ul data-start=\"1067\" data-end=\"1512\">\n<li class=\"\" data-start=\"1067\" data-end=\"1177\">\n<p class=\"\" data-start=\"1069\" data-end=\"1177\"><strong data-start=\"1069\" data-end=\"1090\">Weich &amp; Atmungsaktiv:<\/strong>100 % Pima-Baumwolle f\u00fcr ein cooles, komfortables Strickgef\u00fchl \u2013 perfekt f\u00fcr w\u00e4rmeres Wetter oder empfindliche Haut.<\/p>\n<\/li>\n<li class=\"\" data-start=\"1178\" data-end=\"1282\">\n<p class=\"\" data-start=\"1180\" data-end=\"1282\"><strong data-start=\"1180\" data-end=\"1203\">Nat\u00fcrlich Sch\u00f6n:<\/strong>Nat\u00fcrlich Sch\u00f6n: Dezente Farbvariationen geben jedem Strang eine einzigartige Denim-Optik.<\/p>\n<\/li>\n<li class=\"\" data-start=\"1283\" data-end=\"1382\">\n<p class=\"\" data-start=\"1285\" data-end=\"1382\"><strong data-start=\"1285\" data-end=\"1303\">Vegan:<\/strong>Eine seltene pflanzliche Option im Bereich der handgef\u00e4rbten Garne, mit Sorgfalt gef\u00e4rbt.<\/p>\n<\/li>\n<li class=\"\" data-start=\"1383\" data-end=\"1512\">\n<p class=\"\" data-start=\"1385\" data-end=\"1512\"><strong data-start=\"1385\" data-end=\"1408\">Vielseitige DK-St\u00e4rke:<\/strong>Ideal f\u00fcr Cardigans, Sommeroberteile und Accessoires, die sanfte Struktur und Leichtigkeit ben\u00f6tigen.<\/p>\n<\/li>\n<\/ul>\n<hr class=\"\" data-start=\"1514\" data-end=\"1517\" \/>\n<h4 class=\"\" data-start=\"1519\" data-end=\"1537\">Wichtige Informationen:<\/h4>\n<ul data-start=\"1539\" data-end=\"2087\">\n<li class=\"\" data-start=\"1539\" data-end=\"1573\">\n<p class=\"\" data-start=\"1541\" data-end=\"1573\"><strong data-start=\"1541\" data-end=\"1558\">Faserinhalt<\/strong>: 100% Baumwolle<\/p>\n<\/li>\n<li class=\"\" data-start=\"1593\" data-end=\"1649\">\n<p class=\"\" data-start=\"1595\" data-end=\"1649\"><strong data-start=\"1595\" data-end=\"1606\">Laufl\u00e4nge<\/strong>: 200m<\/p>\n<\/li>\n<li class=\"\" data-start=\"1650\" data-end=\"1706\">\n<p class=\"\" data-start=\"1652\" data-end=\"1706\"><strong data-start=\"1652\" data-end=\"1668\">Stranggewicht<\/strong>: 100g<\/p>\n<\/li>\n<li class=\"\" data-start=\"1707\" data-end=\"1761\">\n<p class=\"\" data-start=\"1709\" data-end=\"1761\"><strong data-start=\"1709\" data-end=\"1718\">Maschenprobe:<\/strong>22-25 Maschen pro 10cm, DK-Gewicht<\/p>\n<\/li>\n<li class=\"\" data-start=\"1762\" data-end=\"1822\">\n<p class=\"\" data-start=\"1764\" data-end=\"1822\"><strong data-start=\"1764\" data-end=\"1787\">Empfohlene Nadeln<\/strong>: 3,5-4mm (US4-6)<\/p>\n<\/li>\n<li class=\"\" data-start=\"1823\" data-end=\"1920\">\n<p class=\"\" data-start=\"1825\" data-end=\"1920\"><strong data-start=\"1825\" data-end=\"1845\">Verf\u00fcgbare Farben:<\/strong>Dark (reiches, klassisches Blau) &amp; Bleached (weiches, verwaschenes Hellblau)<\/p>\n<\/li>\n<li class=\"\" data-start=\"1921\" data-end=\"2087\">\n<p class=\"\" data-start=\"1923\" data-end=\"2087\"><strong data-start=\"1923\" data-end=\"1931\">Pflegehinweise<\/strong>: Handw\u00e4sche in kaltem Wasser, vorsichtig auswaschen. Flach zum Trocknen auslegen. Pflanzliche Garne k\u00f6nnen in den ersten W\u00e4schen Farbe ausbluten \u2013 das ist normal und wird mit der Zeit stabilisieren.<\/p>\n<\/li>\n<\/ul>\n<hr class=\"\" data-start=\"2089\" data-end=\"2092\" \/>\n<p class=\"\" data-start=\"2377\" data-end=\"2412\">\u2728 <em data-start=\"2379\" data-end=\"2410\">Limitierte Auflage. Keine Nachbestellungen m\u00f6glich.<\/em> \u2728<\/p>\n<\/div>\n<div id=\"tab_details\" class=\"panel entry-content\" role=\"tabpanel\" aria-labelledby=\"tab-details\">\n<h4><strong>Pflegehinweise<\/strong><\/h4>\n<ul>\n<li>Handw\u00e4sche empfohlen, aber Schon-\/Wollwaschgang (max. 30\u00b0C) ist m\u00f6glich<\/li>\n<li>Dunklere Farben k\u00f6nnen bei der ersten W\u00e4sche etwas ausbluten.<\/li>\n<li>Liegend trocknen lassen<\/li>\n<\/ul>\n<h4><strong>Herkunftsland<\/strong><\/h4>\n<ul>\n<li>Handgef\u00e4rbt in Deutschland<\/li>\n<li>Gesponnen in Italien<\/li>\n<\/ul>\n<h4><strong>Mehr Informationen<\/strong><\/h4>\n<ul>\n<li>Gef\u00e4rbt in Strangform ohne Knoten (gro\u00dfe Garnschlingen). Zu einem Kn\u00e4uel aufwickeln, um zu stricken\/h\u00e4keln\/weben.<\/li>\n<li>Jeder handgef\u00e4rbte Strang ist einzigartig. Die Kn\u00e4ule einer Charge sind sich am \u00e4hnlichsten. Versuche also, genug f\u00fcr Dein Projekt zu kaufen oder bestelle die Menge vor, die Du brauchst.<\/li>\n<li>Je nach Monitoreinstellung k\u00f6nnen die Farben unterschiedlich dargestellt werden.<\/li>\n<\/ul>\n<\/div>\n<div id=\"tab_product-safety\" class=\"panel entry-content\" role=\"tabpanel\" aria-labelledby=\"tab-product-safety\">\n\n\t\n\t\n\t\t\t<h3 class=\"wc-gzd-product-manufacturer-heading\">Herstellerinformationen<\/h3>\n\t\n\t<div class=\"manufacturer wc-gzd-additional-info\">\n\t\t<p class=\"wc-gzd-manufacturer-address\">Belinda Burghardt\r<br \/>\u00d6denburger Stra\u00dfe 50A\r<br \/>64295 Darmstadt, Germany\r<br \/>Telefon: +49 6151 7865474 (Mo-Do: 8-12.30 Uhr)\r<br \/>E-Mail: <a href=\"mailto:info@featherfinyarn.com\">info@featherfinyarn.com<\/a><\/p>\t<\/div>\n\n\t\t\t<h3 class=\"wc-gzd-product-safety-attachments-heading wc-gzd-additional-info-placeholder\" aria-hidden=\"true\"><\/h3>\n\t\n\t<div class=\"wc-gzd-additional-info product-safety-attachments wc-gzd-additional-info-placeholder\" aria-hidden=\"true\"><\/div>\n\n\t\t\t<h3 class=\"wc-gzd-product-safety-instructions-heading\">Sicherheitshinweise<\/h3>\n\t\n\t<div class=\"safety-instructions wc-gzd-additional-info\">\n\t\t<h4><strong>Featherfin Yarn Denim<\/strong><\/h4>\n<ol>\n<li><strong>Produkt-Identifikation<\/strong>:\n<ul>\n<li>Name: <strong data-start=\"468\" data-end=\"496\">Featherfin Yarn Denim<\/strong><\/li>\n<li>Zusammensetzung: <strong data-start=\"512\" data-end=\"532\">100% Baumwolle<\/strong><\/li>\n<li>Verf\u00fcgbare Farben: <strong data-start=\"556\" data-end=\"568\">Bleached<\/strong>, <strong data-start=\"570\" data-end=\"578\">Dark<\/strong><\/li>\n<li>Chargennummer: Jeder Garnpartie wird eine eindeutige ID zugewiesen, die sich aus der Produktionswoche und dem Jahr ergibt (z. B. \u201e2448\u201c f\u00fcr die 48. Woche des Jahres 2024). Diese Nummer wird zur R\u00fcckverfolgbarkeit auf das Produktetikett geschrieben.<\/li>\n<\/ul>\n<\/li>\n<li><strong>Sicherheitshinweise<\/strong>:\n<ul>\n<li>Nicht f\u00fcr den Gebrauch durch Kinder bestimmt.<\/li>\n<li>Au\u00dferhalb der Reichweite von Haustieren aufbewahren, um versehentliches Verschlucken zu vermeiden.<\/li>\n<li>Der <strong data-start=\"902\" data-end=\"910\">Dark<\/strong> Farbvariante kann bei der Handhabung und beim Stricken \u00fcbersch\u00fcssigen Farbstoff abgeben. Dies kann zu Flecken auf H\u00e4nden, Nadeln oder angrenzenden hellen Garnen f\u00fchren. Es wird empfohlen, das fertige Objekt vor dem Tragen gr\u00fcndlich zu waschen.<\/li>\n<li>Nicht schwer entflammbar. Von offenen Flammen fernhalten.<\/li>\n<\/ul>\n<\/li>\n<li><strong>Farbechtheit<\/strong>:\n<ul>\n<li>Handgef\u00e4rbt mit <strong data-start=\"1208\" data-end=\"1225\">Reaktivfarbstoffen<\/strong>, die sich chemisch mit der Baumwollfaser verbinden.<\/li>\n<li>Aufgrund der Natur tiefer Farbt\u00f6ne und der Eigenschaften von Pflanzenfasern k\u00f6nnen selbst nach ausgiebigem Sp\u00fclen Farbstoffreste in der <strong data-start=\"1372\" data-end=\"1380\">Dark<\/strong> Farbgebung verbleiben.<\/li>\n<li>Waschen Sie fertige Gegenst\u00e4nde <strong data-start=\"1444\" data-end=\"1472\">separat in kaltem Wasser<\/strong> , bis das Wasser klar ist, um eine \u00dcbertragung auf andere Kleidungsst\u00fccke oder Oberfl\u00e4chen zu vermeiden.<\/li>\n<\/ul>\n<\/li>\n<li><strong>Pflegehinweise<\/strong>:\n<ul>\n<li>Maschinenw\u00e4sche kalt, Schonwaschgang mit Feinwaschmittel.<\/li>\n<li>Vermeiden Sie Bleichmittel und Weichsp\u00fcler.<\/li>\n<li>Zum Trocknen flach hinlegen.<\/li>\n<li>Nicht in den Trockner geben.<\/li>\n<li>Waschen Sie dunkle Farben separat.<\/li>\n<\/ul>\n<\/li>\n<li><strong>R\u00fccksendungen und Reklamationen<\/strong>:\n<ul>\n<li>Bei Sicherheits- oder Qualit\u00e4tsproblemen kontaktiere uns bitte unter info@featherfinyarn.com. Wir bieten Ersatz oder R\u00fcckerstattung f\u00fcr defekte Produkte.<\/li>\n<\/ul>\n<\/li>\n<\/ol>\n\t<\/div>\n\n<\/div>\n<div id=\"tab_shipping-&amp;-returns\" class=\"panel entry-content\" role=\"tabpanel\" aria-labelledby=\"tab-shipping-&amp;-returns\">\n<h3><strong>Garnversand<\/strong><\/h3>\n<h4><strong>Versand<\/strong><\/h4>\n<p>Sofern im Angebot nicht anders angegeben, wird die Ware innerhalb von 1-3 Tagen (Mo-Fr) ab Vertragsabschluss (Datum der Zahlungsanweisung) versendet. Vorbestellte Produkte ben\u00f6tigen ca. 5-10 Tage bis zum Versand (Mo-Fr).<\/p>\n<p><em><strong>Die Gesamtlieferzeit setzt sich also aus der Bearbeitungszeit und den unten aufgef\u00fchrten Versandzeiten zusammen.<\/strong><\/em><\/p>\n<p>Wenn Sie Artikel mit unterschiedlichen Lieferterminen bestellt haben, versenden wir die Artikel zusammen in einer Lieferung, sofern keine andere Vereinbarung getroffen wurde. Der Liefertermin f\u00fcr die gesamte Bestellung entspricht dem des Artikels mit der l\u00e4ngsten Lieferzeit.<\/p>\n<h4><strong>Inl\u00e4ndischer Versand<\/strong><\/h4>\n<ul>\n<li>Deutschland: DHL Paket M 5,49\u20ac (1-2 Arbeitstage)<\/li>\n<\/ul>\n<p>Kostenfrei ab 70\u20ac Bestellwert.<\/p>\n<h4><strong>Internationaler Versand<\/strong><\/h4>\n<div class=\"accordion\">\n\n\t<div id=\"accordion-3258690087\" class=\"accordion-item\">\n\t\t<a id=\"accordion-3258690087-label\" class=\"accordion-title plain active\" href=\"#accordion-item-standard-shipping*\" aria-expanded=\"true\" aria-controls=\"accordion-3258690087-content\">\n\t\t\t<button class=\"toggle\" aria-label=\"Umschalten\"><i class=\"icon-angle-down\" aria-hidden=\"true\"><\/i><\/button>\n\t\t\t<span>Standard Versand<\/span>\n\t\t<\/a>\n\t\t<div id=\"accordion-3258690087-content\" class=\"accordion-inner\" style=\"display: block;\" aria-labelledby=\"accordion-3258690087-label\">\n\t\t\t\n\n<h4><strong>Standard Versand<\/strong><\/h4>\n<ul>\n<li>EU-Mitgliedstaaten: DHL P\u00e4ckchen M 10,49\u20ac (2-14 Tage)<\/li>\n<li>Schweiz, Gro\u00dfbritannien: DHL P\u00e4ckchen M 15,49\u20ac (3-6 Tage)<\/li>\n<li>Rest von Europa: DHL P\u00e4ckchen M 18,49\u20ac (4-15 Tage)<\/li>\n<li>USA, Kanada: DHL P\u00e4ckchen M 18,49\u20ac (10-15 Tage)<\/li>\n<li>Australien, Neuseeland: DHL P\u00e4ckchen M 18,49\u20ac (12-25 Tage)<\/li>\n<li>Rest der Welt: DHL P\u00e4ckchen M 18,49\u20ac (15-20 Tage)<\/li>\n<\/ul>\n<p><em><strong>* ohne Sendungsverfolgung. Kostenfrei ab 140\u20ac Bestellwert.<\/strong><\/em><\/p>\n\n\n\t\t<\/div>\n\t<\/div>\n\t\n\t<div id=\"accordion-3153749120\" class=\"accordion-item\">\n\t\t<a id=\"accordion-3153749120-label\" class=\"accordion-title plain\" href=\"#accordion-item-tracked-shipping\" aria-expanded=\"false\" aria-controls=\"accordion-3153749120-content\">\n\t\t\t<button class=\"toggle\" aria-label=\"Umschalten\"><i class=\"icon-angle-down\" aria-hidden=\"true\"><\/i><\/button>\n\t\t\t<span>Versand mit Sendeverfolgung<\/span>\n\t\t<\/a>\n\t\t<div id=\"accordion-3153749120-content\" class=\"accordion-inner\" aria-labelledby=\"accordion-3153749120-label\">\n\t\t\t\n\n<h4><strong>Versand mit Sendeverfolgung<\/strong><\/h4>\n<ul>\n<li>EU-Mitgliedstaaten: DHL P\u00e4ckchen M + Sendeverfolgung 11,50\u20ac (2-12 Tage)<\/li>\n<li>Schweiz, Grossbritannien: DHL P\u00e4ckchen M + Sendeverfolgung 17,99 (2-4 Tage)<\/li>\n<li>Rest von Europa: DHL P\u00e4ckchen M + Sendungsverfolgung 22,49\u20ac (3-14 Tage)<\/li>\n<li>USA, Kanada: DHL P\u00e4ckchen M + Sendeverfolgung 22,49\u20ac (6-10 Tage)<\/li>\n<li>Australien, Neuseeland: DHL P\u00e4ckchen M + Sendeverfolgung 22,49\u20ac (9-20 Tage)<\/li>\n<li>Rest der Welt: DHL P\u00e4ckchen M + Sendeverfolgung 22,49\u20ac (7-12 Tage)<\/li>\n<\/ul>\n\n\n\t\t<\/div>\n\t<\/div>\n\t\n\t<div id=\"accordion-1520311091\" class=\"accordion-item\">\n\t\t<a id=\"accordion-1520311091-label\" class=\"accordion-title plain\" href=\"#accordion-item-premium-shipping\" aria-expanded=\"false\" aria-controls=\"accordion-1520311091-content\">\n\t\t\t<button class=\"toggle\" aria-label=\"Umschalten\"><i class=\"icon-angle-down\" aria-hidden=\"true\"><\/i><\/button>\n\t\t\t<span>Premium-Versand<\/span>\n\t\t<\/a>\n\t\t<div id=\"accordion-1520311091-content\" class=\"accordion-inner\" aria-labelledby=\"accordion-1520311091-label\">\n\t\t\t\n\n<h4><strong>Premium-Versand<\/strong><\/h4>\n<ul>\n<li>EU-Mitgliedstaaten: DHL Paket 13,99\u20ac (2-6 Tage)<\/li>\n<li>Schweiz, Grossbritannien: DHL Paket 26,90\u20ac (2-3 Tage)<\/li>\n<li>Rest von Europa: DHL Paket 29,99\u20ac (4-6 Tage)<\/li>\n<li>USA, Kanada: DHL Paket 47,99\u20ac (6-11 Tage)<\/li>\n<li>Australien, Neuseeland: DHL Paket 67,99\u20ac (7-9 Tage)<\/li>\n<li>Rest der Welt: DHL Paket 67,99\u20ac (3-9 Tage)<\/li>\n<\/ul>\n\n\n\t\t<\/div>\n\t<\/div>\n\t\n\n<\/div>\n<p>\u00a0<\/p>\n<h4><strong>R\u00fcckgaben:<\/strong><\/h4>\n<p>Extra lange R\u00fcckgabefrist: R\u00fcckgabe von Waren im Originalzustand bis zu 6 Monate sp\u00e4ter. Die R\u00fccksendekosten werden nicht \u00fcbernommen.<\/p>\n<h4><strong>Zahlungsm\u00f6glichkeiten:<\/strong><\/h4>\n<p>Paypal<br \/>Kredit-\/Debitkarte (SEPA) und Giro via Paypal<\/p>\n<\/div>\n<div id=\"tab_reviews\" class=\"panel entry-content\" role=\"tabpanel\" aria-labelledby=\"tab-reviews\">\n\n\n\n<\/div><\/div><\/div>","protected":false},"excerpt":{"rendered":"<p class=\"\" data-start=\"118\" data-end=\"348\"><strong data-start=\"118\" data-end=\"172\">Denim \u2013 Limited Edition Hand-Dyed Cotton Yarn (DK)<\/strong><\/p>\n<p class=\"\" data-start=\"118\" data-end=\"348\"><br data-start=\"172\" data-end=\"175\" \/>Our first plant-based yarn! This soft, breathable <strong data-start=\"225\" data-end=\"239\">denim yarn<\/strong> is hand-dyed in small batches and comes in two timeless shades. A special release\u2014when it&#8217;s gone, it&#8217;s gone.<\/p>","protected":false},"featured_media":12048,"comment_status":"open","ping_status":"closed","template":"","meta":[],"product_brand":[636],"product_cat":[640],"product_tag":[645],"class_list":{"0":"post-12002","1":"product","2":"type-product","3":"status-publish","4":"has-post-thumbnail","6":"product_brand-featherfin-yarn","7":"product_cat-denim","8":"product_tag-denim","9":"product_shipping_class-yarn","11":"first","12":"instock","13":"featured","14":"shipping-taxable","15":"purchasable","16":"product-type-variable"},"jetpack_sharing_enabled":true,"_links":{"self":[{"href":"https:\/\/www.featherfinyarn.com\/de\/wp-json\/wp\/v2\/product\/12002","targetHints":{"allow":["GET"]}}],"collection":[{"href":"https:\/\/www.featherfinyarn.com\/de\/wp-json\/wp\/v2\/product"}],"about":[{"href":"https:\/\/www.featherfinyarn.com\/de\/wp-json\/wp\/v2\/types\/product"}],"replies":[{"embeddable":true,"href":"https:\/\/www.featherfinyarn.com\/de\/wp-json\/wp\/v2\/comments?post=12002"}],"wp:featuredmedia":[{"embeddable":true,"href":"https:\/\/www.featherfinyarn.com\/de\/wp-json\/wp\/v2\/media\/12048"}],"wp:attachment":[{"href":"https:\/\/www.featherfinyarn.com\/de\/wp-json\/wp\/v2\/media?parent=12002"}],"wp:term":[{"taxonomy":"product_brand","embeddable":true,"href":"https:\/\/www.featherfinyarn.com\/de\/wp-json\/wp\/v2\/product_brand?post=12002"},{"taxonomy":"product_cat","embeddable":true,"href":"https:\/\/www.featherfinyarn.com\/de\/wp-json\/wp\/v2\/product_cat?post=12002"},{"taxonomy":"product_tag","embeddable":true,"href":"https:\/\/www.featherfinyarn.com\/de\/wp-json\/wp\/v2\/product_tag?post=12002"}],"curies":[{"name":"wp","href":"https:\/\/api.w.org\/{rel}","templated":true}]}}