{"id":12140,"date":"2025-05-15T11:43:55","date_gmt":"2025-05-15T09:43:55","guid":{"rendered":"https:\/\/www.featherfinyarn.com\/?post_type=product&#038;p=12140"},"modified":"2025-12-01T11:19:44","modified_gmt":"2025-12-01T10:19:44","slug":"mood-bundle-fog-fable","status":"publish","type":"product","link":"https:\/\/www.featherfinyarn.com\/de\/shop\/mood-bundle-fog-fable\/","title":{"rendered":"Mood Bundle &#8211; Fog &#038; Fable"},"content":{"rendered":"<div class=\"tabbed-content\">\n\t\t\t\n\t\t\t<ul class=\"nav nav-simple nav-uppercase nav-size-large nav-left\" role=\"tablist\"><li id=\"tab-description\" class=\"tab active has-icon\" role=\"presentation\"><a href=\"#tab_description\" role=\"tab\" aria-selected=\"true\" aria-controls=\"tab_description\"><span>Beschreibung<\/span><\/a><\/li>\n<li id=\"tab-details\" class=\"tab has-icon\" role=\"presentation\"><a href=\"#tab_details\" tabindex=\"-1\" role=\"tab\" aria-selected=\"false\" aria-controls=\"tab_details\"><span>Details<\/span><\/a><\/li>\n<li id=\"tab-product-safety\" class=\"tab has-icon\" role=\"presentation\"><a href=\"#tab_product-safety\" tabindex=\"-1\" role=\"tab\" aria-selected=\"false\" aria-controls=\"tab_product-safety\"><span>Produktsicherheit<\/span><\/a><\/li>\n<li id=\"tab-shipping-&amp;-returns\" class=\"tab has-icon\" role=\"presentation\"><a href=\"#tab_shipping-&amp;-returns\" tabindex=\"-1\" role=\"tab\" aria-selected=\"false\" aria-controls=\"tab_shipping-&amp;-returns\"><span>Versand &amp; R\u00fcckgabe<\/span><\/a><\/li>\n<li id=\"tab-reviews\" class=\"tab has-icon\" role=\"presentation\"><a href=\"#tab_reviews\" tabindex=\"-1\" role=\"tab\" aria-selected=\"false\" aria-controls=\"tab_reviews\"><span>Bewertungen<\/span><\/a><\/li><\/ul><div class=\"tab-panels\"><div id=\"tab_description\" class=\"panel active entry-content\" role=\"tabpanel\" aria-labelledby=\"tab-description\">\n<h2 class=\"\" data-start=\"176\" data-end=\"229\"><strong data-start=\"182\" data-end=\"227\">Fog &amp; Fable \u2013 Mood Bundle (3 Kn\u00e4ule)<\/strong><\/h2>\n<p class=\"\" data-start=\"230\" data-end=\"334\"><strong data-start=\"230\" data-end=\"334\">Handgef\u00e4rbtes Garnset in ruhigen, melancholischen Farben - ideal f\u00fcr Schals, Accessoires oder zur Veredelung des Stashs.<\/strong><\/p>\n<p class=\"\" data-start=\"336\" data-end=\"558\"><strong data-start=\"336\" data-end=\"351\">Fog &amp; Fable<\/strong> ist inspiriert von Nebelschwaden, die sich \u00fcber H\u00fcgel, tiefe W\u00e4lder und deren Schatten legen.<br data-start=\"418\" data-end=\"421\" \/>\u2014mysteri\u00f6s, ungesehen und still.<br data-start=\"457\" data-end=\"460\" \/>A moody mix of greyed blues and forest greens, like the edge of a dark fairytale just before it begins.<\/p>\n<hr class=\"\" data-start=\"560\" data-end=\"563\" \/>\n<h3 class=\"\" data-start=\"565\" data-end=\"601\">Was im Paket enthalten ist:<\/h3>\n<ul data-start=\"602\" data-end=\"1122\">\n<li class=\"\" data-start=\"602\" data-end=\"845\">\n<p class=\"\" data-start=\"604\" data-end=\"845\"><strong data-start=\"604\" data-end=\"651\">3 volle Str\u00e4nge handgef\u00e4rbter Wolle<\/strong><br data-start=\"651\" data-end=\"654\" \/>Drei \u00dcberraschungsstr\u00e4nge in der gew\u00e4hlten Wollsorte, die auf die Stimmung von Fog &amp; Fable abgestimmt sind.<br data-start=\"755\" data-end=\"758\" \/>Keine Wiederholungen - nur ein harmonisches Farb-Trio, das wunderbar zusammenpasst.<\/p>\n<\/li>\n<li class=\"\" data-start=\"847\" data-end=\"1122\">\n<p class=\"\" data-start=\"849\" data-end=\"883\"><strong data-start=\"849\" data-end=\"866\">Wollsorten:<\/strong><br data-start=\"866\" data-end=\"869\" \/>Zur Auswahl stehen:<\/p>\n<ul data-start=\"886\" data-end=\"1122\">\n<li class=\"\" data-start=\"886\" data-end=\"937\">\n<p class=\"\" data-start=\"888\" data-end=\"937\">Super Sock (75% Schurwolle (Merino)\/ 25% Nylon \u2013 400m \/ 100g)<\/p>\n<\/li>\n<li class=\"\" data-start=\"940\" data-end=\"994\">\n<p class=\"\" data-start=\"942\" data-end=\"994\">Soft &amp; Silky (80% Schurwolle (Merino) \/ 20% Seide \u2013 230m \/ 100g)<\/p>\n<\/li>\n<li class=\"\" data-start=\"997\" data-end=\"1067\">\n<p class=\"\" data-start=\"999\" data-end=\"1067\">Kid Silk (64% Mohair \/ 36% Seide \u2013 420m \/ 50g !!)<\/p>\n<\/li>\n<li class=\"\" data-start=\"1070\" data-end=\"1122\">\n<p class=\"\" data-start=\"1072\" data-end=\"1122\">Moonlight (50% Schurwolle (Merino) \/ 50% Lyocell \u2013 800m \/ 100g)<\/p>\n<\/li>\n<\/ul>\n<\/li>\n<\/ul>\n<hr class=\"\" data-start=\"1124\" data-end=\"1127\" \/>\n<h3 class=\"\" data-start=\"1129\" data-end=\"1162\">Projektideen:<\/h3>\n<p class=\"\" data-start=\"1163\" data-end=\"1190\">Dieses Set eignet sich hervorragend f\u00fcr:<\/p>\n<ul data-start=\"1191\" data-end=\"1445\">\n<li class=\"\" data-start=\"1191\" data-end=\"1221\">\n<p class=\"\" data-start=\"1193\" data-end=\"1221\">Schals oder T\u00fccher im Fade-Stil<\/p>\n<\/li>\n<li class=\"\" data-start=\"1222\" data-end=\"1278\">\n<p class=\"\" data-start=\"1224\" data-end=\"1278\">Farbige Accessoires wie M\u00fctzen, Handschuhe oder T\u00fccher<\/p>\n<\/li>\n<li class=\"\" data-start=\"1279\" data-end=\"1353\">\n<p class=\"\" data-start=\"1281\" data-end=\"1353\">L\u00fcckenf\u00fcller f\u00fcr atmosph\u00e4rische Farbt\u00f6ne im Stash - wenn sonst nichts so recht passt<\/p>\n<\/li>\n<li class=\"\" data-start=\"1354\" data-end=\"1445\">\n<p class=\"\" data-start=\"1356\" data-end=\"1445\">Sich von den Farben zu einer neuen Idee inspirieren lassen, ohne sich zu sehr auf eine volle Pullovermenge festzulegen<\/p>\n<\/li>\n<\/ul>\n<p class=\"\" data-start=\"1447\" data-end=\"1516\">Jedes Paket ist ein Unikat, genau wie das Wetter, das es inspiriert hat.<\/p>\n<hr class=\"\" data-start=\"1518\" data-end=\"1521\" \/>\n<h3 class=\"\" data-start=\"1523\" data-end=\"1551\">Wissenswertes:<\/h3>\n<ul data-start=\"1552\" data-end=\"1788\">\n<li class=\"\" data-start=\"1552\" data-end=\"1631\">\n<p class=\"\" data-start=\"1554\" data-end=\"1631\">Alle Str\u00e4nge stammen aus aktuellen Chargen, k\u00f6nnen aber leicht von den Angaben im Shop abweichen.<\/p>\n<\/li>\n<li class=\"\" data-start=\"1632\" data-end=\"1733\">\n<p class=\"\" data-start=\"1634\" data-end=\"1733\">Die Farben sind eine \u00dcberraschung innerhalb des Themas - die Fotos zeigen Beispiele, aber jedes B\u00fcndel ist einzigartig.<\/p>\n<\/li>\n<li class=\"\" data-start=\"1734\" data-end=\"1788\">\n<p class=\"\" data-start=\"1736\" data-end=\"1788\">Verf\u00fcgbar <strong data-start=\"1746\" data-end=\"1769\">nur vom 15. bis 18. Mai<\/strong> oder solange der Vorrat reicht.<\/p>\n<\/li>\n<\/ul>\n<hr class=\"\" data-start=\"1790\" data-end=\"1793\" \/>\n<h3 class=\"\" data-start=\"1795\" data-end=\"1812\">Wollpflege:<\/h3>\n<p class=\"\" data-start=\"1813\" data-end=\"1909\">Handw\u00e4sche im kalten Wasser ist am schonendsten. Liegend trocknen lassen.<br data-start=\"1854\" data-end=\"1857\" \/>Bitte eine Maschenprobe f\u00fcr die besten Ergebnisse erstellen.<\/p>\n<hr class=\"\" data-start=\"1911\" data-end=\"1914\" \/>\n<h3 class=\"\" data-start=\"1916\" data-end=\"1927\">\ud83d\udcac FAQ:<\/h3>\n<p class=\"\" data-start=\"1929\" data-end=\"2047\"><strong data-start=\"1929\" data-end=\"1965\">Doppeln sich Farben pro Set?<\/strong><br data-start=\"1965\" data-end=\"1968\" \/>Nein. Jedes B\u00fcndel beinhaltet 3 verschiedene Farben die miteinander harmonieren.<\/p>\n<p class=\"\" data-start=\"2049\" data-end=\"2185\"><strong data-start=\"2049\" data-end=\"2082\">Darf ich mir Farben aussuchen?<\/strong><br data-start=\"2082\" data-end=\"2085\" \/>Nein, aber du kannst unserer Auswahl vertrauen. Jedes Set wird sorgf\u00e4ltig zusammengestellt, um die Stimmung von Fog &amp; Fable auszudr\u00fccken.<\/p>\n<p class=\"\" data-start=\"2187\" data-end=\"2302\"><strong data-start=\"2187\" data-end=\"2221\">Kommen die Sets wieder?<\/strong><br data-start=\"2221\" data-end=\"2224\" \/>Nein, nicht diese Moods speziell. Es kann aber sein, dass in Zukunft weitere Mood-Bundles im Shop auftauchen.<\/p>\n<\/div>\n<div id=\"tab_details\" class=\"panel entry-content\" role=\"tabpanel\" aria-labelledby=\"tab-details\">\n<ul>\n<li>Gef\u00e4rbt in Strangform ohne Knoten (gro\u00dfe Garnschlingen). Zu einem Kn\u00e4uel aufwickeln, um zu stricken\/h\u00e4keln\/weben.<\/li>\n<li>Die Merinowolle wird als \u201eSchurwolle\u201c gekennzeichnet, wie es die EU-Verordnung \u00fcber die Kennzeichnung von nicht recycelter Schafschurwolle vorschreibt.<\/li>\n<li>Jeder handgef\u00e4rbte Strang ist einzigartig. Die Kn\u00e4ule einer Charge sind sich am \u00e4hnlichsten. Versuche also, genug f\u00fcr Dein Projekt zu kaufen oder bestelle die Menge vor, die Du brauchst.<\/li>\n<li>Je nach Monitoreinstellung k\u00f6nnen die Farben unterschiedlich dargestellt werden.<\/li>\n<\/ul>\n<\/div>\n<div id=\"tab_product-safety\" class=\"panel entry-content\" role=\"tabpanel\" aria-labelledby=\"tab-product-safety\">\n\n\t\n\t\n\t\t\t<h3 class=\"wc-gzd-product-manufacturer-heading wc-gzd-additional-info-placeholder\" aria-hidden=\"true\"><\/h3>\n\t\n\t<div class=\"wc-gzd-additional-info manufacturer wc-gzd-additional-info-placeholder\" aria-hidden=\"true\"><\/div>\n\n\t\t\t<h3 class=\"wc-gzd-product-safety-attachments-heading wc-gzd-additional-info-placeholder\" aria-hidden=\"true\"><\/h3>\n\t\n\t<div class=\"wc-gzd-additional-info product-safety-attachments wc-gzd-additional-info-placeholder\" aria-hidden=\"true\"><\/div>\n\n\t\t\t<h3 class=\"wc-gzd-product-safety-instructions-heading\">Sicherheitshinweise<\/h3>\n\t\n\t<div class=\"safety-instructions wc-gzd-additional-info\">\n\t\t<p>W\u00e4hlen Sie eine Wollsorte aus, um die entsprechenden Sicherheitshinweise anzuzeigen.<\/p>\n\t<\/div>\n\n<\/div>\n<div id=\"tab_shipping-&amp;-returns\" class=\"panel entry-content\" role=\"tabpanel\" aria-labelledby=\"tab-shipping-&amp;-returns\">\n<h3><strong>Garnversand<\/strong><\/h3>\n<h4><strong>Versand<\/strong><\/h4>\n<p>Sofern im Angebot nicht anders angegeben, wird die Ware innerhalb von 1-3 Tagen (Mo-Fr) ab Vertragsabschluss (Datum der Zahlungsanweisung) versendet. Vorbestellte Produkte ben\u00f6tigen ca. 5-10 Tage bis zum Versand (Mo-Fr).<\/p>\n<p><em><strong>Die Gesamtlieferzeit setzt sich also aus der Bearbeitungszeit und den unten aufgef\u00fchrten Versandzeiten zusammen.<\/strong><\/em><\/p>\n<p>Wenn Sie Artikel mit unterschiedlichen Lieferterminen bestellt haben, versenden wir die Artikel zusammen in einer Lieferung, sofern keine andere Vereinbarung getroffen wurde. Der Liefertermin f\u00fcr die gesamte Bestellung entspricht dem des Artikels mit der l\u00e4ngsten Lieferzeit.<\/p>\n<h4><strong>Inl\u00e4ndischer Versand<\/strong><\/h4>\n<ul>\n<li>Deutschland: DHL Paket M 5,49\u20ac (1-2 Arbeitstage)<\/li>\n<\/ul>\n<p>Kostenfrei ab 70\u20ac Bestellwert.<\/p>\n<h4><strong>Internationaler Versand<\/strong><\/h4>\n<div class=\"accordion\">\n\n\t<div id=\"accordion-3683389312\" class=\"accordion-item\">\n\t\t<a id=\"accordion-3683389312-label\" class=\"accordion-title plain active\" href=\"#accordion-item-standard-shipping*\" aria-expanded=\"true\" aria-controls=\"accordion-3683389312-content\">\n\t\t\t<button class=\"toggle\" aria-label=\"Umschalten\"><i class=\"icon-angle-down\" aria-hidden=\"true\"><\/i><\/button>\n\t\t\t<span>Standard Versand<\/span>\n\t\t<\/a>\n\t\t<div id=\"accordion-3683389312-content\" class=\"accordion-inner\" style=\"display: block;\" aria-labelledby=\"accordion-3683389312-label\">\n\t\t\t\n\n<h4><strong>Standard Versand<\/strong><\/h4>\n<ul>\n<li>EU-Mitgliedstaaten: DHL P\u00e4ckchen M 10,49\u20ac (2-14 Tage)<\/li>\n<li>Schweiz, Gro\u00dfbritannien: DHL P\u00e4ckchen M 15,49\u20ac (3-6 Tage)<\/li>\n<li>Rest von Europa: DHL P\u00e4ckchen M 18,49\u20ac (4-15 Tage)<\/li>\n<li>USA, Kanada: DHL P\u00e4ckchen M 18,49\u20ac (10-15 Tage)<\/li>\n<li>Australien, Neuseeland: DHL P\u00e4ckchen M 18,49\u20ac (12-25 Tage)<\/li>\n<li>Rest der Welt: DHL P\u00e4ckchen M 18,49\u20ac (15-20 Tage)<\/li>\n<\/ul>\n<p><em><strong>* ohne Sendungsverfolgung. Kostenfrei ab 140\u20ac Bestellwert.<\/strong><\/em><\/p>\n\n\n\t\t<\/div>\n\t<\/div>\n\t\n\t<div id=\"accordion-72241504\" class=\"accordion-item\">\n\t\t<a id=\"accordion-72241504-label\" class=\"accordion-title plain\" href=\"#accordion-item-tracked-shipping\" aria-expanded=\"false\" aria-controls=\"accordion-72241504-content\">\n\t\t\t<button class=\"toggle\" aria-label=\"Umschalten\"><i class=\"icon-angle-down\" aria-hidden=\"true\"><\/i><\/button>\n\t\t\t<span>Versand mit Sendeverfolgung<\/span>\n\t\t<\/a>\n\t\t<div id=\"accordion-72241504-content\" class=\"accordion-inner\" aria-labelledby=\"accordion-72241504-label\">\n\t\t\t\n\n<h4><strong>Versand mit Sendeverfolgung<\/strong><\/h4>\n<ul>\n<li>EU-Mitgliedstaaten: DHL P\u00e4ckchen M + Sendeverfolgung 11,50\u20ac (2-12 Tage)<\/li>\n<li>Schweiz, Grossbritannien: DHL P\u00e4ckchen M + Sendeverfolgung 17,99 (2-4 Tage)<\/li>\n<li>Rest von Europa: DHL P\u00e4ckchen M + Sendungsverfolgung 22,49\u20ac (3-14 Tage)<\/li>\n<li>USA, Kanada: DHL P\u00e4ckchen M + Sendeverfolgung 22,49\u20ac (6-10 Tage)<\/li>\n<li>Australien, Neuseeland: DHL P\u00e4ckchen M + Sendeverfolgung 22,49\u20ac (9-20 Tage)<\/li>\n<li>Rest der Welt: DHL P\u00e4ckchen M + Sendeverfolgung 22,49\u20ac (7-12 Tage)<\/li>\n<\/ul>\n\n\n\t\t<\/div>\n\t<\/div>\n\t\n\t<div id=\"accordion-131376245\" class=\"accordion-item\">\n\t\t<a id=\"accordion-131376245-label\" class=\"accordion-title plain\" href=\"#accordion-item-premium-shipping\" aria-expanded=\"false\" aria-controls=\"accordion-131376245-content\">\n\t\t\t<button class=\"toggle\" aria-label=\"Umschalten\"><i class=\"icon-angle-down\" aria-hidden=\"true\"><\/i><\/button>\n\t\t\t<span>Premium-Versand<\/span>\n\t\t<\/a>\n\t\t<div id=\"accordion-131376245-content\" class=\"accordion-inner\" aria-labelledby=\"accordion-131376245-label\">\n\t\t\t\n\n<h4><strong>Premium-Versand<\/strong><\/h4>\n<ul>\n<li>EU-Mitgliedstaaten: DHL Paket 13,99\u20ac (2-6 Tage)<\/li>\n<li>Schweiz, Grossbritannien: DHL Paket 26,90\u20ac (2-3 Tage)<\/li>\n<li>Rest von Europa: DHL Paket 29,99\u20ac (4-6 Tage)<\/li>\n<li>USA, Kanada: DHL Paket 47,99\u20ac (6-11 Tage)<\/li>\n<li>Australien, Neuseeland: DHL Paket 67,99\u20ac (7-9 Tage)<\/li>\n<li>Rest der Welt: DHL Paket 67,99\u20ac (3-9 Tage)<\/li>\n<\/ul>\n\n\n\t\t<\/div>\n\t<\/div>\n\t\n\n<\/div>\n<p>\u00a0<\/p>\n<h4><strong>R\u00fcckgaben:<\/strong><\/h4>\n<p>Extra lange R\u00fcckgabefrist: R\u00fcckgabe von Waren im Originalzustand bis zu 6 Monate sp\u00e4ter. Die R\u00fccksendekosten werden nicht \u00fcbernommen.<\/p>\n<h4><strong>Zahlungsm\u00f6glichkeiten:<\/strong><\/h4>\n<p>Paypal<br \/>Kredit-\/Debitkarte (SEPA) und Giro via Paypal<\/p>\n<\/div>\n<div id=\"tab_reviews\" class=\"panel entry-content\" role=\"tabpanel\" aria-labelledby=\"tab-reviews\">\n\n\n\n<\/div><\/div><\/div>","protected":false},"excerpt":{"rendered":"<h2 class=\"\" data-start=\"176\" data-end=\"229\"><strong data-start=\"182\" data-end=\"227\">Fog &amp; Fable \u2013 Mood Bundle (3 Kn\u00e4ule)<\/strong><\/h2>\n<p class=\"\" data-start=\"230\" data-end=\"334\"><strong data-start=\"230\" data-end=\"334\">Handgef\u00e4rbtes Garnset in ruhigen, melancholischen Farben - ideal f\u00fcr Schals, Accessoires oder zur Veredelung des Stashs.<\/strong><\/p>\n<p class=\"\" data-start=\"336\" data-end=\"558\"><strong data-start=\"336\" data-end=\"351\">Fog &amp; Fable<\/strong> ist inspiriert von Nebelschwaden, die sich \u00fcber H\u00fcgel, tiefe W\u00e4lder und deren Schatten legen.<br data-start=\"418\" data-end=\"421\" \/>\u2014mysteri\u00f6s, ungesehen und still.<br data-start=\"457\" data-end=\"460\" \/>Eine stimmungsvolle Mischung aus gr\u00e4ulichen Blaut\u00f6nen und Waldgr\u00fcn, gleich einer Landschaft im Auftakt zu einem d\u00fcsteren Fantasy-Roman.<\/p>\n<hr class=\"\" data-start=\"560\" data-end=\"563\" \/>\n<h3 class=\"\" data-start=\"565\" data-end=\"601\">Was im Paket enthalten ist:<\/h3>\n<ul data-start=\"602\" data-end=\"1122\">\n<li class=\"\" data-start=\"602\" data-end=\"845\">\n<p class=\"\" data-start=\"604\" data-end=\"845\"><strong data-start=\"604\" data-end=\"651\">3 volle Str\u00e4nge handgef\u00e4rbter Wolle<\/strong><br data-start=\"651\" data-end=\"654\" \/>Drei \u00dcberraschungsstr\u00e4nge in der gew\u00e4hlten Wollsorte, die auf die Stimmung von Fog &amp; Fable abgestimmt sind.<br data-start=\"755\" data-end=\"758\" \/>Keine Wiederholungen - nur ein harmonisches Farb-Trio, das wunderbar zusammenpasst.<\/p>\n<\/li>\n<li class=\"\" data-start=\"847\" data-end=\"1122\">\n<p class=\"\" data-start=\"849\" data-end=\"883\"><strong data-start=\"849\" data-end=\"866\">Wollsorten:<\/strong><br data-start=\"866\" data-end=\"869\" \/>Zur Auswahl stehen:<\/p>\n<ul data-start=\"886\" data-end=\"1122\">\n<li class=\"\" data-start=\"886\" data-end=\"937\">\n<p class=\"\" data-start=\"888\" data-end=\"937\">Super Sock (75% Schurwolle (Merino)\/ 25% Nylon \u2013 400m \/ 100g)<\/p>\n<\/li>\n<li class=\"\" data-start=\"940\" data-end=\"994\">\n<p class=\"\" data-start=\"942\" data-end=\"994\">Soft &amp; Silky (80% Schurwolle (Merino) \/ 20% Seide \u2013 230m \/ 100g)<\/p>\n<\/li>\n<li class=\"\" data-start=\"997\" data-end=\"1067\">\n<p class=\"\" data-start=\"999\" data-end=\"1067\">Kid Silk (64% Mohair \/ 36% Seide \u2013 420m \/ 50g !!)<\/p>\n<\/li>\n<li class=\"\" data-start=\"1070\" data-end=\"1122\">\n<p class=\"\" data-start=\"1072\" data-end=\"1122\">Moonlight (50% Schurwolle (Merino) \/ 50% Lyocell \u2013 800m \/ 100g)<\/p>\n<\/li>\n<\/ul>\n<\/li>\n<\/ul>","protected":false},"featured_media":12155,"comment_status":"open","ping_status":"closed","template":"","meta":[],"product_brand":[636],"product_cat":[646],"product_tag":[],"class_list":{"0":"post-12140","1":"product","2":"type-product","3":"status-publish","4":"has-post-thumbnail","6":"product_brand-featherfin-yarn","7":"product_cat-mood-bundles","9":"first","10":"outofstock","11":"sale","12":"shipping-taxable","13":"purchasable","14":"product-type-variable"},"jetpack_sharing_enabled":true,"_links":{"self":[{"href":"https:\/\/www.featherfinyarn.com\/de\/wp-json\/wp\/v2\/product\/12140","targetHints":{"allow":["GET"]}}],"collection":[{"href":"https:\/\/www.featherfinyarn.com\/de\/wp-json\/wp\/v2\/product"}],"about":[{"href":"https:\/\/www.featherfinyarn.com\/de\/wp-json\/wp\/v2\/types\/product"}],"replies":[{"embeddable":true,"href":"https:\/\/www.featherfinyarn.com\/de\/wp-json\/wp\/v2\/comments?post=12140"}],"wp:featuredmedia":[{"embeddable":true,"href":"https:\/\/www.featherfinyarn.com\/de\/wp-json\/wp\/v2\/media\/12155"}],"wp:attachment":[{"href":"https:\/\/www.featherfinyarn.com\/de\/wp-json\/wp\/v2\/media?parent=12140"}],"wp:term":[{"taxonomy":"product_brand","embeddable":true,"href":"https:\/\/www.featherfinyarn.com\/de\/wp-json\/wp\/v2\/product_brand?post=12140"},{"taxonomy":"product_cat","embeddable":true,"href":"https:\/\/www.featherfinyarn.com\/de\/wp-json\/wp\/v2\/product_cat?post=12140"},{"taxonomy":"product_tag","embeddable":true,"href":"https:\/\/www.featherfinyarn.com\/de\/wp-json\/wp\/v2\/product_tag?post=12140"}],"curies":[{"name":"wp","href":"https:\/\/api.w.org\/{rel}","templated":true}]}}