{"id":12146,"date":"2025-05-15T11:40:13","date_gmt":"2025-05-15T09:40:13","guid":{"rendered":"https:\/\/www.featherfinyarn.com\/?post_type=product&#038;p=12146"},"modified":"2025-12-01T11:19:43","modified_gmt":"2025-12-01T10:19:43","slug":"mood-bundle-wild-berry-picnic","status":"publish","type":"product","link":"https:\/\/www.featherfinyarn.com\/de\/shop\/mood-bundle-wild-berry-picnic\/","title":{"rendered":"Mood Bundle &#8211; Wild Berry Picnic"},"content":{"rendered":"<div class=\"tabbed-content\">\n<ul class=\"nav nav-simple nav-uppercase nav-size-large nav-left\" role=\"tablist\">\n<li id=\"tab-description\" class=\"tab active has-icon\" role=\"presentation\"><a role=\"tab\" href=\"#tab_description\" aria-controls=\"tab_description\">Beschreibung<\/a><\/li>\n<li id=\"tab-details\" class=\"tab has-icon\" role=\"presentation\"><a role=\"tab\" href=\"#tab_details\" aria-controls=\"tab_details\">Details<\/a><\/li>\n<li id=\"tab-product-safety\" class=\"tab has-icon\" role=\"presentation\"><a role=\"tab\" href=\"#tab_product-safety\" aria-controls=\"tab_product-safety\">Produktsicherheit<\/a><\/li>\n<li id=\"tab-shipping-&amp;-returns\" class=\"tab has-icon\" role=\"presentation\"><a role=\"tab\" href=\"#tab_shipping-&amp;-returns\" aria-controls=\"tab_shipping-&amp;-returns\">Versand &amp; R\u00fcckgabe<\/a><\/li>\n<li id=\"tab-reviews\" class=\"tab has-icon\" role=\"presentation\"><a role=\"tab\" href=\"#tab_reviews\" aria-controls=\"tab_reviews\">Bewertungen<\/a><\/li>\n<\/ul>\n<div class=\"tab-panels\">\n<div id=\"tab_description\" class=\"panel active entry-content\" role=\"tabpanel\" aria-labelledby=\"tab-description\">\n<h2 class=\"\" data-start=\"218\" data-end=\"277\"><strong data-start=\"224\" data-end=\"275\">Wild Berry Picnic \u2013 Mood Bundle (3 Kn\u00e4ule)<\/strong><\/h2>\n<p class=\"\" data-start=\"278\" data-end=\"396\"><strong data-start=\"278\" data-end=\"396\">Handgef\u00e4rbtes Garn in fr\u00f6hlichen, vertr\u00e4umten T\u00f6nen - perfekt f\u00fcr Fades, Colorwork oder besondere Str\u00e4nge f\u00fcr den Stash.<\/strong><\/p>\n<p class=\"\" data-start=\"398\" data-end=\"622\"><strong data-start=\"398\" data-end=\"419\">Wild Berry Picnic<\/strong> ist inspiriert von unbeschwerten Nachmittagen unter freiem Himmel.<br \/>\n-Lebendig und voller S\u00fc\u00dfe.<br \/>\nEine Mischung aus Beerent\u00f6nen und blumigen Nuancen, vergleichbar mit einer Handvoll wilder Bl\u00fcten und kleinen Fr\u00fcchten, die man bei einem Spaziergang in der Sonne sammeln konnte.<\/p>\n<hr class=\"\" data-start=\"624\" data-end=\"627\" \/>\n<h3 class=\"\" data-start=\"629\" data-end=\"665\">Was im Paket enthalten ist:<\/h3>\n<ul data-start=\"666\" data-end=\"1186\">\n<li class=\"\" data-start=\"666\" data-end=\"909\">\n<p class=\"\" data-start=\"668\" data-end=\"909\"><strong data-start=\"668\" data-end=\"715\">3 volle Str\u00e4nge handgef\u00e4rbter Wolle<\/strong><br \/>\nDrei \u00dcberraschungsstr\u00e4nge in der gew\u00e4hlten Wollsorte, die auf die Stimmung von Wild Berry Picnic abgestimmt sind.<br \/>\nKeine Wiederholungen - nur ein verspieltes, sonniges Farb-Trio, das sich wunderbar kombinieren l\u00e4sst.<\/p>\n<\/li>\n<li class=\"\" data-start=\"911\" data-end=\"1186\">\n<p class=\"\" data-start=\"913\" data-end=\"947\"><strong data-start=\"913\" data-end=\"930\">Wollsorten:<\/strong><br \/>\nZur Auswahl stehen:<\/p>\n<ul data-start=\"950\" data-end=\"1186\">\n<li class=\"\" data-start=\"950\" data-end=\"1001\">\n<p class=\"\" data-start=\"952\" data-end=\"1001\">Super Sock (75% Wool \/ 25% Nylon \u2013 425m \/ 100g)<\/p>\n<\/li>\n<li class=\"\" data-start=\"1004\" data-end=\"1058\">\n<p class=\"\" data-start=\"1006\" data-end=\"1058\">Soft &amp; Silky (80% Merino \/ 20% Silk \u2013 225m \/ 100g)<\/p>\n<\/li>\n<li class=\"\" data-start=\"1061\" data-end=\"1131\">\n<p class=\"\" data-start=\"1063\" data-end=\"1131\">Kid Silk (72% Mohair \/ 28% Silk \u2013 420m \/ 50g !!)<\/p>\n<\/li>\n<li class=\"\" data-start=\"1134\" data-end=\"1186\">\n<p class=\"\" data-start=\"1136\" data-end=\"1186\">Moonlight (80% Merino \/ 20% Lyocell \u2013 400m \/ 100g)<\/p>\n<\/li>\n<\/ul>\n<\/li>\n<\/ul>\n<hr class=\"\" data-start=\"1188\" data-end=\"1191\" \/>\n<h3 class=\"\" data-start=\"1193\" data-end=\"1226\">Projektideen:<\/h3>\n<p class=\"\" data-start=\"1227\" data-end=\"1254\">Dieses Set eignet sich hervorragend f\u00fcr:<\/p>\n<ul data-start=\"1255\" data-end=\"1523\">\n<li class=\"\" data-start=\"1255\" data-end=\"1297\">\n<p class=\"\" data-start=\"1257\" data-end=\"1297\">Schals oder T\u00fccher im Fade-Stil<\/p>\n<\/li>\n<li class=\"\" data-start=\"1298\" data-end=\"1359\">\n<p class=\"\" data-start=\"1300\" data-end=\"1359\">Farbige Accessoires wie M\u00fctzen, Handschuhe oder T\u00fccher<\/p>\n<\/li>\n<li class=\"\" data-start=\"1360\" data-end=\"1469\">\n<p class=\"\" data-start=\"1362\" data-end=\"1469\">Dem Stash fr\u00f6hliche, satte Farben hinzuf\u00fcgen - vor allem jene T\u00f6ne, die immer fehlen, wenn man sie braucht<\/p>\n<\/li>\n<li class=\"\" data-start=\"1470\" data-end=\"1523\">\n<p class=\"\" data-start=\"1472\" data-end=\"1523\">Das n\u00e4chste kleine Projekt von hellen Farben inspirieren lassen<\/p>\n<\/li>\n<\/ul>\n<p class=\"\" data-start=\"1525\" data-end=\"1599\">Jedes B\u00fcndel ist eine \u00dcberraschung, aber immer mit Harmonie und guter Energie gef\u00fcllt.<\/p>\n<hr class=\"\" data-start=\"1518\" data-end=\"1521\" \/>\n<h3 class=\"\" data-start=\"1523\" data-end=\"1551\">Wissenswertes:<\/h3>\n<ul data-start=\"1552\" data-end=\"1788\">\n<li class=\"\" data-start=\"1552\" data-end=\"1631\">\n<p class=\"\" data-start=\"1554\" data-end=\"1631\">Alle Str\u00e4nge stammen aus aktuellen Chargen, k\u00f6nnen aber leicht von den Angaben im Shop abweichen.<\/p>\n<\/li>\n<li class=\"\" data-start=\"1632\" data-end=\"1733\">\n<p class=\"\" data-start=\"1634\" data-end=\"1733\">Die Farben sind eine \u00dcberraschung innerhalb des Themas - die Fotos zeigen Beispiele, aber jedes B\u00fcndel ist einzigartig.<\/p>\n<\/li>\n<li class=\"\" data-start=\"1734\" data-end=\"1788\">\n<p class=\"\" data-start=\"1736\" data-end=\"1788\">Verf\u00fcgbar <strong data-start=\"1746\" data-end=\"1769\">nur vom 15. bis 18. Mai<\/strong> oder solange der Vorrat reicht.<\/p>\n<\/li>\n<\/ul>\n<hr class=\"\" data-start=\"1790\" data-end=\"1793\" \/>\n<h3 class=\"\" data-start=\"1795\" data-end=\"1812\">Wollpflege:<\/h3>\n<p class=\"\" data-start=\"1813\" data-end=\"1909\">Handw\u00e4sche im kalten Wasser ist am schonendsten. Liegend trocknen lassen.<br \/>\nBitte eine Maschenprobe f\u00fcr die besten Ergebnisse erstellen.<\/p>\n<hr class=\"\" data-start=\"1911\" data-end=\"1914\" \/>\n<h3 class=\"\" data-start=\"1916\" data-end=\"1927\">\ud83d\udcac FAQ:<\/h3>\n<p class=\"\" data-start=\"1929\" data-end=\"2047\"><strong data-start=\"1929\" data-end=\"1965\">Doppeln sich Farben pro Set?<\/strong><br \/>\nNein. Jedes B\u00fcndel beinhaltet 3 verschiedene Farben die miteinander harmonieren.<\/p>\n<p class=\"\" data-start=\"2049\" data-end=\"2185\"><strong data-start=\"2049\" data-end=\"2082\">Darf ich mir Farben aussuchen?<\/strong><br \/>\nNein, aber du kannst unserer Auswahl vertrauen. Jedes Set wird sorgf\u00e4ltig zusammengestellt, um die Stimmung von Fog &amp; Fable auszudr\u00fccken.<\/p>\n<p class=\"\" data-start=\"2187\" data-end=\"2302\"><strong data-start=\"2187\" data-end=\"2221\">Kommen die Sets wieder?<\/strong><br \/>\nNein, nicht diese Moods speziell. Es kann aber sein, dass in Zukunft weitere Mood-Bundles im Shop auftauchen.<\/p>\n<\/div>\n<div id=\"tab_details\" class=\"panel entry-content\" role=\"tabpanel\" aria-labelledby=\"tab-details\">\n<ul>\n<li>Gef\u00e4rbt in Strangform ohne Knoten (gro\u00dfe Garnschlingen). Zu einem Kn\u00e4uel aufwickeln, um zu stricken\/h\u00e4keln\/weben.<\/li>\n<li>Die Merinowolle wird als \u201eSchurwolle\u201c gekennzeichnet, wie es die EU-Verordnung \u00fcber die Kennzeichnung von nicht recycelter Schafschurwolle vorschreibt.<\/li>\n<li>Jeder handgef\u00e4rbte Strang ist einzigartig. Die Kn\u00e4ule einer Charge sind sich am \u00e4hnlichsten. Versuche also, genug f\u00fcr Dein Projekt zu kaufen oder bestelle die Menge vor, die Du brauchst.<\/li>\n<li>Je nach Monitoreinstellung k\u00f6nnen die Farben unterschiedlich dargestellt werden.<\/li>\n<\/ul>\n<\/div>\n<div id=\"tab_product-safety\" class=\"panel entry-content\" role=\"tabpanel\" aria-labelledby=\"tab-product-safety\"><\/div>\n<div id=\"tab_shipping-&amp;-returns\" class=\"panel entry-content\" role=\"tabpanel\" aria-labelledby=\"tab-shipping-&amp;-returns\">\n<h3><strong>Garnversand<\/strong><\/h3>\n<h4><strong>Versand<\/strong><\/h4>\n<p>Sofern im Angebot nicht anders angegeben, wird die Ware innerhalb von 1-3 Tagen (Mo-Fr) ab Vertragsabschluss (Datum der Zahlungsanweisung) versendet. Vorbestellte Produkte ben\u00f6tigen ca. 5-10 Tage bis zum Versand (Mo-Fr).<\/p>\n<p><em><strong>Die Gesamtlieferzeit setzt sich also aus der Bearbeitungszeit und den unten aufgef\u00fchrten Versandzeiten zusammen.<\/strong><\/em><\/p>\n<p>Wenn Sie Artikel mit unterschiedlichen Lieferterminen bestellt haben, versenden wir die Artikel zusammen in einer Lieferung, sofern keine andere Vereinbarung getroffen wurde. Der Liefertermin f\u00fcr die gesamte Bestellung entspricht dem des Artikels mit der l\u00e4ngsten Lieferzeit.<\/p>\n<h4><strong>Inl\u00e4ndischer Versand<\/strong><\/h4>\n<ul>\n<li>Deutschland: DHL Paket M 5,49\u20ac (1-2 Arbeitstage)<\/li>\n<\/ul>\n<p>Kostenfrei ab 70\u20ac Bestellwert.<\/p>\n<h4><strong>Internationaler Versand<\/strong><\/h4>\n<div class=\"accordion\">\n<div id=\"accordion-2823190446\" class=\"accordion-item\">\n<p>&nbsp;<\/p>\n<p><a id=\"accordion-2823190446-label\" class=\"accordion-title plain active\" href=\"#accordion-item-standard-shipping*\" aria-expanded=\"true\" aria-controls=\"accordion-2823190446-content\"> <\/a><a id=\"accordion-2823190446-label\" class=\"accordion-title plain active\" href=\"#accordion-item-standard-shipping*\" aria-expanded=\"true\" aria-controls=\"accordion-2823190446-content\">Standard Versand<\/a><\/p>\n<p>&nbsp;<\/p>\n<div id=\"accordion-2823190446-content\" class=\"accordion-inner\" style=\"display: block;\" aria-labelledby=\"accordion-2823190446-label\">\n<h4><strong>Standard Versand<\/strong><\/h4>\n<ul>\n<li>EU-Mitgliedstaaten: DHL P\u00e4ckchen M 10,49\u20ac (2-14 Tage)<\/li>\n<li>Schweiz, Gro\u00dfbritannien: DHL P\u00e4ckchen M 15,49\u20ac (3-6 Tage)<\/li>\n<li>Rest von Europa: DHL P\u00e4ckchen M 18,49\u20ac (4-15 Tage)<\/li>\n<li>USA, Kanada: DHL P\u00e4ckchen M 18,49\u20ac (10-15 Tage)<\/li>\n<li>Australien, Neuseeland: DHL P\u00e4ckchen M 18,49\u20ac (12-25 Tage)<\/li>\n<li>Rest der Welt: DHL P\u00e4ckchen M 18,49\u20ac (15-20 Tage)<\/li>\n<\/ul>\n<p><em><strong>* ohne Sendungsverfolgung. Kostenfrei ab 140\u20ac Bestellwert.<\/strong><\/em><\/p>\n<\/div>\n<\/div>\n<div id=\"accordion-3320109532\" class=\"accordion-item\">\n<p>&nbsp;<\/p>\n<p><a id=\"accordion-3320109532-label\" class=\"accordion-title plain\" href=\"#accordion-item-tracked-shipping\" aria-expanded=\"false\" aria-controls=\"accordion-3320109532-content\"> <\/a><a id=\"accordion-3320109532-label\" class=\"accordion-title plain\" href=\"#accordion-item-tracked-shipping\" aria-expanded=\"false\" aria-controls=\"accordion-3320109532-content\">Versand mit Sendeverfolgung<\/a><\/p>\n<p>&nbsp;<\/p>\n<div id=\"accordion-3320109532-content\" class=\"accordion-inner\" aria-labelledby=\"accordion-3320109532-label\">\n<h4><strong>Versand mit Sendeverfolgung<\/strong><\/h4>\n<ul>\n<li>EU-Mitgliedstaaten: DHL P\u00e4ckchen M + Sendeverfolgung 11,50\u20ac (2-12 Tage)<\/li>\n<li>Schweiz, Grossbritannien: DHL P\u00e4ckchen M + Sendeverfolgung 17,99 (2-4 Tage)<\/li>\n<li>Rest von Europa: DHL P\u00e4ckchen M + Sendungsverfolgung 22,49\u20ac (3-14 Tage)<\/li>\n<li>USA, Kanada: DHL P\u00e4ckchen M + Sendeverfolgung 22,49\u20ac (6-10 Tage)<\/li>\n<li>Australien, Neuseeland: DHL P\u00e4ckchen M + Sendeverfolgung 22,49\u20ac (9-20 Tage)<\/li>\n<li>Rest der Welt: DHL P\u00e4ckchen M + Sendeverfolgung 22,49\u20ac (7-12 Tage)<\/li>\n<\/ul>\n<\/div>\n<\/div>\n<div id=\"accordion-2467939367\" class=\"accordion-item\">\n<p>&nbsp;<\/p>\n<p><a id=\"accordion-2467939367-label\" class=\"accordion-title plain\" href=\"#accordion-item-premium-shipping\" aria-expanded=\"false\" aria-controls=\"accordion-2467939367-content\"> <\/a><a id=\"accordion-2467939367-label\" class=\"accordion-title plain\" href=\"#accordion-item-premium-shipping\" aria-expanded=\"false\" aria-controls=\"accordion-2467939367-content\">Premium-Versand<\/a><\/p>\n<p>&nbsp;<\/p>\n<div id=\"accordion-2467939367-content\" class=\"accordion-inner\" aria-labelledby=\"accordion-2467939367-label\">\n<h4><strong>Premium-Versand<\/strong><\/h4>\n<ul>\n<li>EU-Mitgliedstaaten: DHL Paket 13,99\u20ac (2-6 Tage)<\/li>\n<li>Schweiz, Grossbritannien: DHL Paket 26,90\u20ac (2-3 Tage)<\/li>\n<li>Rest von Europa: DHL Paket 29,99\u20ac (4-6 Tage)<\/li>\n<li>USA, Kanada: DHL Paket 47,99\u20ac (6-11 Tage)<\/li>\n<li>Australien, Neuseeland: DHL Paket 67,99\u20ac (7-9 Tage)<\/li>\n<li>Rest der Welt: DHL Paket 67,99\u20ac (3-9 Tage)<\/li>\n<\/ul>\n<\/div>\n<\/div>\n<\/div>\n<h4><strong>R\u00fcckgaben:<\/strong><\/h4>\n<p>Extra lange R\u00fcckgabefrist: R\u00fcckgabe von Waren im Originalzustand bis zu 6 Monate sp\u00e4ter. Die R\u00fccksendekosten werden nicht \u00fcbernommen.<\/p>\n<h4><strong>Zahlungsm\u00f6glichkeiten:<\/strong><\/h4>\n<p>Paypal<br \/>\nKredit-\/Debitkarte (SEPA) und Giro via Paypal<\/p>\n<\/div>\n<div id=\"tab_reviews\" class=\"panel entry-content\" role=\"tabpanel\" aria-labelledby=\"tab-reviews\"><\/div>\n<\/div>\n<\/div>","protected":false},"excerpt":{"rendered":"<h2 class=\"\" data-start=\"218\" data-end=\"277\"><strong data-start=\"224\" data-end=\"275\">Wild Berry Picnic \u2013 Mood Bundle (3 Kn\u00e4ule)<\/strong><\/h2>\n<p class=\"\" data-start=\"278\" data-end=\"396\"><strong data-start=\"278\" data-end=\"396\">Handgef\u00e4rbtes Garn in fr\u00f6hlichen, vertr\u00e4umten T\u00f6nen - perfekt f\u00fcr Fades, Colorwork oder besondere Str\u00e4nge f\u00fcr den Stash.<\/strong><\/p>\n<p class=\"\" data-start=\"398\" data-end=\"622\"><strong data-start=\"398\" data-end=\"419\">Wild Berry Picnic<\/strong> ist inspiriert von unbeschwerten Nachmittagen unter freiem Himmel.<br data-start=\"472\" data-end=\"475\" \/>-Lebendig und voller S\u00fc\u00dfe.<br data-start=\"513\" data-end=\"516\" \/>Eine Mischung aus Beerent\u00f6nen und blumigen Nuancen, vergleichbar mit einer Handvoll wilder Bl\u00fcten und kleinen Fr\u00fcchten, die man bei einem Spaziergang in der Sonne sammeln konnte.<\/p>\n<hr class=\"\" data-start=\"624\" data-end=\"627\" \/>\n<h3 class=\"\" data-start=\"629\" data-end=\"665\">Was im Paket enthalten ist:<\/h3>\n<ul data-start=\"666\" data-end=\"1186\">\n<li class=\"\" data-start=\"666\" data-end=\"909\">\n<p class=\"\" data-start=\"668\" data-end=\"909\"><strong data-start=\"668\" data-end=\"715\">3 volle Str\u00e4nge handgef\u00e4rbter Wolle<\/strong><br data-start=\"715\" data-end=\"718\" \/>Drei \u00dcberraschungsstr\u00e4nge in der gew\u00e4hlten Wollsorte, die auf die Stimmung von Wild Berry Picnic abgestimmt sind.<br data-start=\"825\" data-end=\"828\" \/>Keine Wiederholungen - nur ein verspieltes, sonniges Farb-Trio, das sich wunderbar kombinieren l\u00e4sst.<\/p>\n<\/li>\n<li class=\"\" data-start=\"911\" data-end=\"1186\">\n<p class=\"\" data-start=\"913\" data-end=\"947\"><strong data-start=\"913\" data-end=\"930\">Wollsorten:<\/strong><br data-start=\"930\" data-end=\"933\" \/>Zur Auswahl stehen:<\/p>\n<ul data-start=\"950\" data-end=\"1186\">\n<li class=\"\" data-start=\"950\" data-end=\"1001\">\n<p class=\"\" data-start=\"952\" data-end=\"1001\">Super Sock (75% Wool \/ 25% Nylon \u2013 425m \/ 100g)<\/p>\n<\/li>\n<li class=\"\" data-start=\"1004\" data-end=\"1058\">\n<p class=\"\" data-start=\"1006\" data-end=\"1058\">Soft &amp; Silky (80% Merino \/ 20% Silk \u2013 225m \/ 100g)<\/p>\n<\/li>\n<li class=\"\" data-start=\"1061\" data-end=\"1131\">\n<p class=\"\" data-start=\"1063\" data-end=\"1131\">Kid Silk (72% Mohair \/ 28% Silk \u2013 420m \/ 50g, 2 skeins = 1 bundle)<\/p>\n<\/li>\n<li class=\"\" data-start=\"1134\" data-end=\"1186\">\n<p class=\"\" data-start=\"1136\" data-end=\"1186\">Moonlight (80% Merino \/ 20% Lyocell \u2013 400m \/ 100g)<\/p>\n<\/li>\n<\/ul>\n<\/li>\n<\/ul>","protected":false},"featured_media":12156,"comment_status":"open","ping_status":"closed","template":"","meta":[],"product_brand":[636],"product_cat":[646],"product_tag":[],"class_list":{"0":"post-12146","1":"product","2":"type-product","3":"status-publish","4":"has-post-thumbnail","6":"product_brand-featherfin-yarn","7":"product_cat-mood-bundles","8":"product_shipping_class-yarn","10":"first","11":"outofstock","12":"sale","13":"shipping-taxable","14":"purchasable","15":"product-type-variable"},"jetpack_sharing_enabled":true,"_links":{"self":[{"href":"https:\/\/www.featherfinyarn.com\/de\/wp-json\/wp\/v2\/product\/12146","targetHints":{"allow":["GET"]}}],"collection":[{"href":"https:\/\/www.featherfinyarn.com\/de\/wp-json\/wp\/v2\/product"}],"about":[{"href":"https:\/\/www.featherfinyarn.com\/de\/wp-json\/wp\/v2\/types\/product"}],"replies":[{"embeddable":true,"href":"https:\/\/www.featherfinyarn.com\/de\/wp-json\/wp\/v2\/comments?post=12146"}],"wp:featuredmedia":[{"embeddable":true,"href":"https:\/\/www.featherfinyarn.com\/de\/wp-json\/wp\/v2\/media\/12156"}],"wp:attachment":[{"href":"https:\/\/www.featherfinyarn.com\/de\/wp-json\/wp\/v2\/media?parent=12146"}],"wp:term":[{"taxonomy":"product_brand","embeddable":true,"href":"https:\/\/www.featherfinyarn.com\/de\/wp-json\/wp\/v2\/product_brand?post=12146"},{"taxonomy":"product_cat","embeddable":true,"href":"https:\/\/www.featherfinyarn.com\/de\/wp-json\/wp\/v2\/product_cat?post=12146"},{"taxonomy":"product_tag","embeddable":true,"href":"https:\/\/www.featherfinyarn.com\/de\/wp-json\/wp\/v2\/product_tag?post=12146"}],"curies":[{"name":"wp","href":"https:\/\/api.w.org\/{rel}","templated":true}]}}