{"id":3309,"date":"2019-11-21T10:16:08","date_gmt":"2019-11-21T09:16:08","guid":{"rendered":"https:\/\/www.featherfinyarn.com\/?post_type=product&#038;p=3309"},"modified":"2025-12-02T10:07:26","modified_gmt":"2025-12-02T09:07:26","slug":"gift-card","status":"publish","type":"product","link":"https:\/\/www.featherfinyarn.com\/de\/shop\/gift-card\/","title":{"rendered":"Geschenkkarte"},"content":{"rendered":"<p><span class=\"mceItemHidden\">L\u00f6se diese Geschenkkarte hier ein im <\/span><a href=\"https:\/\/www.featherfinyarn.com\/de\/shop\/\"><span class=\"mceItemHidden\"><span class=\"hiddenSpellError\">Featherfin<\/span>\u00a0Wolle\u00a0<span class=\"hiddenSpellError\">Webshop<\/span><\/span><\/a>\u00a0oder in\u00a0<a href=\"http:\/\/featherfinyarn.etsy.com\/\" target=\"_blank\" rel=\"noopener\"><span class=\"mceItemHidden\"><span class=\"hiddenSpellError\">Featherfin<\/span>\u00a0Wolle\u00a0<span class=\"hiddenSpellError\">Etsy<\/span>\u00a0Shop.<\/span><\/a><span class=\"mceItemHidden\"> Auf der R\u00fcckseite der Geschenkkarte finden Sie die Anweisungen f\u00fcr jede Methode.<\/span><\/p>\n<p>Sende die sch\u00f6ne Geschenkkarte direkt an eine Freundin oder ein Familienmitglied. Keine Versandkosten. Und lasse sie\/ihn wissen, woher das Geschenk kommt, indem Du Dein Geschenk mit dem Feld \u201eVon\u201c oben personalisierst.<\/p>\n<p>Der Geschenkgutschein kann innerhalb der einj\u00e4hrigen G\u00fcltigkeitsdauer beliebig oft eingel\u00f6st werden, solange er noch \u00fcber Guthaben verf\u00fcgt. Die G\u00fcltigkeitsdauer beginnt mit dem Datum des Kaufs.<\/p>\n<div style=\"opacity: 0.75;\">Bitte beachte, dass die E-Mail mit der Bestellbest\u00e4tigung den Geschenkcode nicht enth\u00e4lt. Wenn der Code fr\u00fcher ben\u00f6tigt wird, als die Karte eintrifft, kontaktiere mich bitte unter <a href=\"mailto:belinda@featherfinyarn.com\">belinda@featherfinyarn.com<\/a>mit der Mailadresse, mit der die Karte bestellt wurde, und ich sende den Code direkt.<\/div>\n<div style=\"opacity: 0.75;\">Wenn diese Karte zusammen mit anderen Artikeln von unserer Website bestellt wird oder wenn Sie mehr als eine Geschenkkarte pro Bestellung bestellen, k\u00f6nnen Versandkosten anfallen. Au\u00dferdem werden alle Artikel einer Bestellung zusammen verschickt. Das bedeutet, dass die l\u00e4ngste Bearbeitungszeit der Artikel in Ihrem Warenkorb f\u00fcr die gesamte Bestellung gilt.<\/div>\n<p>&nbsp;<\/p>","protected":false},"excerpt":{"rendered":"<p>Ein besonderes \u00dcberraschungsgeschenk f\u00fcr Ihre Liebsten. Elegantes Design, personalisierbar und ein ganzes Jahr lang g\u00fcltig.<\/p>","protected":false},"featured_media":3310,"comment_status":"open","ping_status":"closed","template":"","meta":[],"product_brand":[],"product_cat":[512],"product_tag":[],"class_list":{"0":"post-3309","1":"product","2":"type-product","3":"status-publish","4":"has-post-thumbnail","6":"product_cat-gift-cards","8":"first","9":"instock","10":"shipping-taxable","11":"purchasable","12":"product-type-variable"},"jetpack_sharing_enabled":true,"_links":{"self":[{"href":"https:\/\/www.featherfinyarn.com\/de\/wp-json\/wp\/v2\/product\/3309","targetHints":{"allow":["GET"]}}],"collection":[{"href":"https:\/\/www.featherfinyarn.com\/de\/wp-json\/wp\/v2\/product"}],"about":[{"href":"https:\/\/www.featherfinyarn.com\/de\/wp-json\/wp\/v2\/types\/product"}],"replies":[{"embeddable":true,"href":"https:\/\/www.featherfinyarn.com\/de\/wp-json\/wp\/v2\/comments?post=3309"}],"wp:featuredmedia":[{"embeddable":true,"href":"https:\/\/www.featherfinyarn.com\/de\/wp-json\/wp\/v2\/media\/3310"}],"wp:attachment":[{"href":"https:\/\/www.featherfinyarn.com\/de\/wp-json\/wp\/v2\/media?parent=3309"}],"wp:term":[{"taxonomy":"product_brand","embeddable":true,"href":"https:\/\/www.featherfinyarn.com\/de\/wp-json\/wp\/v2\/product_brand?post=3309"},{"taxonomy":"product_cat","embeddable":true,"href":"https:\/\/www.featherfinyarn.com\/de\/wp-json\/wp\/v2\/product_cat?post=3309"},{"taxonomy":"product_tag","embeddable":true,"href":"https:\/\/www.featherfinyarn.com\/de\/wp-json\/wp\/v2\/product_tag?post=3309"}],"curies":[{"name":"wp","href":"https:\/\/api.w.org\/{rel}","templated":true}]}}