{"id":882,"date":"2019-10-14T16:32:35","date_gmt":"2019-10-14T14:32:35","guid":{"rendered":"https:\/\/www.featherfinyarn.com\/?post_type=product&#038;p=882"},"modified":"2025-12-16T15:23:49","modified_gmt":"2025-12-16T14:23:49","slug":"soft-silky","status":"publish","type":"product","link":"https:\/\/www.featherfinyarn.com\/de\/shop\/soft-silky\/","title":{"rendered":"Soft &#038; Silky (DTO)"},"content":{"rendered":"<p>Das Garn Soft &amp; Silky macht seinem Namen alle Ehre: Es f\u00fchlt sich luxuri\u00f6s an und hat eine seidenweiche Textur. Dieses DK-Garn wird aus einer Mischung aus Maulbeerseide und feiner australischer Merinowolle hergestellt und eignet sich perfekt f\u00fcr Kleidungsst\u00fccke und Accessoires, die sich flie\u00dfend um den K\u00f6rper legen. Die Seide verleiht dem Garn einen gl\u00e4nzenden Schimmer, w\u00e4hrend die Merinowolle f\u00fcr Isolierung und Atmungsaktivit\u00e4t sorgt. Au\u00dferdem wird das Garn von Hand gef\u00e4rbt, wodurch subtile Farbvariationen entstehen und jeder Strang zu einem echten Unikat wird.<\/p>\n<p>&nbsp;<\/p>\n<div style=\"font-size: 0.8em;\">\n<h4>Pflegehinweise<\/h4>\n<ul>\n<li>Handw\u00e4sche empfohlen, aber Schon-\/Wollwaschgang (max. 40\u00b0C) ist m\u00f6glich<\/li>\n<li>Dunklere Farben k\u00f6nnen bei der ersten W\u00e4sche etwas ausbluten.<\/li>\n<li>Liegend trocknen lassen<\/li>\n<\/ul>\n<h4>Herkunftsland<\/h4>\n<ul>\n<li>Handgef\u00e4rbt in Deutschland<\/li>\n<li>Gesponnen in der Tschechischen Republik<\/li>\n<li>Australische Merinofasern: mulesingfrei und superwash behandelt<\/li>\n<\/ul>\n<h4>Mehr Informationen<\/h4>\n<ul>\n<li>Gef\u00e4rbt in Strangform (gro\u00dfe Garnschlingen). Zu einem Kn\u00e4uel aufwickeln, um zu stricken\/h\u00e4keln\/weben.<\/li>\n<li>Die Merinowolle wird als \u201eSchurwolle\u201c gekennzeichnet, wie es die EU-Verordnung \u00fcber die Kennzeichnung von nicht recycelter Schafschurwolle vorschreibt.<\/li>\n<li>Each hand dyed skein is different. Skeins of a batch are the most similar, so try to get enough for your project or pre-order the amount you need.<\/li>\n<li>Je nach Monitoreinstellung k\u00f6nnen die Farben unterschiedlich dargestellt werden.<\/li>\n<\/ul>\n<\/div>","protected":false},"excerpt":{"rendered":"<p class=\"lead\"><strong>Inhalt:<\/strong> 80% Schurwolle (Merino), 20% Seide<br \/>\n<strong>L\u00e4nge:<\/strong> 230m<br \/>\n<strong>Gewicht:<\/strong> 100g<br \/>\n<strong>Maschenprobe:<\/strong> 21 M. pro 10 cm, DK<br \/>\n<strong>Empfohlene Stricknadeln:<\/strong> 4-5mm<\/p>\n<p>&nbsp;<\/p>\n<p class=\"lead uppercase thin-font\">Str\u00e4nge werden auf Bestellung gef\u00e4rbt (DTO)<\/p>","protected":false},"featured_media":9081,"comment_status":"open","ping_status":"closed","template":"","meta":[],"product_brand":[],"product_cat":[506],"product_tag":[],"class_list":{"0":"post-882","1":"product","2":"type-product","3":"status-publish","4":"has-post-thumbnail","6":"product_cat-soft-silky","7":"product_shipping_class-yarn","9":"first","10":"outofstock","11":"shipping-taxable","12":"purchasable","13":"product-type-variable","14":"has-default-attributes"},"jetpack_sharing_enabled":true,"_links":{"self":[{"href":"https:\/\/www.featherfinyarn.com\/de\/wp-json\/wp\/v2\/product\/882","targetHints":{"allow":["GET"]}}],"collection":[{"href":"https:\/\/www.featherfinyarn.com\/de\/wp-json\/wp\/v2\/product"}],"about":[{"href":"https:\/\/www.featherfinyarn.com\/de\/wp-json\/wp\/v2\/types\/product"}],"replies":[{"embeddable":true,"href":"https:\/\/www.featherfinyarn.com\/de\/wp-json\/wp\/v2\/comments?post=882"}],"wp:featuredmedia":[{"embeddable":true,"href":"https:\/\/www.featherfinyarn.com\/de\/wp-json\/wp\/v2\/media\/9081"}],"wp:attachment":[{"href":"https:\/\/www.featherfinyarn.com\/de\/wp-json\/wp\/v2\/media?parent=882"}],"wp:term":[{"taxonomy":"product_brand","embeddable":true,"href":"https:\/\/www.featherfinyarn.com\/de\/wp-json\/wp\/v2\/product_brand?post=882"},{"taxonomy":"product_cat","embeddable":true,"href":"https:\/\/www.featherfinyarn.com\/de\/wp-json\/wp\/v2\/product_cat?post=882"},{"taxonomy":"product_tag","embeddable":true,"href":"https:\/\/www.featherfinyarn.com\/de\/wp-json\/wp\/v2\/product_tag?post=882"}],"curies":[{"name":"wp","href":"https:\/\/api.w.org\/{rel}","templated":true}]}}