{"id":9570,"date":"2022-11-04T16:40:18","date_gmt":"2022-11-04T15:40:18","guid":{"rendered":"https:\/\/www.featherfinyarn.com\/?post_type=product&#038;p=9570"},"modified":"2025-12-15T18:33:37","modified_gmt":"2025-12-15T17:33:37","slug":"moonlight-dto","status":"publish","type":"product","link":"https:\/\/www.featherfinyarn.com\/de\/shop\/moonlight-dto\/","title":{"rendered":"Moonlight (DTO)"},"content":{"rendered":"<p>Moonlight mischt eine der nachhaltigsten Zellulosefasern, TENCEL\u2122 Lyocell, mit hochwertiger, mulesingfreier Merinowolle. Kreiere daraus elegante St\u00fccke mit einem \u00e4therischen Silberschimmer.<\/p>\n<p>&nbsp;<\/p>\n<div style=\"font-size: 0.8em;\">\n<h4>Pflegehinweise<\/h4>\n<ul>\n<li>Handw\u00e4sche empfohlen, aber Schon-\/Wollwaschgang (max. 30\u00b0C) ist m\u00f6glich<\/li>\n<li>Dunklere Farben k\u00f6nnen bei der ersten W\u00e4sche etwas ausbluten.<\/li>\n<li>Liegend trocknen lassen<\/li>\n<\/ul>\n<h4>Herkunftsland<\/h4>\n<ul>\n<li>Handgef\u00e4rbt in Deutschland<\/li>\n<li>Merinofasern (mulesingfrei und superwash behandelt) aus Argentinien, Uruguay und Europa<\/li>\n<li>TENCEL\u2122 Lyocell hergestellt von LENZING\u2122 in \u00d6sterreich<\/li>\n<\/ul>\n<h4>Mehr Informationen<\/h4>\n<ul>\n<li>Gef\u00e4rbt in Strangform (gro\u00dfe Garnschlingen). Zu einem Kn\u00e4uel aufwickeln, um zu stricken\/h\u00e4keln\/weben.<\/li>\n<li>Die Merinowolle wird als \u201eSchurwolle\u201c gekennzeichnet, wie es die EU-Verordnung \u00fcber die Kennzeichnung von nicht recycelter Schafschurwolle vorschreibt.<\/li>\n<li>Each hand dyed skein is different. Skeins of a batch are the most similar, so try to get enough for your project or pre-order the amount you need.<\/li>\n<li>Je nach Monitoreinstellung k\u00f6nnen die Farben unterschiedlich dargestellt werden.<\/li>\n<\/ul>\n<\/div>","protected":false},"excerpt":{"rendered":"<p class=\"lead\"><strong>Inhalt:<\/strong> 50% Schurwolle (Merino), 50% Lyocell<br \/>\n<strong>L\u00e4nge:<\/strong> 800m<br \/>\n<strong>Gewicht:<\/strong> 100g<br \/>\n<strong>Maschenprobe:<\/strong> 44 M. pro 10 cm, Lace<br \/>\n<strong>Empfohlene Stricknadeln:<\/strong> 1,5-2,5 mm<\/p>\n<p>&nbsp;<\/p>\n<p class=\"lead uppercase thin-font\">Str\u00e4nge werden auf Bestellung gef\u00e4rbt (DTO)<\/p>","protected":false},"featured_media":9842,"comment_status":"open","ping_status":"closed","template":"","meta":[],"product_brand":[],"product_cat":[539],"product_tag":[],"class_list":{"0":"post-9570","1":"product","2":"type-product","3":"status-publish","4":"has-post-thumbnail","6":"product_cat-moonlight-lace","7":"product_shipping_class-yarn","9":"first","10":"outofstock","11":"shipping-taxable","12":"purchasable","13":"product-type-variable","14":"has-default-attributes"},"jetpack_sharing_enabled":true,"_links":{"self":[{"href":"https:\/\/www.featherfinyarn.com\/de\/wp-json\/wp\/v2\/product\/9570","targetHints":{"allow":["GET"]}}],"collection":[{"href":"https:\/\/www.featherfinyarn.com\/de\/wp-json\/wp\/v2\/product"}],"about":[{"href":"https:\/\/www.featherfinyarn.com\/de\/wp-json\/wp\/v2\/types\/product"}],"replies":[{"embeddable":true,"href":"https:\/\/www.featherfinyarn.com\/de\/wp-json\/wp\/v2\/comments?post=9570"}],"wp:featuredmedia":[{"embeddable":true,"href":"https:\/\/www.featherfinyarn.com\/de\/wp-json\/wp\/v2\/media\/9842"}],"wp:attachment":[{"href":"https:\/\/www.featherfinyarn.com\/de\/wp-json\/wp\/v2\/media?parent=9570"}],"wp:term":[{"taxonomy":"product_brand","embeddable":true,"href":"https:\/\/www.featherfinyarn.com\/de\/wp-json\/wp\/v2\/product_brand?post=9570"},{"taxonomy":"product_cat","embeddable":true,"href":"https:\/\/www.featherfinyarn.com\/de\/wp-json\/wp\/v2\/product_cat?post=9570"},{"taxonomy":"product_tag","embeddable":true,"href":"https:\/\/www.featherfinyarn.com\/de\/wp-json\/wp\/v2\/product_tag?post=9570"}],"curies":[{"name":"wp","href":"https:\/\/api.w.org\/{rel}","templated":true}]}}