{"id":9604,"date":"2022-11-07T14:32:22","date_gmt":"2022-11-07T13:32:22","guid":{"rendered":"https:\/\/www.featherfinyarn.com\/?post_type=product&#038;p=9604"},"modified":"2025-12-11T10:32:39","modified_gmt":"2025-12-11T09:32:39","slug":"calligraphy-dto","status":"publish","type":"product","link":"https:\/\/www.featherfinyarn.com\/de\/shop\/calligraphy-dto\/","title":{"rendered":"Calligraphy (DTO)"},"content":{"rendered":"<p>Stricken mit Calligraphy ist wie einen bunten Brief zu schreiben. Schwarze Linien ziehen sich durch die weiche, mulesingfreie Merino und harmonieren perfekt mit dem semi-solid gef\u00e4rbten Muster. Ideal f\u00fcr Stockinette und einfache Muster.<\/p>\n<div style=\"font-size: 0.8em;\">\n<h4>Pflegehinweise<\/h4>\n<ul>\n<li>Handw\u00e4sche empfohlen, aber Schon-\/Wollwaschgang (max. 30\u00b0C) ist m\u00f6glich<\/li>\n<li>Dunklere Farben k\u00f6nnen bei der ersten W\u00e4sche etwas ausbluten.<\/li>\n<li>Liegend trocknen lassen<\/li>\n<\/ul>\n<h4>Herkunftsland<\/h4>\n<ul>\n<li>Handgef\u00e4rbt in Deutschland<\/li>\n<li>Merinofasern (mulesingfrei und superwash behandelt) aus Argentinien, Uruguay und Europa<\/li>\n<\/ul>\n<h4>Mehr Informationen<\/h4>\n<ul>\n<li>Gef\u00e4rbt in Strangform (gro\u00dfe Garnschlingen). Zu einem Kn\u00e4uel aufwickeln, um zu stricken\/h\u00e4keln\/weben.<\/li>\n<li>Die Merinowolle wird als \u201eSchurwolle\u201c gekennzeichnet, wie es die EU-Verordnung \u00fcber die Kennzeichnung von nicht recycelter Schafschurwolle vorschreibt.<\/li>\n<li>Each hand dyed skein is different. Skeins of a batch are the most similar, so try to get enough for your project or pre-order the amount you need.<\/li>\n<li>Je nach Monitoreinstellung k\u00f6nnen die Farben unterschiedlich dargestellt werden.<\/li>\n<\/ul>\n<\/div>","protected":false},"excerpt":{"rendered":"<p class=\"lead\"><strong>Inhalt:<\/strong> 100% Schurwolle (Merino)<br \/>\n<strong>L\u00e4nge:<\/strong> 400m<br \/>\n<strong>Gewicht:<\/strong> 100g<br \/>\n<strong>Maschenprobe:<\/strong> 35 M. pro 10 cm, Fingering<br \/>\n<strong>Empfohlene Stricknadeln:<\/strong> 2,5-3,5 mm<\/p>\n<p>&nbsp;<\/p>\n<p class=\"lead uppercase thin-font\">Str\u00e4nge werden auf Bestellung gef\u00e4rbt (DTO)<\/p>","protected":false},"featured_media":10937,"comment_status":"open","ping_status":"closed","template":"","meta":[],"product_brand":[],"product_cat":[540],"product_tag":[],"class_list":{"0":"post-9604","1":"product","2":"type-product","3":"status-publish","4":"has-post-thumbnail","6":"product_cat-calligraphy","7":"product_shipping_class-yarn","9":"first","10":"outofstock","11":"shipping-taxable","12":"purchasable","13":"product-type-variable","14":"has-default-attributes"},"jetpack_sharing_enabled":true,"_links":{"self":[{"href":"https:\/\/www.featherfinyarn.com\/de\/wp-json\/wp\/v2\/product\/9604","targetHints":{"allow":["GET"]}}],"collection":[{"href":"https:\/\/www.featherfinyarn.com\/de\/wp-json\/wp\/v2\/product"}],"about":[{"href":"https:\/\/www.featherfinyarn.com\/de\/wp-json\/wp\/v2\/types\/product"}],"replies":[{"embeddable":true,"href":"https:\/\/www.featherfinyarn.com\/de\/wp-json\/wp\/v2\/comments?post=9604"}],"wp:featuredmedia":[{"embeddable":true,"href":"https:\/\/www.featherfinyarn.com\/de\/wp-json\/wp\/v2\/media\/10937"}],"wp:attachment":[{"href":"https:\/\/www.featherfinyarn.com\/de\/wp-json\/wp\/v2\/media?parent=9604"}],"wp:term":[{"taxonomy":"product_brand","embeddable":true,"href":"https:\/\/www.featherfinyarn.com\/de\/wp-json\/wp\/v2\/product_brand?post=9604"},{"taxonomy":"product_cat","embeddable":true,"href":"https:\/\/www.featherfinyarn.com\/de\/wp-json\/wp\/v2\/product_cat?post=9604"},{"taxonomy":"product_tag","embeddable":true,"href":"https:\/\/www.featherfinyarn.com\/de\/wp-json\/wp\/v2\/product_tag?post=9604"}],"curies":[{"name":"wp","href":"https:\/\/api.w.org\/{rel}","templated":true}]}}